{"id":87,"date":"2022-06-09T17:33:46","date_gmt":"2022-06-09T17:33:46","guid":{"rendered":"http:\/\/sexducacion.com\/?page_id=87"},"modified":"2024-11-27T11:09:37","modified_gmt":"2024-11-27T11:09:37","slug":"otras-dificultades","status":"publish","type":"page","link":"https:\/\/sexducacion.com\/cat\/otras-dificultades\/","title":{"rendered":"Altres dificultats"},"content":{"rendered":"<div data-elementor-type=\"wp-page\" data-elementor-id=\"87\" class=\"elementor elementor-87\" data-elementor-post-type=\"page\">\n\t\t\t\t\t\t<section class=\"elementor-section elementor-top-section elementor-element elementor-element-72f934a elementor-section-height-min-height elementor-section-boxed elementor-section-height-default elementor-section-items-middle\" data-id=\"72f934a\" data-element_type=\"section\" data-e-type=\"section\" data-settings=\"{&quot;background_background&quot;:&quot;classic&quot;}\">\n\t\t\t\t\t\t<div class=\"elementor-container elementor-column-gap-default\">\n\t\t\t\t\t<div class=\"elementor-column elementor-col-100 elementor-top-column elementor-element elementor-element-40702f3\" data-id=\"40702f3\" data-element_type=\"column\" data-e-type=\"column\">\n\t\t\t<div class=\"elementor-widget-wrap elementor-element-populated\">\n\t\t\t\t\t\t<div class=\"elementor-element elementor-element-e2a615a elementor-widget elementor-widget-heading\" data-id=\"e2a615a\" data-element_type=\"widget\" data-e-type=\"widget\" data-widget_type=\"heading.default\">\n\t\t\t\t<div class=\"elementor-widget-container\">\n\t\t\t\t\t<h1 class=\"elementor-heading-title elementor-size-default\">Altres dificultats sexuals<\/h1>\t\t\t\t<\/div>\n\t\t\t\t<\/div>\n\t\t\t\t<div class=\"elementor-element elementor-element-8c06485 elementor-widget elementor-widget-text-editor\" data-id=\"8c06485\" data-element_type=\"widget\" data-e-type=\"widget\" data-widget_type=\"text-editor.default\">\n\t\t\t\t<div class=\"elementor-widget-container\">\n\t\t\t\t\t\t\t\t\t<p>Des de Sexducacion assessorem per a tot tipus de dificultats sexuals.<\/p>\t\t\t\t\t\t\t\t<\/div>\n\t\t\t\t<\/div>\n\t\t\t\t\t<\/div>\n\t\t<\/div>\n\t\t\t\t\t<\/div>\n\t\t<\/section>\n\t\t\t\t<section class=\"elementor-section elementor-top-section elementor-element elementor-element-e26d9ac elementor-section-boxed elementor-section-height-default elementor-section-height-default\" data-id=\"e26d9ac\" data-element_type=\"section\" data-e-type=\"section\">\n\t\t\t\t\t\t<div class=\"elementor-container elementor-column-gap-default\">\n\t\t\t\t\t<div class=\"elementor-column elementor-col-100 elementor-top-column elementor-element elementor-element-a607829\" data-id=\"a607829\" data-element_type=\"column\" data-e-type=\"column\">\n\t\t\t<div class=\"elementor-widget-wrap elementor-element-populated\">\n\t\t\t\t\t\t<div class=\"elementor-element elementor-element-bbd8e5f elementor-widget elementor-widget-text-editor\" data-id=\"bbd8e5f\" data-element_type=\"widget\" data-e-type=\"widget\" data-widget_type=\"text-editor.default\">\n\t\t\t\t<div class=\"elementor-widget-container\">\n\t\t\t\t\t\t\t\t\t<p>A m\u00e9s de les\u00a0<strong>dificultats sexuals esmentades<\/strong>, des de Sexducacion oferim tamb\u00e9 assessorament sexol\u00f2gic per a les seg\u00fcents situacions:<\/p><ul><li>Dificultat per afrontar la\u00a0<strong>educaci\u00f3 sexual de filles i fills.\u00a0<\/strong><\/li><\/ul><ul><li>Dificultats per afrontar la<strong>\u00a0menopausa<\/strong>\u00a0i les relacions sexuals.<\/li><\/ul><ul><li>Dificultat per acceptar i parlar sobre la\u00a0<strong>sexualitat de les persones amb diversitat funcional.<\/strong><\/li><\/ul><ul><li>Dificultats relacionades amb\u00a0<strong>abusos sexuals.<\/strong><\/li><\/ul><ul><li>Dificultats amb la <strong>autoimatge corporal i sexual.<\/strong><\/li><\/ul><ul><li>Dificultats amb la\u00a0<strong>identitat sexual<\/strong>: transsexualitat.<\/li><\/ul><ul><li>Orientaci\u00f3, assessorament i suport a persones immerses en\u00a0<strong>relacions de viol\u00e8ncia i maltractament.<\/strong><\/li><\/ul><ul><li>Dificultats per reprendre les trobades er\u00f2tiques despr\u00e9s d'una\u00a0<strong>p\u00e8rdua, ruptura, mort, naixement de criatura\u2026<\/strong>\u00a0<\/li><\/ul><ul><li>Assessorament en crisi de parella:\u00a0<strong>gelosia, infidelitat, terceres persones\u2026<\/strong><\/li><\/ul><ul><li>Dificultats per gustos sexuals poc freq\u00fcents i acceptats\u00a0<strong>(paraf\u00edlies).<\/strong><\/li><\/ul>\t\t\t\t\t\t\t\t<\/div>\n\t\t\t\t<\/div>\n\t\t\t\t\t<\/div>\n\t\t<\/div>\n\t\t\t\t\t<\/div>\n\t\t<\/section>\n\t\t\t\t<section class=\"elementor-section elementor-top-section elementor-element elementor-element-4b98711 elementor-section-boxed elementor-section-height-default elementor-section-height-default\" data-id=\"4b98711\" data-element_type=\"section\" data-e-type=\"section\">\n\t\t\t\t\t\t<div class=\"elementor-container elementor-column-gap-default\">\n\t\t\t\t\t<div class=\"elementor-column elementor-col-100 elementor-top-column elementor-element elementor-element-38f7655\" data-id=\"38f7655\" data-element_type=\"column\" data-e-type=\"column\">\n\t\t\t<div class=\"elementor-widget-wrap elementor-element-populated\">\n\t\t\t\t\t\t<div class=\"elementor-element elementor-element-7674b80 elementor-widget elementor-widget-heading\" data-id=\"7674b80\" data-element_type=\"widget\" data-e-type=\"widget\" data-widget_type=\"heading.default\">\n\t\t\t\t<div class=\"elementor-widget-container\">\n\t\t\t\t\t<h3 class=\"elementor-heading-title elementor-size-default\">Podem ajudar-te<\/h3>\t\t\t\t<\/div>\n\t\t\t\t<\/div>\n\t\t\t\t<div class=\"elementor-element elementor-element-75eecc7 elementor-widget elementor-widget-text-editor\" data-id=\"75eecc7\" data-element_type=\"widget\" data-e-type=\"widget\" data-widget_type=\"text-editor.default\">\n\t\t\t\t<div class=\"elementor-widget-container\">\n\t\t\t\t\t\t\t\t\t<p>A trav\u00e9s de l'assessorament sexol\u00f2gic et podem ajudar a trobar la manera de millorar la teva vida sexual tant si vius en parella com si no.\u00a0<\/p><p>Tamb\u00e9 podem assessorar-te si est\u00e0s patint maltractament o si no saps com afrontar l'educaci\u00f3 sexual de les teves filles i fills. Per saber en qu\u00e8 consisteix l'assessorament sexol\u00f2gic, fes clic aqu\u00ed <a title=\"CONSULTA SEXOL\u00d3GICA\" href=\"https:\/\/sexducacion.com\/cat\/consultas\/\">consulta sexol\u00f2gica<\/a>.<\/p><p>Si resides a <strong>Madrid o Barcelona<\/strong> pots concertar una cita per email a <strong><a href=\"mailto:sexducacion@sexducacion.com\">sexducacion@sexducacion.com<\/a><\/strong>. Si no vius a cap d'aquestes ciutats, <strong>t'atenem de manera online<\/strong>. Les intervencions en l\u00ednia tenen una metodologia i una efic\u00e0cia similar a les intervencions en persona.<\/p>\t\t\t\t\t\t\t\t<\/div>\n\t\t\t\t<\/div>\n\t\t\t\t\t<\/div>\n\t\t<\/div>\n\t\t\t\t\t<\/div>\n\t\t<\/section>\n\t\t\t\t<section class=\"elementor-section elementor-top-section elementor-element elementor-element-87aa6d0 elementor-section-boxed elementor-section-height-default elementor-section-height-default\" data-id=\"87aa6d0\" data-element_type=\"section\" data-e-type=\"section\">\n\t\t\t\t\t\t<div class=\"elementor-container elementor-column-gap-default\">\n\t\t\t\t\t<div class=\"elementor-column elementor-col-100 elementor-top-column elementor-element elementor-element-afa7880\" data-id=\"afa7880\" data-element_type=\"column\" data-e-type=\"column\">\n\t\t\t<div class=\"elementor-widget-wrap elementor-element-populated\">\n\t\t\t\t\t\t<div class=\"elementor-element elementor-element-49782ac elementor-widget elementor-widget-image\" data-id=\"49782ac\" data-element_type=\"widget\" data-e-type=\"widget\" data-widget_type=\"image.default\">\n\t\t\t\t<div class=\"elementor-widget-container\">\n\t\t\t\t\t\t\t\t\t\t\t\t\t\t\t<img fetchpriority=\"high\" decoding=\"async\" width=\"850\" height=\"564\" src=\"https:\/\/sexducacion.com\/wp-content\/uploads\/2022\/07\/otras-diicultades.jpeg\" class=\"attachment-large size-large wp-image-12940\" alt=\"\" srcset=\"https:\/\/sexducacion.com\/wp-content\/uploads\/2022\/07\/otras-diicultades.jpeg 850w, https:\/\/sexducacion.com\/wp-content\/uploads\/2022\/07\/otras-diicultades-300x199.jpeg 300w, https:\/\/sexducacion.com\/wp-content\/uploads\/2022\/07\/otras-diicultades-768x510.jpeg 768w, https:\/\/sexducacion.com\/wp-content\/uploads\/2022\/07\/otras-diicultades-18x12.jpeg 18w\" sizes=\"(max-width: 850px) 100vw, 850px\" \/>\t\t\t\t\t\t\t\t\t\t\t\t\t\t\t<\/div>\n\t\t\t\t<\/div>\n\t\t\t\t\t<\/div>\n\t\t<\/div>\n\t\t\t\t\t<\/div>\n\t\t<\/section>\n\t\t\t\t<section class=\"elementor-section elementor-top-section elementor-element elementor-element-4981ef5 elementor-section-boxed elementor-section-height-default elementor-section-height-default\" data-id=\"4981ef5\" data-element_type=\"section\" data-e-type=\"section\">\n\t\t\t\t\t\t<div class=\"elementor-container elementor-column-gap-default\">\n\t\t\t\t\t<div class=\"elementor-column elementor-col-100 elementor-top-column elementor-element elementor-element-e2d0463\" data-id=\"e2d0463\" data-element_type=\"column\" data-e-type=\"column\">\n\t\t\t<div class=\"elementor-widget-wrap elementor-element-populated\">\n\t\t\t\t\t\t<div class=\"elementor-element elementor-element-ea28748 elementor-widget elementor-widget-heading\" data-id=\"ea28748\" data-element_type=\"widget\" data-e-type=\"widget\" data-widget_type=\"heading.default\">\n\t\t\t\t<div class=\"elementor-widget-container\">\n\t\t\t\t\t<h3 class=\"elementor-heading-title elementor-size-default\">Tens alguna pregunta? Vols sol\u00b7licitar una cita?<\/h3>\t\t\t\t<\/div>\n\t\t\t\t<\/div>\n\t\t\t\t<div class=\"elementor-element elementor-element-1923962 elementor-align-center elementor-widget elementor-widget-button\" data-id=\"1923962\" data-element_type=\"widget\" data-e-type=\"widget\" data-widget_type=\"button.default\">\n\t\t\t\t<div class=\"elementor-widget-container\">\n\t\t\t\t\t\t\t\t\t<div class=\"elementor-button-wrapper\">\n\t\t\t\t\t<a class=\"elementor-button elementor-button-link elementor-size-sm\" href=\"https:\/\/sexducacion.com\/cat\/contacto\/\">\n\t\t\t\t\t\t<span class=\"elementor-button-content-wrapper\">\n\t\t\t\t\t\t\t\t\t<span class=\"elementor-button-text\">Contacta aqu\u00ed<\/span>\n\t\t\t\t\t<\/span>\n\t\t\t\t\t<\/a>\n\t\t\t\t<\/div>\n\t\t\t\t\t\t\t\t<\/div>\n\t\t\t\t<\/div>\n\t\t\t\t\t<\/div>\n\t\t<\/div>\n\t\t\t\t\t<\/div>\n\t\t<\/section>\n\t\t\t\t<\/div>","protected":false},"excerpt":{"rendered":"<p>Otras dificultades sexuales Desde Sexducacion asesoramos para todo tipo de dificultades sexuales. Adem\u00e1s de las\u00a0dificultades sexuales mencionadas, desde Sexducacion ofrecemos tambi\u00e9n asesoramiento sexol\u00f3gico\u00a0 para las siguientes situaciones: Dificultad para afrontar la\u00a0educaci\u00f3n sexual de hijas e hijos.\u00a0 Dificultades para afrontar la\u00a0menopausia\u00a0y las relaciones sexuales. Dificultad para aceptar y hablar sobre la\u00a0sexualidad de las personas con diversidad [&hellip;]<\/p>\n","protected":false},"author":1,"featured_media":0,"parent":0,"menu_order":0,"comment_status":"closed","ping_status":"closed","template":"","meta":{"_acf_changed":false,"site-sidebar-layout":"no-sidebar","site-content-layout":"page-builder","ast-site-content-layout":"default","site-content-style":"default","site-sidebar-style":"default","ast-global-header-display":"","ast-banner-title-visibility":"","ast-main-header-display":"","ast-hfb-above-header-display":"","ast-hfb-below-header-display":"","ast-hfb-mobile-header-display":"","site-post-title":"disabled","ast-breadcrumbs-content":"","ast-featured-img":"disabled","footer-sml-layout":"","ast-disable-related-posts":"","theme-transparent-header-meta":"","adv-header-id-meta":"","stick-header-meta":"","header-above-stick-meta":"","header-main-stick-meta":"","header-below-stick-meta":"","astra-migrate-meta-layouts":"default","ast-page-background-enabled":"default","ast-page-background-meta":{"desktop":{"background-color":"var(--ast-global-color-4)","background-image":"","background-repeat":"repeat","background-position":"center center","background-size":"auto","background-attachment":"scroll","background-type":"","background-media":"","overlay-type":"","overlay-color":"","overlay-opacity":"","overlay-gradient":""},"tablet":{"background-color":"","background-image":"","background-repeat":"repeat","background-position":"center center","background-size":"auto","background-attachment":"scroll","background-type":"","background-media":"","overlay-type":"","overlay-color":"","overlay-opacity":"","overlay-gradient":""},"mobile":{"background-color":"","background-image":"","background-repeat":"repeat","background-position":"center center","background-size":"auto","background-attachment":"scroll","background-type":"","background-media":"","overlay-type":"","overlay-color":"","overlay-opacity":"","overlay-gradient":""}},"ast-content-background-meta":{"desktop":{"background-color":"var(--ast-global-color-5)","background-image":"","background-repeat":"repeat","background-position":"center center","background-size":"auto","background-attachment":"scroll","background-type":"","background-media":"","overlay-type":"","overlay-color":"","overlay-opacity":"","overlay-gradient":""},"tablet":{"background-color":"var(--ast-global-color-5)","background-image":"","background-repeat":"repeat","background-position":"center center","background-size":"auto","background-attachment":"scroll","background-type":"","background-media":"","overlay-type":"","overlay-color":"","overlay-opacity":"","overlay-gradient":""},"mobile":{"background-color":"var(--ast-global-color-5)","background-image":"","background-repeat":"repeat","background-position":"center center","background-size":"auto","background-attachment":"scroll","background-type":"","background-media":"","overlay-type":"","overlay-color":"","overlay-opacity":"","overlay-gradient":""}},"footnotes":""},"class_list":["post-87","page","type-page","status-publish","hentry"],"acf":[],"yoast_head":"<!-- This site is optimized with the Yoast SEO plugin v27.3 - https:\/\/yoast.com\/product\/yoast-seo-wordpress\/ -->\n<title>Otras dificultades | Sexducacion<\/title>\n<meta name=\"description\" content=\"Abusos sexuales, sexualidad de las personas con diversidad funcional, identidad sexual, violencia y maltrato son otros temas que tambi\u00e9n tratamos.\" \/>\n<meta name=\"robots\" content=\"index, follow, max-snippet:-1, max-image-preview:large, max-video-preview:-1\" \/>\n<link rel=\"canonical\" href=\"https:\/\/sexducacion.com\/cat\/otras-dificultades\/\" \/>\n<meta property=\"og:locale\" content=\"ca_ES\" \/>\n<meta property=\"og:type\" content=\"article\" \/>\n<meta property=\"og:title\" content=\"Otras dificultades | Sexducacion\" \/>\n<meta property=\"og:description\" content=\"Abusos sexuales, sexualidad de las personas con diversidad funcional, identidad sexual, violencia y maltrato son otros temas que tambi\u00e9n tratamos.\" \/>\n<meta property=\"og:url\" content=\"https:\/\/sexducacion.com\/cat\/otras-dificultades\/\" \/>\n<meta property=\"og:site_name\" content=\"Sexducacion\" \/>\n<meta property=\"article:modified_time\" content=\"2024-11-27T11:09:37+00:00\" \/>\n<meta property=\"og:image\" content=\"https:\/\/sexducacion.com\/wp-content\/uploads\/2022\/07\/otras-diicultades.jpeg\" \/>\n\t<meta property=\"og:image:width\" content=\"850\" \/>\n\t<meta property=\"og:image:height\" content=\"564\" \/>\n\t<meta property=\"og:image:type\" content=\"image\/jpeg\" \/>\n<meta name=\"twitter:card\" content=\"summary_large_image\" \/>\n<meta name=\"twitter:label1\" content=\"Temps estimat de lectura\" \/>\n\t<meta name=\"twitter:data1\" content=\"2 minuts\" \/>\n<script type=\"application\/ld+json\" class=\"yoast-schema-graph\">{\"@context\":\"https:\\\/\\\/schema.org\",\"@graph\":[{\"@type\":\"WebPage\",\"@id\":\"https:\\\/\\\/sexducacion.com\\\/otras-dificultades\\\/\",\"url\":\"https:\\\/\\\/sexducacion.com\\\/otras-dificultades\\\/\",\"name\":\"Otras dificultades | Sexducacion\",\"isPartOf\":{\"@id\":\"https:\\\/\\\/sexducacion.com\\\/#website\"},\"primaryImageOfPage\":{\"@id\":\"https:\\\/\\\/sexducacion.com\\\/otras-dificultades\\\/#primaryimage\"},\"image\":{\"@id\":\"https:\\\/\\\/sexducacion.com\\\/otras-dificultades\\\/#primaryimage\"},\"thumbnailUrl\":\"https:\\\/\\\/sexducacion.com\\\/wp-content\\\/uploads\\\/2022\\\/07\\\/otras-diicultades.jpeg\",\"datePublished\":\"2022-06-09T17:33:46+00:00\",\"dateModified\":\"2024-11-27T11:09:37+00:00\",\"description\":\"Abusos sexuales, sexualidad de las personas con diversidad funcional, identidad sexual, violencia y maltrato son otros temas que tambi\u00e9n tratamos.\",\"breadcrumb\":{\"@id\":\"https:\\\/\\\/sexducacion.com\\\/otras-dificultades\\\/#breadcrumb\"},\"inLanguage\":\"ca\",\"potentialAction\":[{\"@type\":\"ReadAction\",\"target\":[\"https:\\\/\\\/sexducacion.com\\\/otras-dificultades\\\/\"]}]},{\"@type\":\"ImageObject\",\"inLanguage\":\"ca\",\"@id\":\"https:\\\/\\\/sexducacion.com\\\/otras-dificultades\\\/#primaryimage\",\"url\":\"https:\\\/\\\/sexducacion.com\\\/wp-content\\\/uploads\\\/2022\\\/07\\\/otras-diicultades.jpeg\",\"contentUrl\":\"https:\\\/\\\/sexducacion.com\\\/wp-content\\\/uploads\\\/2022\\\/07\\\/otras-diicultades.jpeg\"},{\"@type\":\"BreadcrumbList\",\"@id\":\"https:\\\/\\\/sexducacion.com\\\/otras-dificultades\\\/#breadcrumb\",\"itemListElement\":[{\"@type\":\"ListItem\",\"position\":1,\"name\":\"Portada\",\"item\":\"https:\\\/\\\/sexducacion.com\\\/\"},{\"@type\":\"ListItem\",\"position\":2,\"name\":\"Otras dificultades\"}]},{\"@type\":\"WebSite\",\"@id\":\"https:\\\/\\\/sexducacion.com\\\/#website\",\"url\":\"https:\\\/\\\/sexducacion.com\\\/\",\"name\":\"Sexducacion\",\"description\":\"Espacio online de educaci\u00f3n sexual dirigido a familias, profesionales y toda persona interesada en la educaci\u00f3n sexual.\",\"publisher\":{\"@id\":\"https:\\\/\\\/sexducacion.com\\\/#organization\"},\"potentialAction\":[{\"@type\":\"SearchAction\",\"target\":{\"@type\":\"EntryPoint\",\"urlTemplate\":\"https:\\\/\\\/sexducacion.com\\\/?s={search_term_string}\"},\"query-input\":{\"@type\":\"PropertyValueSpecification\",\"valueRequired\":true,\"valueName\":\"search_term_string\"}}],\"inLanguage\":\"ca\"},{\"@type\":\"Organization\",\"@id\":\"https:\\\/\\\/sexducacion.com\\\/#organization\",\"name\":\"Sexducacion\",\"url\":\"https:\\\/\\\/sexducacion.com\\\/\",\"logo\":{\"@type\":\"ImageObject\",\"inLanguage\":\"ca\",\"@id\":\"https:\\\/\\\/sexducacion.com\\\/#\\\/schema\\\/logo\\\/image\\\/\",\"url\":\"https:\\\/\\\/sexducacion.com\\\/wp-content\\\/uploads\\\/2022\\\/06\\\/Logo-corazo\u0301n-fuerte.png\",\"contentUrl\":\"https:\\\/\\\/sexducacion.com\\\/wp-content\\\/uploads\\\/2022\\\/06\\\/Logo-corazo\u0301n-fuerte.png\",\"width\":1819,\"height\":545,\"caption\":\"Sexducacion\"},\"image\":{\"@id\":\"https:\\\/\\\/sexducacion.com\\\/#\\\/schema\\\/logo\\\/image\\\/\"}}]}<\/script>\n<!-- \/ Yoast SEO plugin. -->","yoast_head_json":{"title":"Otras dificultades | Sexducacion","description":"Abusos sexuales, sexualidad de las personas con diversidad funcional, identidad sexual, violencia y maltrato son otros temas que tambi\u00e9n tratamos.","robots":{"index":"index","follow":"follow","max-snippet":"max-snippet:-1","max-image-preview":"max-image-preview:large","max-video-preview":"max-video-preview:-1"},"canonical":"https:\/\/sexducacion.com\/cat\/otras-dificultades\/","og_locale":"ca_ES","og_type":"article","og_title":"Otras dificultades | Sexducacion","og_description":"Abusos sexuales, sexualidad de las personas con diversidad funcional, identidad sexual, violencia y maltrato son otros temas que tambi\u00e9n tratamos.","og_url":"https:\/\/sexducacion.com\/cat\/otras-dificultades\/","og_site_name":"Sexducacion","article_modified_time":"2024-11-27T11:09:37+00:00","og_image":[{"width":850,"height":564,"url":"https:\/\/sexducacion.com\/wp-content\/uploads\/2022\/07\/otras-diicultades.jpeg","type":"image\/jpeg"}],"twitter_card":"summary_large_image","twitter_misc":{"Temps estimat de lectura":"2 minuts"},"schema":{"@context":"https:\/\/schema.org","@graph":[{"@type":"WebPage","@id":"https:\/\/sexducacion.com\/otras-dificultades\/","url":"https:\/\/sexducacion.com\/otras-dificultades\/","name":"Otras dificultades | Sexducacion","isPartOf":{"@id":"https:\/\/sexducacion.com\/#website"},"primaryImageOfPage":{"@id":"https:\/\/sexducacion.com\/otras-dificultades\/#primaryimage"},"image":{"@id":"https:\/\/sexducacion.com\/otras-dificultades\/#primaryimage"},"thumbnailUrl":"https:\/\/sexducacion.com\/wp-content\/uploads\/2022\/07\/otras-diicultades.jpeg","datePublished":"2022-06-09T17:33:46+00:00","dateModified":"2024-11-27T11:09:37+00:00","description":"Abusos sexuales, sexualidad de las personas con diversidad funcional, identidad sexual, violencia y maltrato son otros temas que tambi\u00e9n tratamos.","breadcrumb":{"@id":"https:\/\/sexducacion.com\/otras-dificultades\/#breadcrumb"},"inLanguage":"ca","potentialAction":[{"@type":"ReadAction","target":["https:\/\/sexducacion.com\/otras-dificultades\/"]}]},{"@type":"ImageObject","inLanguage":"ca","@id":"https:\/\/sexducacion.com\/otras-dificultades\/#primaryimage","url":"https:\/\/sexducacion.com\/wp-content\/uploads\/2022\/07\/otras-diicultades.jpeg","contentUrl":"https:\/\/sexducacion.com\/wp-content\/uploads\/2022\/07\/otras-diicultades.jpeg"},{"@type":"BreadcrumbList","@id":"https:\/\/sexducacion.com\/otras-dificultades\/#breadcrumb","itemListElement":[{"@type":"ListItem","position":1,"name":"Portada","item":"https:\/\/sexducacion.com\/"},{"@type":"ListItem","position":2,"name":"Otras dificultades"}]},{"@type":"WebSite","@id":"https:\/\/sexducacion.com\/#website","url":"https:\/\/sexducacion.com\/","name":"Sexducacion","description":"Espacio online de educaci\u00f3n sexual dirigido a familias, profesionales y toda persona interesada en la educaci\u00f3n sexual.","publisher":{"@id":"https:\/\/sexducacion.com\/#organization"},"potentialAction":[{"@type":"SearchAction","target":{"@type":"EntryPoint","urlTemplate":"https:\/\/sexducacion.com\/?s={search_term_string}"},"query-input":{"@type":"PropertyValueSpecification","valueRequired":true,"valueName":"search_term_string"}}],"inLanguage":"ca"},{"@type":"Organization","@id":"https:\/\/sexducacion.com\/#organization","name":"Sexducacion","url":"https:\/\/sexducacion.com\/","logo":{"@type":"ImageObject","inLanguage":"ca","@id":"https:\/\/sexducacion.com\/#\/schema\/logo\/image\/","url":"https:\/\/sexducacion.com\/wp-content\/uploads\/2022\/06\/Logo-corazo\u0301n-fuerte.png","contentUrl":"https:\/\/sexducacion.com\/wp-content\/uploads\/2022\/06\/Logo-corazo\u0301n-fuerte.png","width":1819,"height":545,"caption":"Sexducacion"},"image":{"@id":"https:\/\/sexducacion.com\/#\/schema\/logo\/image\/"}}]}},"_links":{"self":[{"href":"https:\/\/sexducacion.com\/cat\/wp-json\/wp\/v2\/pages\/87","targetHints":{"allow":["GET"]}}],"collection":[{"href":"https:\/\/sexducacion.com\/cat\/wp-json\/wp\/v2\/pages"}],"about":[{"href":"https:\/\/sexducacion.com\/cat\/wp-json\/wp\/v2\/types\/page"}],"author":[{"embeddable":true,"href":"https:\/\/sexducacion.com\/cat\/wp-json\/wp\/v2\/users\/1"}],"replies":[{"embeddable":true,"href":"https:\/\/sexducacion.com\/cat\/wp-json\/wp\/v2\/comments?post=87"}],"version-history":[{"count":32,"href":"https:\/\/sexducacion.com\/cat\/wp-json\/wp\/v2\/pages\/87\/revisions"}],"predecessor-version":[{"id":16550,"href":"https:\/\/sexducacion.com\/cat\/wp-json\/wp\/v2\/pages\/87\/revisions\/16550"}],"wp:attachment":[{"href":"https:\/\/sexducacion.com\/cat\/wp-json\/wp\/v2\/media?parent=87"}],"curies":[{"name":"wp","href":"https:\/\/api.w.org\/{rel}","templated":true}]}}