{"id":85,"date":"2022-06-09T17:33:27","date_gmt":"2022-06-09T17:33:27","guid":{"rendered":"http:\/\/sexducacion.com\/?page_id=85"},"modified":"2024-11-27T10:19:10","modified_gmt":"2024-11-27T10:19:10","slug":"vaginismo","status":"publish","type":"page","link":"https:\/\/sexducacion.com\/cat\/vaginismo\/","title":{"rendered":"Vaginisme"},"content":{"rendered":"<div data-elementor-type=\"wp-page\" data-elementor-id=\"85\" class=\"elementor elementor-85\" data-elementor-post-type=\"page\">\n\t\t\t\t\t\t<section class=\"elementor-section elementor-top-section elementor-element elementor-element-e8ddf4e elementor-section-height-min-height elementor-section-boxed elementor-section-height-default elementor-section-items-middle\" data-id=\"e8ddf4e\" data-element_type=\"section\" data-e-type=\"section\" data-settings=\"{&quot;background_background&quot;:&quot;classic&quot;}\">\n\t\t\t\t\t\t<div class=\"elementor-container elementor-column-gap-default\">\n\t\t\t\t\t<div class=\"elementor-column elementor-col-100 elementor-top-column elementor-element elementor-element-c6cfd75\" data-id=\"c6cfd75\" data-element_type=\"column\" data-e-type=\"column\">\n\t\t\t<div class=\"elementor-widget-wrap elementor-element-populated\">\n\t\t\t\t\t\t<div class=\"elementor-element elementor-element-a2f5c51 elementor-widget elementor-widget-heading\" data-id=\"a2f5c51\" data-element_type=\"widget\" data-e-type=\"widget\" data-widget_type=\"heading.default\">\n\t\t\t\t<div class=\"elementor-widget-container\">\n\t\t\t\t\t<h1 class=\"elementor-heading-title elementor-size-default\">Vaginisme<\/h1>\t\t\t\t<\/div>\n\t\t\t\t<\/div>\n\t\t\t\t<div class=\"elementor-element elementor-element-2722ec8 elementor-widget elementor-widget-text-editor\" data-id=\"2722ec8\" data-element_type=\"widget\" data-e-type=\"widget\" data-widget_type=\"text-editor.default\">\n\t\t\t\t<div class=\"elementor-widget-container\">\n\t\t\t\t\t\t\t\t\t<p>Les dones que pateixen<strong>\u00a0vaginisme<\/strong>\u00a0experimenten una\u00a0<strong>impossibilitat per a la penetraci\u00f3 vaginal<\/strong>\u00a0durant les relacions coitals.\u00a0<\/p>\t\t\t\t\t\t\t\t<\/div>\n\t\t\t\t<\/div>\n\t\t\t\t\t<\/div>\n\t\t<\/div>\n\t\t\t\t\t<\/div>\n\t\t<\/section>\n\t\t\t\t<section class=\"elementor-section elementor-top-section elementor-element elementor-element-b48ed2c elementor-section-boxed elementor-section-height-default elementor-section-height-default\" data-id=\"b48ed2c\" data-element_type=\"section\" data-e-type=\"section\">\n\t\t\t\t\t\t<div class=\"elementor-container elementor-column-gap-default\">\n\t\t\t\t\t<div class=\"elementor-column elementor-col-100 elementor-top-column elementor-element elementor-element-b78411e\" data-id=\"b78411e\" data-element_type=\"column\" data-e-type=\"column\">\n\t\t\t<div class=\"elementor-widget-wrap elementor-element-populated\">\n\t\t\t\t\t\t<div class=\"elementor-element elementor-element-33b0166 elementor-widget elementor-widget-text-editor\" data-id=\"33b0166\" data-element_type=\"widget\" data-e-type=\"widget\" data-widget_type=\"text-editor.default\">\n\t\t\t\t<div class=\"elementor-widget-container\">\n\t\t\t\t\t\t\t\t\t<p>El vaginisme consisteix en una contracci\u00f3 involunt\u00e0ria del m\u00fascul pubococc\u00edgeo; les\u00a0<strong>parets vaginals es contrauen<\/strong>\u00a0de manera involunt\u00e0ria i inconscient i\u00a0<strong>impedeixen la introducci\u00f3 del penis a la vagina.<\/strong><\/p><p>Algunes dones tenen\u00a0<strong>dificultats per a la penetraci\u00f3 vaginal amb qualsevol objecte,<\/strong>\u00a0inclosos els seus propis dits, un tamp\u00f3 o l'esp\u00e8cul ginecol\u00f2gic.Altres dones presenten dificultats nom\u00e9s a l'hora d'introduir el penis a la vagina durant les relacions coitals, no obstant poden utilitzar tampons, ser explorades en consulta ginecol\u00f2gica o introduir els seus propis dits.<\/p><p>Tamb\u00e9 hi ha dones que poden fer un coit, per\u00f2 que presenten <strong>dolors i mol\u00e8sties<\/strong> durant el mateix. Aquesta dificultat es diu<strong> <a href=\"https:\/\/sexducacion.com\/cat\/dificultades-sexuales\/dispareunia-dolor-coital\/\">dispar\u00e8unia<\/a><\/strong>\u00a0i encara que \u00e9s diferent del vaginisme, moltes hi acudeixen per aquest motiu. Algunes de les dones que acudeixen a consulta ho fan amb sentiment de culpa, frustraci\u00f3 i de vegades amb ansietat.<\/p><p>\u00c9s important que les dones que pateixen vaginisme s\u00e0piguen que no s\u00f3n culpables de res, que <strong>la\u00a0contracci\u00f3\u00a0que es produeix en la musculatura de la vagina, \u00e9s\u00a0involunt\u00e0ria i que no es pot evitar<\/strong>.<\/p><p><strong>En les parelles que consulten per aquest motiu, no sempre est\u00e0 afectada tota la seva vida sexual.<\/strong> Encara que la penetraci\u00f3 vaginal sigui impossible, moltes de les parelles que s'assessoren sobre aquest tema, tenen una vida sexual satisfact\u00f2ria i rica, mantenint relacions sexuals no coitals placenteres. En altres ocasions, el problema de vaginisme s\u00ed que ha afectat la vida sexual de la parella, per la qual cosa presenten dificultats en altres \u00e0mbits de la seva vida sexual.\u00a0<\/p>\t\t\t\t\t\t\t\t<\/div>\n\t\t\t\t<\/div>\n\t\t\t\t\t<\/div>\n\t\t<\/div>\n\t\t\t\t\t<\/div>\n\t\t<\/section>\n\t\t\t\t<section class=\"elementor-section elementor-top-section elementor-element elementor-element-18dce6e elementor-section-boxed elementor-section-height-default elementor-section-height-default\" data-id=\"18dce6e\" data-element_type=\"section\" data-e-type=\"section\">\n\t\t\t\t\t\t<div class=\"elementor-container elementor-column-gap-default\">\n\t\t\t\t\t<div class=\"elementor-column elementor-col-100 elementor-top-column elementor-element elementor-element-5040ca1\" data-id=\"5040ca1\" data-element_type=\"column\" data-e-type=\"column\">\n\t\t\t<div class=\"elementor-widget-wrap elementor-element-populated\">\n\t\t\t\t\t\t<div class=\"elementor-element elementor-element-7a9d2c6 elementor-widget elementor-widget-image\" data-id=\"7a9d2c6\" data-element_type=\"widget\" data-e-type=\"widget\" data-widget_type=\"image.default\">\n\t\t\t\t<div class=\"elementor-widget-container\">\n\t\t\t\t\t\t\t\t\t\t\t\t\t\t\t<img fetchpriority=\"high\" decoding=\"async\" width=\"850\" height=\"567\" src=\"https:\/\/sexducacion.com\/wp-content\/uploads\/2022\/07\/vaginismo.jpeg\" class=\"attachment-large size-large wp-image-12922\" alt=\"\" srcset=\"https:\/\/sexducacion.com\/wp-content\/uploads\/2022\/07\/vaginismo.jpeg 850w, https:\/\/sexducacion.com\/wp-content\/uploads\/2022\/07\/vaginismo-300x200.jpeg 300w, https:\/\/sexducacion.com\/wp-content\/uploads\/2022\/07\/vaginismo-768x512.jpeg 768w, https:\/\/sexducacion.com\/wp-content\/uploads\/2022\/07\/vaginismo-18x12.jpeg 18w\" sizes=\"(max-width: 850px) 100vw, 850px\" \/>\t\t\t\t\t\t\t\t\t\t\t\t\t\t\t<\/div>\n\t\t\t\t<\/div>\n\t\t\t\t\t<\/div>\n\t\t<\/div>\n\t\t\t\t\t<\/div>\n\t\t<\/section>\n\t\t\t\t<section class=\"elementor-section elementor-top-section elementor-element elementor-element-b688a17 elementor-section-boxed elementor-section-height-default elementor-section-height-default\" data-id=\"b688a17\" data-element_type=\"section\" data-e-type=\"section\">\n\t\t\t\t\t\t<div class=\"elementor-container elementor-column-gap-default\">\n\t\t\t\t\t<div class=\"elementor-column elementor-col-100 elementor-top-column elementor-element elementor-element-1c3c3bb\" data-id=\"1c3c3bb\" data-element_type=\"column\" data-e-type=\"column\">\n\t\t\t<div class=\"elementor-widget-wrap elementor-element-populated\">\n\t\t\t\t\t\t<div class=\"elementor-element elementor-element-f8f3c6a elementor-widget elementor-widget-heading\" data-id=\"f8f3c6a\" data-element_type=\"widget\" data-e-type=\"widget\" data-widget_type=\"heading.default\">\n\t\t\t\t<div class=\"elementor-widget-container\">\n\t\t\t\t\t<h3 class=\"elementor-heading-title elementor-size-default\">Podem ajudar-te<\/h3>\t\t\t\t<\/div>\n\t\t\t\t<\/div>\n\t\t\t\t<div class=\"elementor-element elementor-element-332727a elementor-widget elementor-widget-text-editor\" data-id=\"332727a\" data-element_type=\"widget\" data-e-type=\"widget\" data-widget_type=\"text-editor.default\">\n\t\t\t\t<div class=\"elementor-widget-container\">\n\t\t\t\t\t\t\t\t\t<p>Si tens problemes de vaginisme,<strong>\u00a0t'animem a consultar-nos.<\/strong>\u00a0El tractament sexol\u00f2gic per al\u00a0<strong>vaginisme<\/strong>\u00a0t\u00e9 un\u00a0<strong>percentatge molt elevat de recuperaci\u00f3,<\/strong>\u00a0sense medicaci\u00f3 i sense que la dona pateixi o experimenti dolor.<\/p><p>Si resides a <strong>Madrid o Barcelona<\/strong> pots concertar una cita per email a <strong><a href=\"mailto:sexducacion@sexducacion.com\">sexducacion@sexducacion.com.<\/a><\/strong>\u00a0Si no vives en ninguna de estas ciudades, <strong>t'atenem de manera online<\/strong>. Les intervencions en l\u00ednia tenen una metodologia i una efic\u00e0cia similar a les intervencions en persona.<\/p>\t\t\t\t\t\t\t\t<\/div>\n\t\t\t\t<\/div>\n\t\t\t\t<div class=\"elementor-element elementor-element-907e3ab elementor-widget elementor-widget-heading\" data-id=\"907e3ab\" data-element_type=\"widget\" data-e-type=\"widget\" data-widget_type=\"heading.default\">\n\t\t\t\t<div class=\"elementor-widget-container\">\n\t\t\t\t\t<h3 class=\"elementor-heading-title elementor-size-default\">Qu\u00e8 \u00e9s l'assessorament sexol\u00f2gic per a la insatisfacci\u00f3 sexual?<\/h3>\t\t\t\t<\/div>\n\t\t\t\t<\/div>\n\t\t\t\t<div class=\"elementor-element elementor-element-1ba2397 elementor-widget elementor-widget-text-editor\" data-id=\"1ba2397\" data-element_type=\"widget\" data-e-type=\"widget\" data-widget_type=\"text-editor.default\">\n\t\t\t\t<div class=\"elementor-widget-container\">\n\t\t\t\t\t\t\t\t\t<p>Consisteix en una a diverses sessions en qu\u00e8 una\u00a0<strong>persona experta en sexologia i educaci\u00f3 estudiar\u00e0 la dificultat<\/strong>, insatisfacci\u00f3, dubte o problema que la persona plantegi per determinar el\u00a0<strong>diagn\u00f2stic<\/strong>\u00a0i realitzar \u00a0una\u00a0<strong>proposta d'intervenci\u00f3 consensuada, personalitzada i conjunta\u00a0<\/strong>per abordar-la.<\/p><p><strong>El vaginismo puede tratarse tanto si se tiene pareja como si no.<\/strong>\u00a0A l'assessorament sexol\u00f2gic de parelles, pot ser necessari l'atenci\u00f3 individual de cada membre de la parella per a un millor abordatge i comprensi\u00f3 de la dificultat o problema que presentin.<\/p><p>Les sessions tenen una durada aproximada d'1h.<\/p>\t\t\t\t\t\t\t\t<\/div>\n\t\t\t\t<\/div>\n\t\t\t\t\t<\/div>\n\t\t<\/div>\n\t\t\t\t\t<\/div>\n\t\t<\/section>\n\t\t\t\t<section class=\"elementor-section elementor-top-section elementor-element elementor-element-01f2e41 elementor-section-boxed elementor-section-height-default elementor-section-height-default\" data-id=\"01f2e41\" data-element_type=\"section\" data-e-type=\"section\">\n\t\t\t\t\t\t<div class=\"elementor-container elementor-column-gap-default\">\n\t\t\t\t\t<div class=\"elementor-column elementor-col-100 elementor-top-column elementor-element elementor-element-058339e\" data-id=\"058339e\" data-element_type=\"column\" data-e-type=\"column\">\n\t\t\t<div class=\"elementor-widget-wrap elementor-element-populated\">\n\t\t\t\t\t\t<div class=\"elementor-element elementor-element-0f9b481 elementor-widget elementor-widget-heading\" data-id=\"0f9b481\" data-element_type=\"widget\" data-e-type=\"widget\" data-widget_type=\"heading.default\">\n\t\t\t\t<div class=\"elementor-widget-container\">\n\t\t\t\t\t<h3 class=\"elementor-heading-title elementor-size-default\">Tens alguna pregunta? Vols sol\u00b7licitar una cita?<\/h3>\t\t\t\t<\/div>\n\t\t\t\t<\/div>\n\t\t\t\t<div class=\"elementor-element elementor-element-d4aab9b elementor-align-center elementor-widget elementor-widget-button\" data-id=\"d4aab9b\" data-element_type=\"widget\" data-e-type=\"widget\" data-widget_type=\"button.default\">\n\t\t\t\t<div class=\"elementor-widget-container\">\n\t\t\t\t\t\t\t\t\t<div class=\"elementor-button-wrapper\">\n\t\t\t\t\t<a class=\"elementor-button elementor-button-link elementor-size-sm\" href=\"https:\/\/sexducacion.com\/cat\/contacto\/\">\n\t\t\t\t\t\t<span class=\"elementor-button-content-wrapper\">\n\t\t\t\t\t\t\t\t\t<span class=\"elementor-button-text\">Contacta aqu\u00ed<\/span>\n\t\t\t\t\t<\/span>\n\t\t\t\t\t<\/a>\n\t\t\t\t<\/div>\n\t\t\t\t\t\t\t\t<\/div>\n\t\t\t\t<\/div>\n\t\t\t\t\t<\/div>\n\t\t<\/div>\n\t\t\t\t\t<\/div>\n\t\t<\/section>\n\t\t\t\t<\/div>","protected":false},"excerpt":{"rendered":"<p>Vaginismo Las mujeres que padecen\u00a0vaginismo\u00a0experimentan una\u00a0imposibilidad para la penetraci\u00f3n vaginal\u00a0durante las relaciones coitales.\u00a0 El vaginismo consiste en una contracci\u00f3n involuntaria del m\u00fasculo pubococc\u00edgeo; las\u00a0paredes vaginales se contraen\u00a0de manera involuntaria e inconsciente e\u00a0impiden la introducci\u00f3n del pene en la vagina. Algunas mujeres tienen\u00a0dificultades para la penetraci\u00f3n vaginal con cualquier objeto,\u00a0incluidos sus propios\u00a0dedos, un\u00a0tamp\u00f3n\u00a0o el\u00a0esp\u00e9culo ginecol\u00f3gico.\u00a0Otras mujeres [&hellip;]<\/p>\n","protected":false},"author":1,"featured_media":0,"parent":0,"menu_order":0,"comment_status":"closed","ping_status":"closed","template":"","meta":{"_acf_changed":false,"site-sidebar-layout":"no-sidebar","site-content-layout":"page-builder","ast-site-content-layout":"default","site-content-style":"default","site-sidebar-style":"default","ast-global-header-display":"","ast-banner-title-visibility":"","ast-main-header-display":"","ast-hfb-above-header-display":"","ast-hfb-below-header-display":"","ast-hfb-mobile-header-display":"","site-post-title":"disabled","ast-breadcrumbs-content":"","ast-featured-img":"disabled","footer-sml-layout":"","ast-disable-related-posts":"","theme-transparent-header-meta":"","adv-header-id-meta":"","stick-header-meta":"","header-above-stick-meta":"","header-main-stick-meta":"","header-below-stick-meta":"","astra-migrate-meta-layouts":"default","ast-page-background-enabled":"default","ast-page-background-meta":{"desktop":{"background-color":"var(--ast-global-color-4)","background-image":"","background-repeat":"repeat","background-position":"center center","background-size":"auto","background-attachment":"scroll","background-type":"","background-media":"","overlay-type":"","overlay-color":"","overlay-opacity":"","overlay-gradient":""},"tablet":{"background-color":"","background-image":"","background-repeat":"repeat","background-position":"center center","background-size":"auto","background-attachment":"scroll","background-type":"","background-media":"","overlay-type":"","overlay-color":"","overlay-opacity":"","overlay-gradient":""},"mobile":{"background-color":"","background-image":"","background-repeat":"repeat","background-position":"center center","background-size":"auto","background-attachment":"scroll","background-type":"","background-media":"","overlay-type":"","overlay-color":"","overlay-opacity":"","overlay-gradient":""}},"ast-content-background-meta":{"desktop":{"background-color":"var(--ast-global-color-5)","background-image":"","background-repeat":"repeat","background-position":"center center","background-size":"auto","background-attachment":"scroll","background-type":"","background-media":"","overlay-type":"","overlay-color":"","overlay-opacity":"","overlay-gradient":""},"tablet":{"background-color":"var(--ast-global-color-5)","background-image":"","background-repeat":"repeat","background-position":"center center","background-size":"auto","background-attachment":"scroll","background-type":"","background-media":"","overlay-type":"","overlay-color":"","overlay-opacity":"","overlay-gradient":""},"mobile":{"background-color":"var(--ast-global-color-5)","background-image":"","background-repeat":"repeat","background-position":"center center","background-size":"auto","background-attachment":"scroll","background-type":"","background-media":"","overlay-type":"","overlay-color":"","overlay-opacity":"","overlay-gradient":""}},"footnotes":""},"class_list":["post-85","page","type-page","status-publish","hentry"],"acf":[],"yoast_head":"<!-- This site is optimized with the Yoast SEO plugin v27.3 - https:\/\/yoast.com\/product\/yoast-seo-wordpress\/ -->\n<title>Vaginismo | Sexducacion<\/title>\n<meta name=\"description\" content=\"as mujeres que padecen vaginismo experimentan una imposibilidad para la penetraci\u00f3n vaginal durante las relaciones coitales.\" \/>\n<meta name=\"robots\" content=\"index, follow, max-snippet:-1, max-image-preview:large, max-video-preview:-1\" \/>\n<link rel=\"canonical\" href=\"https:\/\/sexducacion.com\/cat\/vaginismo\/\" \/>\n<meta property=\"og:locale\" content=\"ca_ES\" \/>\n<meta property=\"og:type\" content=\"article\" \/>\n<meta property=\"og:title\" content=\"Vaginismo | Sexducacion\" \/>\n<meta property=\"og:description\" content=\"as mujeres que padecen vaginismo experimentan una imposibilidad para la penetraci\u00f3n vaginal durante las relaciones coitales.\" \/>\n<meta property=\"og:url\" content=\"https:\/\/sexducacion.com\/cat\/vaginismo\/\" \/>\n<meta property=\"og:site_name\" content=\"Sexducacion\" \/>\n<meta property=\"article:modified_time\" content=\"2024-11-27T10:19:10+00:00\" \/>\n<meta property=\"og:image\" content=\"https:\/\/sexducacion.com\/wp-content\/uploads\/2022\/07\/vaginismo.jpeg\" \/>\n\t<meta property=\"og:image:width\" content=\"850\" \/>\n\t<meta property=\"og:image:height\" content=\"567\" \/>\n\t<meta property=\"og:image:type\" content=\"image\/jpeg\" \/>\n<meta name=\"twitter:card\" content=\"summary_large_image\" \/>\n<meta name=\"twitter:label1\" content=\"Temps estimat de lectura\" \/>\n\t<meta name=\"twitter:data1\" content=\"3 minuts\" \/>\n<script type=\"application\/ld+json\" class=\"yoast-schema-graph\">{\"@context\":\"https:\\\/\\\/schema.org\",\"@graph\":[{\"@type\":\"WebPage\",\"@id\":\"https:\\\/\\\/sexducacion.com\\\/vaginismo\\\/\",\"url\":\"https:\\\/\\\/sexducacion.com\\\/vaginismo\\\/\",\"name\":\"Vaginismo | Sexducacion\",\"isPartOf\":{\"@id\":\"https:\\\/\\\/sexducacion.com\\\/#website\"},\"primaryImageOfPage\":{\"@id\":\"https:\\\/\\\/sexducacion.com\\\/vaginismo\\\/#primaryimage\"},\"image\":{\"@id\":\"https:\\\/\\\/sexducacion.com\\\/vaginismo\\\/#primaryimage\"},\"thumbnailUrl\":\"https:\\\/\\\/sexducacion.com\\\/wp-content\\\/uploads\\\/2022\\\/07\\\/vaginismo.jpeg\",\"datePublished\":\"2022-06-09T17:33:27+00:00\",\"dateModified\":\"2024-11-27T10:19:10+00:00\",\"description\":\"as mujeres que padecen vaginismo experimentan una imposibilidad para la penetraci\u00f3n vaginal durante las relaciones coitales.\",\"breadcrumb\":{\"@id\":\"https:\\\/\\\/sexducacion.com\\\/vaginismo\\\/#breadcrumb\"},\"inLanguage\":\"ca\",\"potentialAction\":[{\"@type\":\"ReadAction\",\"target\":[\"https:\\\/\\\/sexducacion.com\\\/vaginismo\\\/\"]}]},{\"@type\":\"ImageObject\",\"inLanguage\":\"ca\",\"@id\":\"https:\\\/\\\/sexducacion.com\\\/vaginismo\\\/#primaryimage\",\"url\":\"https:\\\/\\\/sexducacion.com\\\/wp-content\\\/uploads\\\/2022\\\/07\\\/vaginismo.jpeg\",\"contentUrl\":\"https:\\\/\\\/sexducacion.com\\\/wp-content\\\/uploads\\\/2022\\\/07\\\/vaginismo.jpeg\"},{\"@type\":\"BreadcrumbList\",\"@id\":\"https:\\\/\\\/sexducacion.com\\\/vaginismo\\\/#breadcrumb\",\"itemListElement\":[{\"@type\":\"ListItem\",\"position\":1,\"name\":\"Portada\",\"item\":\"https:\\\/\\\/sexducacion.com\\\/\"},{\"@type\":\"ListItem\",\"position\":2,\"name\":\"Vaginismo\"}]},{\"@type\":\"WebSite\",\"@id\":\"https:\\\/\\\/sexducacion.com\\\/#website\",\"url\":\"https:\\\/\\\/sexducacion.com\\\/\",\"name\":\"Sexducacion\",\"description\":\"Espacio online de educaci\u00f3n sexual dirigido a familias, profesionales y toda persona interesada en la educaci\u00f3n sexual.\",\"publisher\":{\"@id\":\"https:\\\/\\\/sexducacion.com\\\/#organization\"},\"potentialAction\":[{\"@type\":\"SearchAction\",\"target\":{\"@type\":\"EntryPoint\",\"urlTemplate\":\"https:\\\/\\\/sexducacion.com\\\/?s={search_term_string}\"},\"query-input\":{\"@type\":\"PropertyValueSpecification\",\"valueRequired\":true,\"valueName\":\"search_term_string\"}}],\"inLanguage\":\"ca\"},{\"@type\":\"Organization\",\"@id\":\"https:\\\/\\\/sexducacion.com\\\/#organization\",\"name\":\"Sexducacion\",\"url\":\"https:\\\/\\\/sexducacion.com\\\/\",\"logo\":{\"@type\":\"ImageObject\",\"inLanguage\":\"ca\",\"@id\":\"https:\\\/\\\/sexducacion.com\\\/#\\\/schema\\\/logo\\\/image\\\/\",\"url\":\"https:\\\/\\\/sexducacion.com\\\/wp-content\\\/uploads\\\/2022\\\/06\\\/Logo-corazo\u0301n-fuerte.png\",\"contentUrl\":\"https:\\\/\\\/sexducacion.com\\\/wp-content\\\/uploads\\\/2022\\\/06\\\/Logo-corazo\u0301n-fuerte.png\",\"width\":1819,\"height\":545,\"caption\":\"Sexducacion\"},\"image\":{\"@id\":\"https:\\\/\\\/sexducacion.com\\\/#\\\/schema\\\/logo\\\/image\\\/\"}}]}<\/script>\n<!-- \/ Yoast SEO plugin. -->","yoast_head_json":{"title":"Vaginismo | Sexducacion","description":"as mujeres que padecen vaginismo experimentan una imposibilidad para la penetraci\u00f3n vaginal durante las relaciones coitales.","robots":{"index":"index","follow":"follow","max-snippet":"max-snippet:-1","max-image-preview":"max-image-preview:large","max-video-preview":"max-video-preview:-1"},"canonical":"https:\/\/sexducacion.com\/cat\/vaginismo\/","og_locale":"ca_ES","og_type":"article","og_title":"Vaginismo | Sexducacion","og_description":"as mujeres que padecen vaginismo experimentan una imposibilidad para la penetraci\u00f3n vaginal durante las relaciones coitales.","og_url":"https:\/\/sexducacion.com\/cat\/vaginismo\/","og_site_name":"Sexducacion","article_modified_time":"2024-11-27T10:19:10+00:00","og_image":[{"width":850,"height":567,"url":"https:\/\/sexducacion.com\/wp-content\/uploads\/2022\/07\/vaginismo.jpeg","type":"image\/jpeg"}],"twitter_card":"summary_large_image","twitter_misc":{"Temps estimat de lectura":"3 minuts"},"schema":{"@context":"https:\/\/schema.org","@graph":[{"@type":"WebPage","@id":"https:\/\/sexducacion.com\/vaginismo\/","url":"https:\/\/sexducacion.com\/vaginismo\/","name":"Vaginismo | Sexducacion","isPartOf":{"@id":"https:\/\/sexducacion.com\/#website"},"primaryImageOfPage":{"@id":"https:\/\/sexducacion.com\/vaginismo\/#primaryimage"},"image":{"@id":"https:\/\/sexducacion.com\/vaginismo\/#primaryimage"},"thumbnailUrl":"https:\/\/sexducacion.com\/wp-content\/uploads\/2022\/07\/vaginismo.jpeg","datePublished":"2022-06-09T17:33:27+00:00","dateModified":"2024-11-27T10:19:10+00:00","description":"as mujeres que padecen vaginismo experimentan una imposibilidad para la penetraci\u00f3n vaginal durante las relaciones coitales.","breadcrumb":{"@id":"https:\/\/sexducacion.com\/vaginismo\/#breadcrumb"},"inLanguage":"ca","potentialAction":[{"@type":"ReadAction","target":["https:\/\/sexducacion.com\/vaginismo\/"]}]},{"@type":"ImageObject","inLanguage":"ca","@id":"https:\/\/sexducacion.com\/vaginismo\/#primaryimage","url":"https:\/\/sexducacion.com\/wp-content\/uploads\/2022\/07\/vaginismo.jpeg","contentUrl":"https:\/\/sexducacion.com\/wp-content\/uploads\/2022\/07\/vaginismo.jpeg"},{"@type":"BreadcrumbList","@id":"https:\/\/sexducacion.com\/vaginismo\/#breadcrumb","itemListElement":[{"@type":"ListItem","position":1,"name":"Portada","item":"https:\/\/sexducacion.com\/"},{"@type":"ListItem","position":2,"name":"Vaginismo"}]},{"@type":"WebSite","@id":"https:\/\/sexducacion.com\/#website","url":"https:\/\/sexducacion.com\/","name":"Sexducacion","description":"Espacio online de educaci\u00f3n sexual dirigido a familias, profesionales y toda persona interesada en la educaci\u00f3n sexual.","publisher":{"@id":"https:\/\/sexducacion.com\/#organization"},"potentialAction":[{"@type":"SearchAction","target":{"@type":"EntryPoint","urlTemplate":"https:\/\/sexducacion.com\/?s={search_term_string}"},"query-input":{"@type":"PropertyValueSpecification","valueRequired":true,"valueName":"search_term_string"}}],"inLanguage":"ca"},{"@type":"Organization","@id":"https:\/\/sexducacion.com\/#organization","name":"Sexducacion","url":"https:\/\/sexducacion.com\/","logo":{"@type":"ImageObject","inLanguage":"ca","@id":"https:\/\/sexducacion.com\/#\/schema\/logo\/image\/","url":"https:\/\/sexducacion.com\/wp-content\/uploads\/2022\/06\/Logo-corazo\u0301n-fuerte.png","contentUrl":"https:\/\/sexducacion.com\/wp-content\/uploads\/2022\/06\/Logo-corazo\u0301n-fuerte.png","width":1819,"height":545,"caption":"Sexducacion"},"image":{"@id":"https:\/\/sexducacion.com\/#\/schema\/logo\/image\/"}}]}},"_links":{"self":[{"href":"https:\/\/sexducacion.com\/cat\/wp-json\/wp\/v2\/pages\/85","targetHints":{"allow":["GET"]}}],"collection":[{"href":"https:\/\/sexducacion.com\/cat\/wp-json\/wp\/v2\/pages"}],"about":[{"href":"https:\/\/sexducacion.com\/cat\/wp-json\/wp\/v2\/types\/page"}],"author":[{"embeddable":true,"href":"https:\/\/sexducacion.com\/cat\/wp-json\/wp\/v2\/users\/1"}],"replies":[{"embeddable":true,"href":"https:\/\/sexducacion.com\/cat\/wp-json\/wp\/v2\/comments?post=85"}],"version-history":[{"count":35,"href":"https:\/\/sexducacion.com\/cat\/wp-json\/wp\/v2\/pages\/85\/revisions"}],"predecessor-version":[{"id":16541,"href":"https:\/\/sexducacion.com\/cat\/wp-json\/wp\/v2\/pages\/85\/revisions\/16541"}],"wp:attachment":[{"href":"https:\/\/sexducacion.com\/cat\/wp-json\/wp\/v2\/media?parent=85"}],"curies":[{"name":"wp","href":"https:\/\/api.w.org\/{rel}","templated":true}]}}