{"id":83,"date":"2022-06-09T17:33:15","date_gmt":"2022-06-09T17:33:15","guid":{"rendered":"http:\/\/sexducacion.com\/?page_id=83"},"modified":"2023-01-20T09:48:48","modified_gmt":"2023-01-20T09:48:48","slug":"problemas-ereccion","status":"publish","type":"page","link":"https:\/\/sexducacion.com\/cat\/problemas-ereccion\/","title":{"rendered":"Problemes d'erecci\u00f3"},"content":{"rendered":"<div data-elementor-type=\"wp-page\" data-elementor-id=\"83\" class=\"elementor elementor-83\" data-elementor-post-type=\"page\">\n\t\t\t\t\t\t<section class=\"elementor-section elementor-top-section elementor-element elementor-element-77ff4e7 elementor-section-height-min-height elementor-section-boxed elementor-section-height-default elementor-section-items-middle\" data-id=\"77ff4e7\" data-element_type=\"section\" data-e-type=\"section\" data-settings=\"{&quot;background_background&quot;:&quot;classic&quot;}\">\n\t\t\t\t\t\t<div class=\"elementor-container elementor-column-gap-default\">\n\t\t\t\t\t<div class=\"elementor-column elementor-col-100 elementor-top-column elementor-element elementor-element-b0ead09\" data-id=\"b0ead09\" data-element_type=\"column\" data-e-type=\"column\">\n\t\t\t<div class=\"elementor-widget-wrap elementor-element-populated\">\n\t\t\t\t\t\t<div class=\"elementor-element elementor-element-23f9c5c elementor-widget elementor-widget-heading\" data-id=\"23f9c5c\" data-element_type=\"widget\" data-e-type=\"widget\" data-widget_type=\"heading.default\">\n\t\t\t\t<div class=\"elementor-widget-container\">\n\t\t\t\t\t<h1 class=\"elementor-heading-title elementor-size-default\">Problemes d'erecci\u00f3<\/h1>\t\t\t\t<\/div>\n\t\t\t\t<\/div>\n\t\t\t\t<div class=\"elementor-element elementor-element-6b5d29f elementor-widget elementor-widget-text-editor\" data-id=\"6b5d29f\" data-element_type=\"widget\" data-e-type=\"widget\" data-widget_type=\"text-editor.default\">\n\t\t\t\t<div class=\"elementor-widget-container\">\n\t\t\t\t\t\t\t\t\t<p>La\u00a0<strong>disfunci\u00f3 er\u00e8ctil<\/strong>\u00a0\u00e9s la\u00a0<strong>dificultat per aconseguir o mantenir l'erecci\u00f3<\/strong>\u00a0durant les relacions coitals i les relacions sexuals en general.<\/p>\t\t\t\t\t\t\t\t<\/div>\n\t\t\t\t<\/div>\n\t\t\t\t\t<\/div>\n\t\t<\/div>\n\t\t\t\t\t<\/div>\n\t\t<\/section>\n\t\t\t\t<section class=\"elementor-section elementor-top-section elementor-element elementor-element-d3b02b7 elementor-section-boxed elementor-section-height-default elementor-section-height-default\" data-id=\"d3b02b7\" data-element_type=\"section\" data-e-type=\"section\">\n\t\t\t\t\t\t<div class=\"elementor-container elementor-column-gap-default\">\n\t\t\t\t\t<div class=\"elementor-column elementor-col-100 elementor-top-column elementor-element elementor-element-5982c11\" data-id=\"5982c11\" data-element_type=\"column\" data-e-type=\"column\">\n\t\t\t<div class=\"elementor-widget-wrap elementor-element-populated\">\n\t\t\t\t\t\t<div class=\"elementor-element elementor-element-2c51d94 elementor-widget elementor-widget-text-editor\" data-id=\"2c51d94\" data-element_type=\"widget\" data-e-type=\"widget\" data-widget_type=\"text-editor.default\">\n\t\t\t\t<div class=\"elementor-widget-container\">\n\t\t\t\t\t\t\t\t\t<p>Hi ha\u00a0<strong>diversos factors que influeixen<\/strong>\u00a0en qu\u00e8 l'home no aconsegueixi excitar-se o perdi l'excitaci\u00f3 i per tant l'erecci\u00f3 durant la trobada sexual:<\/p><ul><li>Factors f\u00edsics i org\u00e0nics.<\/li><li>F\u00e0rmacs, medicaments\u2026<\/li><li>Reaccions de la parella (en cas que n'hi hagi) davant la p\u00e8rdua d'erecci\u00f3, confian\u00e7a, temors i estabilitat amb la parella.<\/li><li><strong>Factors psicol\u00f2gics<\/strong>: ansietat, estr\u00e8s, nervis, preocupaci\u00f3, inseguretat, timidesa, exig\u00e8ncia\u2026\u00a0<\/li><\/ul><p>Al\u00a0<strong>85% de les dificultats amb l'erecci\u00f3<\/strong>, el mecanisme org\u00e0nic per a l'erecci\u00f3 no presenta cap problema, ja que l'home t\u00e9 ereccions espont\u00e0nies o durant la masturbaci\u00f3 en solitari. En aquests casos podem parlar de\u00a0<strong>causes psicol\u00f2giques<\/strong>\u00a0que estan afectant-lo per aconseguir o mantenir l'erecci\u00f3: ansietat, estr\u00e8s, nervis, preocupacions, inseguretat, timidesa, nivell alt d'exig\u00e8ncia, etc\u2026<\/p><p><strong>Quan l'erecci\u00f3 es perd<\/strong>\u00a0o no s'aconsegueix en diverses ocasions,<strong>\u00a0la preocupaci\u00f3 i la inseguretat de lhome\u00a0<\/strong>sol augmentar davant d'una nova trobada er\u00f2tica.Si la situaci\u00f3 es mant\u00e9 en el temps, de vegades l'home no aconsegueix gaudir de les relacions sexuals, se sent culpable i tendeix a evitar el contacte sexual. Aix\u00f2 influeix en l'estat an\u00edmic de l'home i la seva autoestima.<\/p>\t\t\t\t\t\t\t\t<\/div>\n\t\t\t\t<\/div>\n\t\t\t\t\t<\/div>\n\t\t<\/div>\n\t\t\t\t\t<\/div>\n\t\t<\/section>\n\t\t\t\t<section class=\"elementor-section elementor-top-section elementor-element elementor-element-7e56946 elementor-section-boxed elementor-section-height-default elementor-section-height-default\" data-id=\"7e56946\" data-element_type=\"section\" data-e-type=\"section\">\n\t\t\t\t\t\t<div class=\"elementor-container elementor-column-gap-default\">\n\t\t\t\t\t<div class=\"elementor-column elementor-col-100 elementor-top-column elementor-element elementor-element-b1599d5\" data-id=\"b1599d5\" data-element_type=\"column\" data-e-type=\"column\">\n\t\t\t<div class=\"elementor-widget-wrap elementor-element-populated\">\n\t\t\t\t\t\t<div class=\"elementor-element elementor-element-e0b9d45 elementor-widget elementor-widget-image\" data-id=\"e0b9d45\" data-element_type=\"widget\" data-e-type=\"widget\" data-widget_type=\"image.default\">\n\t\t\t\t<div class=\"elementor-widget-container\">\n\t\t\t\t\t\t\t\t\t\t\t\t\t\t\t<img fetchpriority=\"high\" decoding=\"async\" width=\"1024\" height=\"682\" src=\"https:\/\/sexducacion.com\/wp-content\/uploads\/2022\/07\/problemas-de-ereccion.jpeg\" class=\"attachment-large size-large wp-image-12926\" alt=\"\" srcset=\"https:\/\/sexducacion.com\/wp-content\/uploads\/2022\/07\/problemas-de-ereccion.jpeg 1024w, https:\/\/sexducacion.com\/wp-content\/uploads\/2022\/07\/problemas-de-ereccion-300x200.jpeg 300w, https:\/\/sexducacion.com\/wp-content\/uploads\/2022\/07\/problemas-de-ereccion-768x512.jpeg 768w, https:\/\/sexducacion.com\/wp-content\/uploads\/2022\/07\/problemas-de-ereccion-18x12.jpeg 18w\" sizes=\"(max-width: 1024px) 100vw, 1024px\" \/>\t\t\t\t\t\t\t\t\t\t\t\t\t\t\t<\/div>\n\t\t\t\t<\/div>\n\t\t\t\t\t<\/div>\n\t\t<\/div>\n\t\t\t\t\t<\/div>\n\t\t<\/section>\n\t\t\t\t<section class=\"elementor-section elementor-top-section elementor-element elementor-element-e92198d elementor-section-boxed elementor-section-height-default elementor-section-height-default\" data-id=\"e92198d\" data-element_type=\"section\" data-e-type=\"section\">\n\t\t\t\t\t\t<div class=\"elementor-container elementor-column-gap-default\">\n\t\t\t\t\t<div class=\"elementor-column elementor-col-100 elementor-top-column elementor-element elementor-element-9c53520\" data-id=\"9c53520\" data-element_type=\"column\" data-e-type=\"column\">\n\t\t\t<div class=\"elementor-widget-wrap elementor-element-populated\">\n\t\t\t\t\t\t<div class=\"elementor-element elementor-element-ef6b8d3 elementor-widget elementor-widget-heading\" data-id=\"ef6b8d3\" data-element_type=\"widget\" data-e-type=\"widget\" data-widget_type=\"heading.default\">\n\t\t\t\t<div class=\"elementor-widget-container\">\n\t\t\t\t\t<h3 class=\"elementor-heading-title elementor-size-default\">Podem ajudar-te<\/h3>\t\t\t\t<\/div>\n\t\t\t\t<\/div>\n\t\t\t\t<div class=\"elementor-element elementor-element-1a352ed elementor-widget elementor-widget-text-editor\" data-id=\"1a352ed\" data-element_type=\"widget\" data-e-type=\"widget\" data-widget_type=\"text-editor.default\">\n\t\t\t\t<div class=\"elementor-widget-container\">\n\t\t\t\t\t\t\t\t\t<p>Si teniu problemes amb l'erecci\u00f3,\u00a0<strong>t'animem a consultar-nos.<\/strong>\u00a0L'assessorament sexol\u00f2gic per als problemes d'erecci\u00f3 t\u00e9 un\u00a0<strong>percentatge molt elevat de recuperaci\u00f3<\/strong>.<\/p><p>Si resides a <strong>Madrid o Barcelona<\/strong> pots concertar una cita per email a <strong><a href=\"mailto:sexducacion@sexducacion.com\">sexducacion@sexducacion.com<\/a><\/strong>. Si no vius a cap d'aquestes ciutats, <strong>t'atenem de manera online<\/strong>. Les intervencions en l\u00ednia tenen una metodologia i una efic\u00e0cia similar a les intervencions en persona.<\/p>\t\t\t\t\t\t\t\t<\/div>\n\t\t\t\t<\/div>\n\t\t\t\t<div class=\"elementor-element elementor-element-d831da5 elementor-widget elementor-widget-heading\" data-id=\"d831da5\" data-element_type=\"widget\" data-e-type=\"widget\" data-widget_type=\"heading.default\">\n\t\t\t\t<div class=\"elementor-widget-container\">\n\t\t\t\t\t<h3 class=\"elementor-heading-title elementor-size-default\">Qu\u00e8 \u00e9s l'assessorament sexol\u00f2gic per a la insatisfacci\u00f3 sexual?<\/h3>\t\t\t\t<\/div>\n\t\t\t\t<\/div>\n\t\t\t\t<div class=\"elementor-element elementor-element-85534a8 elementor-widget elementor-widget-text-editor\" data-id=\"85534a8\" data-element_type=\"widget\" data-e-type=\"widget\" data-widget_type=\"text-editor.default\">\n\t\t\t\t<div class=\"elementor-widget-container\">\n\t\t\t\t\t\t\t\t\t<p>A la primera visita,\u00a0la persona\u00a0<strong>experta en sexologia i educaci\u00f3 estudiar\u00e0 la dificultat d'erecci\u00f3\u00a0<\/strong>que l'home planteja per determinar el\u00a0<strong>diagn\u00f2stic, detectant les causes que estan a l'origen o mantenint el problema. S'explicar\u00e0 a l'home i\/o la parella\u00a0<\/strong>en qu\u00e8 consisteix aquesta dificultat i es far\u00e0 una proposta\u00a0<strong>d'intervenci\u00f3 consensuada, personalitzada i conjunta\u00a0<\/strong>per abordar-la.<\/p><p>Les intervencions inclouran:<\/p><ul><li><strong>Informaci\u00f3 i assessorament sexual.<\/strong><\/li><li>Informaci\u00f3 sobre el\u00a0<strong>funcionament de l'erecci\u00f3 masculina<\/strong><\/li><li><strong>Coneixement<\/strong>\u00a0del cos i de la\u00a0<strong>sexualitat masculina i femenina.<\/strong><\/li><li><strong>Enriquiment\u00a0<\/strong>de les trobades er\u00f2tiques.<\/li><li><strong>Tasques<\/strong>\u00a0per facilitar el<strong>\u00a0plaer\u00a0<\/strong>i<strong>\u00a0l'orgasme<\/strong>\u00a0en solitari i en parella (si n'hi ha) i exercicis per millorar el\u00a0<strong>control de l'ejaculaci\u00f3.<\/strong><\/li><\/ul><p>Al llarg de les visites, s'anir\u00e0\u00a0<strong>valorant l'evoluci\u00f3<\/strong>\u00a0i\u00a0<strong>s'adaptar\u00e0<\/strong>\u00a0en tot moment la\u00a0<strong>intervenci\u00f3 a les necessitats de lhome i\/o de la parella.<\/strong><\/p><p><strong>Les dificultats d'erecci\u00f3 es poden tractar tant si es t\u00e9 parella com si no.<\/strong>\u00a0A l'assessorament sexol\u00f2gic de parelles, pot ser necessari l'atenci\u00f3 individual de cada membre de la parella per a un millor abordatge i comprensi\u00f3 de la dificultat o problema que presentin.<\/p><p>Les sessions tenen una durada aproximada d'1h.<\/p>\t\t\t\t\t\t\t\t<\/div>\n\t\t\t\t<\/div>\n\t\t\t\t\t<\/div>\n\t\t<\/div>\n\t\t\t\t\t<\/div>\n\t\t<\/section>\n\t\t\t\t<section class=\"elementor-section elementor-top-section elementor-element elementor-element-39bef1e elementor-section-boxed elementor-section-height-default elementor-section-height-default\" data-id=\"39bef1e\" data-element_type=\"section\" data-e-type=\"section\">\n\t\t\t\t\t\t<div class=\"elementor-container elementor-column-gap-default\">\n\t\t\t\t\t<div class=\"elementor-column elementor-col-100 elementor-top-column elementor-element elementor-element-b0234ae\" data-id=\"b0234ae\" data-element_type=\"column\" data-e-type=\"column\">\n\t\t\t<div class=\"elementor-widget-wrap elementor-element-populated\">\n\t\t\t\t\t\t<div class=\"elementor-element elementor-element-e99d8ac elementor-widget elementor-widget-heading\" data-id=\"e99d8ac\" data-element_type=\"widget\" data-e-type=\"widget\" data-widget_type=\"heading.default\">\n\t\t\t\t<div class=\"elementor-widget-container\">\n\t\t\t\t\t<h3 class=\"elementor-heading-title elementor-size-default\">Tens alguna pregunta? Vols sol\u00b7licitar una cita?<\/h3>\t\t\t\t<\/div>\n\t\t\t\t<\/div>\n\t\t\t\t<div class=\"elementor-element elementor-element-7453a85 elementor-align-center elementor-widget elementor-widget-button\" data-id=\"7453a85\" data-element_type=\"widget\" data-e-type=\"widget\" data-widget_type=\"button.default\">\n\t\t\t\t<div class=\"elementor-widget-container\">\n\t\t\t\t\t\t\t\t\t<div class=\"elementor-button-wrapper\">\n\t\t\t\t\t<a class=\"elementor-button elementor-button-link elementor-size-sm\" href=\"https:\/\/sexducacion.com\/cat\/contacto\/\">\n\t\t\t\t\t\t<span class=\"elementor-button-content-wrapper\">\n\t\t\t\t\t\t\t\t\t<span class=\"elementor-button-text\">Contacta aqu\u00ed<\/span>\n\t\t\t\t\t<\/span>\n\t\t\t\t\t<\/a>\n\t\t\t\t<\/div>\n\t\t\t\t\t\t\t\t<\/div>\n\t\t\t\t<\/div>\n\t\t\t\t\t<\/div>\n\t\t<\/div>\n\t\t\t\t\t<\/div>\n\t\t<\/section>\n\t\t\t\t<\/div>","protected":false},"excerpt":{"rendered":"<p>Problemas de erecci\u00f3n La\u00a0disfunci\u00f3n er\u00e9ctil\u00a0es la\u00a0dificultad para lograr o mantener la erecci\u00f3n\u00a0durante las relaciones coitales y las relaciones sexuales en general. Existen\u00a0diversos factores que influyen\u00a0en que el hombre no logre excitarse o pierda la excitaci\u00f3n y por tanto la erecci\u00f3n durante el encuentro sexual: Factores f\u00edsico y org\u00e1nicos. F\u00e1rmacos, medicamentos\u2026 Reacciones de la pareja (en [&hellip;]<\/p>\n","protected":false},"author":1,"featured_media":0,"parent":0,"menu_order":0,"comment_status":"closed","ping_status":"closed","template":"","meta":{"_acf_changed":false,"site-sidebar-layout":"no-sidebar","site-content-layout":"page-builder","ast-site-content-layout":"default","site-content-style":"default","site-sidebar-style":"default","ast-global-header-display":"","ast-banner-title-visibility":"","ast-main-header-display":"","ast-hfb-above-header-display":"","ast-hfb-below-header-display":"","ast-hfb-mobile-header-display":"","site-post-title":"disabled","ast-breadcrumbs-content":"","ast-featured-img":"disabled","footer-sml-layout":"","ast-disable-related-posts":"","theme-transparent-header-meta":"","adv-header-id-meta":"","stick-header-meta":"","header-above-stick-meta":"","header-main-stick-meta":"","header-below-stick-meta":"","astra-migrate-meta-layouts":"default","ast-page-background-enabled":"default","ast-page-background-meta":{"desktop":{"background-color":"var(--ast-global-color-4)","background-image":"","background-repeat":"repeat","background-position":"center center","background-size":"auto","background-attachment":"scroll","background-type":"","background-media":"","overlay-type":"","overlay-color":"","overlay-opacity":"","overlay-gradient":""},"tablet":{"background-color":"","background-image":"","background-repeat":"repeat","background-position":"center center","background-size":"auto","background-attachment":"scroll","background-type":"","background-media":"","overlay-type":"","overlay-color":"","overlay-opacity":"","overlay-gradient":""},"mobile":{"background-color":"","background-image":"","background-repeat":"repeat","background-position":"center center","background-size":"auto","background-attachment":"scroll","background-type":"","background-media":"","overlay-type":"","overlay-color":"","overlay-opacity":"","overlay-gradient":""}},"ast-content-background-meta":{"desktop":{"background-color":"var(--ast-global-color-5)","background-image":"","background-repeat":"repeat","background-position":"center center","background-size":"auto","background-attachment":"scroll","background-type":"","background-media":"","overlay-type":"","overlay-color":"","overlay-opacity":"","overlay-gradient":""},"tablet":{"background-color":"var(--ast-global-color-5)","background-image":"","background-repeat":"repeat","background-position":"center center","background-size":"auto","background-attachment":"scroll","background-type":"","background-media":"","overlay-type":"","overlay-color":"","overlay-opacity":"","overlay-gradient":""},"mobile":{"background-color":"var(--ast-global-color-5)","background-image":"","background-repeat":"repeat","background-position":"center center","background-size":"auto","background-attachment":"scroll","background-type":"","background-media":"","overlay-type":"","overlay-color":"","overlay-opacity":"","overlay-gradient":""}},"footnotes":""},"class_list":["post-83","page","type-page","status-publish","hentry"],"acf":[],"yoast_head":"<!-- This site is optimized with the Yoast SEO plugin v27.3 - https:\/\/yoast.com\/product\/yoast-seo-wordpress\/ -->\n<title>Problemas erecci\u00f3n | Sexducacion<\/title>\n<meta name=\"description\" content=\"La disfunci\u00f3n er\u00e9ctil es la dificultad para lograr o mantener la erecci\u00f3n durante las relaciones coitales y las relaciones sexuales en general.\" \/>\n<meta name=\"robots\" content=\"index, follow, max-snippet:-1, max-image-preview:large, max-video-preview:-1\" \/>\n<link rel=\"canonical\" href=\"https:\/\/sexducacion.com\/cat\/problemas-ereccion\/\" \/>\n<meta property=\"og:locale\" content=\"ca_ES\" \/>\n<meta property=\"og:type\" content=\"article\" \/>\n<meta property=\"og:title\" content=\"Problemas erecci\u00f3n | Sexducacion\" \/>\n<meta property=\"og:description\" content=\"La disfunci\u00f3n er\u00e9ctil es la dificultad para lograr o mantener la erecci\u00f3n durante las relaciones coitales y las relaciones sexuales en general.\" \/>\n<meta property=\"og:url\" content=\"https:\/\/sexducacion.com\/cat\/problemas-ereccion\/\" \/>\n<meta property=\"og:site_name\" content=\"Sexducacion\" \/>\n<meta property=\"article:modified_time\" content=\"2023-01-20T09:48:48+00:00\" \/>\n<meta property=\"og:image\" content=\"https:\/\/sexducacion.com\/wp-content\/uploads\/2022\/07\/problemas-de-ereccion.jpeg\" \/>\n<meta name=\"twitter:card\" content=\"summary_large_image\" \/>\n<meta name=\"twitter:label1\" content=\"Temps estimat de lectura\" \/>\n\t<meta name=\"twitter:data1\" content=\"3 minuts\" \/>\n<script type=\"application\/ld+json\" class=\"yoast-schema-graph\">{\"@context\":\"https:\\\/\\\/schema.org\",\"@graph\":[{\"@type\":\"WebPage\",\"@id\":\"https:\\\/\\\/sexducacion.com\\\/problemas-ereccion\\\/\",\"url\":\"https:\\\/\\\/sexducacion.com\\\/problemas-ereccion\\\/\",\"name\":\"Problemas erecci\u00f3n | Sexducacion\",\"isPartOf\":{\"@id\":\"https:\\\/\\\/sexducacion.com\\\/#website\"},\"primaryImageOfPage\":{\"@id\":\"https:\\\/\\\/sexducacion.com\\\/problemas-ereccion\\\/#primaryimage\"},\"image\":{\"@id\":\"https:\\\/\\\/sexducacion.com\\\/problemas-ereccion\\\/#primaryimage\"},\"thumbnailUrl\":\"https:\\\/\\\/sexducacion.com\\\/wp-content\\\/uploads\\\/2022\\\/07\\\/problemas-de-ereccion.jpeg\",\"datePublished\":\"2022-06-09T17:33:15+00:00\",\"dateModified\":\"2023-01-20T09:48:48+00:00\",\"description\":\"La disfunci\u00f3n er\u00e9ctil es la dificultad para lograr o mantener la erecci\u00f3n durante las relaciones coitales y las relaciones sexuales en general.\",\"breadcrumb\":{\"@id\":\"https:\\\/\\\/sexducacion.com\\\/problemas-ereccion\\\/#breadcrumb\"},\"inLanguage\":\"ca\",\"potentialAction\":[{\"@type\":\"ReadAction\",\"target\":[\"https:\\\/\\\/sexducacion.com\\\/problemas-ereccion\\\/\"]}]},{\"@type\":\"ImageObject\",\"inLanguage\":\"ca\",\"@id\":\"https:\\\/\\\/sexducacion.com\\\/problemas-ereccion\\\/#primaryimage\",\"url\":\"https:\\\/\\\/sexducacion.com\\\/wp-content\\\/uploads\\\/2022\\\/07\\\/problemas-de-ereccion.jpeg\",\"contentUrl\":\"https:\\\/\\\/sexducacion.com\\\/wp-content\\\/uploads\\\/2022\\\/07\\\/problemas-de-ereccion.jpeg\"},{\"@type\":\"BreadcrumbList\",\"@id\":\"https:\\\/\\\/sexducacion.com\\\/problemas-ereccion\\\/#breadcrumb\",\"itemListElement\":[{\"@type\":\"ListItem\",\"position\":1,\"name\":\"Portada\",\"item\":\"https:\\\/\\\/sexducacion.com\\\/\"},{\"@type\":\"ListItem\",\"position\":2,\"name\":\"Problemas erecci\u00f3n\"}]},{\"@type\":\"WebSite\",\"@id\":\"https:\\\/\\\/sexducacion.com\\\/#website\",\"url\":\"https:\\\/\\\/sexducacion.com\\\/\",\"name\":\"Sexducacion\",\"description\":\"Espacio online de educaci\u00f3n sexual dirigido a familias, profesionales y toda persona interesada en la educaci\u00f3n sexual.\",\"publisher\":{\"@id\":\"https:\\\/\\\/sexducacion.com\\\/#organization\"},\"potentialAction\":[{\"@type\":\"SearchAction\",\"target\":{\"@type\":\"EntryPoint\",\"urlTemplate\":\"https:\\\/\\\/sexducacion.com\\\/?s={search_term_string}\"},\"query-input\":{\"@type\":\"PropertyValueSpecification\",\"valueRequired\":true,\"valueName\":\"search_term_string\"}}],\"inLanguage\":\"ca\"},{\"@type\":\"Organization\",\"@id\":\"https:\\\/\\\/sexducacion.com\\\/#organization\",\"name\":\"Sexducacion\",\"url\":\"https:\\\/\\\/sexducacion.com\\\/\",\"logo\":{\"@type\":\"ImageObject\",\"inLanguage\":\"ca\",\"@id\":\"https:\\\/\\\/sexducacion.com\\\/#\\\/schema\\\/logo\\\/image\\\/\",\"url\":\"https:\\\/\\\/sexducacion.com\\\/wp-content\\\/uploads\\\/2022\\\/06\\\/Logo-corazo\u0301n-fuerte.png\",\"contentUrl\":\"https:\\\/\\\/sexducacion.com\\\/wp-content\\\/uploads\\\/2022\\\/06\\\/Logo-corazo\u0301n-fuerte.png\",\"width\":1819,\"height\":545,\"caption\":\"Sexducacion\"},\"image\":{\"@id\":\"https:\\\/\\\/sexducacion.com\\\/#\\\/schema\\\/logo\\\/image\\\/\"}}]}<\/script>\n<!-- \/ Yoast SEO plugin. -->","yoast_head_json":{"title":"Problemas erecci\u00f3n | Sexducacion","description":"La disfunci\u00f3n er\u00e9ctil es la dificultad para lograr o mantener la erecci\u00f3n durante las relaciones coitales y las relaciones sexuales en general.","robots":{"index":"index","follow":"follow","max-snippet":"max-snippet:-1","max-image-preview":"max-image-preview:large","max-video-preview":"max-video-preview:-1"},"canonical":"https:\/\/sexducacion.com\/cat\/problemas-ereccion\/","og_locale":"ca_ES","og_type":"article","og_title":"Problemas erecci\u00f3n | Sexducacion","og_description":"La disfunci\u00f3n er\u00e9ctil es la dificultad para lograr o mantener la erecci\u00f3n durante las relaciones coitales y las relaciones sexuales en general.","og_url":"https:\/\/sexducacion.com\/cat\/problemas-ereccion\/","og_site_name":"Sexducacion","article_modified_time":"2023-01-20T09:48:48+00:00","og_image":[{"url":"https:\/\/sexducacion.com\/wp-content\/uploads\/2022\/07\/problemas-de-ereccion.jpeg","type":"","width":"","height":""}],"twitter_card":"summary_large_image","twitter_misc":{"Temps estimat de lectura":"3 minuts"},"schema":{"@context":"https:\/\/schema.org","@graph":[{"@type":"WebPage","@id":"https:\/\/sexducacion.com\/problemas-ereccion\/","url":"https:\/\/sexducacion.com\/problemas-ereccion\/","name":"Problemas erecci\u00f3n | Sexducacion","isPartOf":{"@id":"https:\/\/sexducacion.com\/#website"},"primaryImageOfPage":{"@id":"https:\/\/sexducacion.com\/problemas-ereccion\/#primaryimage"},"image":{"@id":"https:\/\/sexducacion.com\/problemas-ereccion\/#primaryimage"},"thumbnailUrl":"https:\/\/sexducacion.com\/wp-content\/uploads\/2022\/07\/problemas-de-ereccion.jpeg","datePublished":"2022-06-09T17:33:15+00:00","dateModified":"2023-01-20T09:48:48+00:00","description":"La disfunci\u00f3n er\u00e9ctil es la dificultad para lograr o mantener la erecci\u00f3n durante las relaciones coitales y las relaciones sexuales en general.","breadcrumb":{"@id":"https:\/\/sexducacion.com\/problemas-ereccion\/#breadcrumb"},"inLanguage":"ca","potentialAction":[{"@type":"ReadAction","target":["https:\/\/sexducacion.com\/problemas-ereccion\/"]}]},{"@type":"ImageObject","inLanguage":"ca","@id":"https:\/\/sexducacion.com\/problemas-ereccion\/#primaryimage","url":"https:\/\/sexducacion.com\/wp-content\/uploads\/2022\/07\/problemas-de-ereccion.jpeg","contentUrl":"https:\/\/sexducacion.com\/wp-content\/uploads\/2022\/07\/problemas-de-ereccion.jpeg"},{"@type":"BreadcrumbList","@id":"https:\/\/sexducacion.com\/problemas-ereccion\/#breadcrumb","itemListElement":[{"@type":"ListItem","position":1,"name":"Portada","item":"https:\/\/sexducacion.com\/"},{"@type":"ListItem","position":2,"name":"Problemas erecci\u00f3n"}]},{"@type":"WebSite","@id":"https:\/\/sexducacion.com\/#website","url":"https:\/\/sexducacion.com\/","name":"Sexducacion","description":"Espacio online de educaci\u00f3n sexual dirigido a familias, profesionales y toda persona interesada en la educaci\u00f3n sexual.","publisher":{"@id":"https:\/\/sexducacion.com\/#organization"},"potentialAction":[{"@type":"SearchAction","target":{"@type":"EntryPoint","urlTemplate":"https:\/\/sexducacion.com\/?s={search_term_string}"},"query-input":{"@type":"PropertyValueSpecification","valueRequired":true,"valueName":"search_term_string"}}],"inLanguage":"ca"},{"@type":"Organization","@id":"https:\/\/sexducacion.com\/#organization","name":"Sexducacion","url":"https:\/\/sexducacion.com\/","logo":{"@type":"ImageObject","inLanguage":"ca","@id":"https:\/\/sexducacion.com\/#\/schema\/logo\/image\/","url":"https:\/\/sexducacion.com\/wp-content\/uploads\/2022\/06\/Logo-corazo\u0301n-fuerte.png","contentUrl":"https:\/\/sexducacion.com\/wp-content\/uploads\/2022\/06\/Logo-corazo\u0301n-fuerte.png","width":1819,"height":545,"caption":"Sexducacion"},"image":{"@id":"https:\/\/sexducacion.com\/#\/schema\/logo\/image\/"}}]}},"_links":{"self":[{"href":"https:\/\/sexducacion.com\/cat\/wp-json\/wp\/v2\/pages\/83","targetHints":{"allow":["GET"]}}],"collection":[{"href":"https:\/\/sexducacion.com\/cat\/wp-json\/wp\/v2\/pages"}],"about":[{"href":"https:\/\/sexducacion.com\/cat\/wp-json\/wp\/v2\/types\/page"}],"author":[{"embeddable":true,"href":"https:\/\/sexducacion.com\/cat\/wp-json\/wp\/v2\/users\/1"}],"replies":[{"embeddable":true,"href":"https:\/\/sexducacion.com\/cat\/wp-json\/wp\/v2\/comments?post=83"}],"version-history":[{"count":23,"href":"https:\/\/sexducacion.com\/cat\/wp-json\/wp\/v2\/pages\/83\/revisions"}],"predecessor-version":[{"id":15578,"href":"https:\/\/sexducacion.com\/cat\/wp-json\/wp\/v2\/pages\/83\/revisions\/15578"}],"wp:attachment":[{"href":"https:\/\/sexducacion.com\/cat\/wp-json\/wp\/v2\/media?parent=83"}],"curies":[{"name":"wp","href":"https:\/\/api.w.org\/{rel}","templated":true}]}}