{"id":75,"date":"2022-06-09T17:31:58","date_gmt":"2022-06-09T17:31:58","guid":{"rendered":"http:\/\/sexducacion.com\/?page_id=75"},"modified":"2024-11-26T16:22:39","modified_gmt":"2024-11-26T16:22:39","slug":"falta-de-deseo-sexual","status":"publish","type":"page","link":"https:\/\/sexducacion.com\/cat\/falta-de-deseo-sexual\/","title":{"rendered":"Manca de desig sexual"},"content":{"rendered":"<div data-elementor-type=\"wp-page\" data-elementor-id=\"75\" class=\"elementor elementor-75\" data-elementor-post-type=\"page\">\n\t\t\t\t\t\t<section class=\"elementor-section elementor-top-section elementor-element elementor-element-a12bb40 elementor-section-height-min-height elementor-section-boxed elementor-section-height-default elementor-section-items-middle\" data-id=\"a12bb40\" data-element_type=\"section\" data-e-type=\"section\" data-settings=\"{&quot;background_background&quot;:&quot;classic&quot;}\">\n\t\t\t\t\t\t<div class=\"elementor-container elementor-column-gap-default\">\n\t\t\t\t\t<div class=\"elementor-column elementor-col-100 elementor-top-column elementor-element elementor-element-45bd660\" data-id=\"45bd660\" data-element_type=\"column\" data-e-type=\"column\">\n\t\t\t<div class=\"elementor-widget-wrap elementor-element-populated\">\n\t\t\t\t\t\t<div class=\"elementor-element elementor-element-d78baa6 elementor-widget elementor-widget-heading\" data-id=\"d78baa6\" data-element_type=\"widget\" data-e-type=\"widget\" data-widget_type=\"heading.default\">\n\t\t\t\t<div class=\"elementor-widget-container\">\n\t\t\t\t\t<h1 class=\"elementor-heading-title elementor-size-default\">Manca de desig sexual<\/h1>\t\t\t\t<\/div>\n\t\t\t\t<\/div>\n\t\t\t\t<div class=\"elementor-element elementor-element-87df7a2 elementor-widget elementor-widget-text-editor\" data-id=\"87df7a2\" data-element_type=\"widget\" data-e-type=\"widget\" data-widget_type=\"text-editor.default\">\n\t\t\t\t<div class=\"elementor-widget-container\">\n\t\t\t\t\t\t\t\t\t<p>Les persones que consulten per aquest tema presenten un\u00a0<strong>baix nivell d'inter\u00e8s sexual<\/strong>, moltes\u00a0<strong>no aconsegueixen gaudir de les trobades er\u00f2tiques<\/strong>\u00a0i algunes tendeixen a evitar-les.<\/p>\t\t\t\t\t\t\t\t<\/div>\n\t\t\t\t<\/div>\n\t\t\t\t\t<\/div>\n\t\t<\/div>\n\t\t\t\t\t<\/div>\n\t\t<\/section>\n\t\t\t\t<section class=\"elementor-section elementor-top-section elementor-element elementor-element-7221188 elementor-section-boxed elementor-section-height-default elementor-section-height-default\" data-id=\"7221188\" data-element_type=\"section\" data-e-type=\"section\">\n\t\t\t\t\t\t<div class=\"elementor-container elementor-column-gap-default\">\n\t\t\t\t\t<div class=\"elementor-column elementor-col-100 elementor-top-column elementor-element elementor-element-04c8ab8\" data-id=\"04c8ab8\" data-element_type=\"column\" data-e-type=\"column\">\n\t\t\t<div class=\"elementor-widget-wrap elementor-element-populated\">\n\t\t\t\t\t\t<div class=\"elementor-element elementor-element-3aa3aa9 elementor-widget elementor-widget-text-editor\" data-id=\"3aa3aa9\" data-element_type=\"widget\" data-e-type=\"widget\" data-widget_type=\"text-editor.default\">\n\t\t\t\t<div class=\"elementor-widget-container\">\n\t\t\t\t\t\t\t\t\t<p><strong>A manca de desig sexual,<\/strong> tamb\u00e9 anomenada\u00a0<strong>inhibici\u00f3 del desig sexual, desig sexual hipoactiu, inapet\u00e8ncia sexual o manca de libido,<\/strong> \u00e9s un problema pel qual consulten principalment dones, tot i que cada cop hi ha m\u00e9s homes que consulten per aquest motiu.<\/p><p>Les persones que consulten per aquest tema presenten un\u00a0<strong>baix nivell d'inter\u00e8s sexual,<\/strong> moltes\u00a0<strong>no aconsegueixen gaudir de les trobades er\u00f2tiques<\/strong>\u00a0i algunes tendeixen a evitar-les.<\/p><p>Hi ha diversos\u00a0<strong>factors que dificulten el desig.<\/strong><\/p><ul><li>De vegades\u00a0<strong>l'estr\u00e8s,<\/strong> l'exc\u00e9s de treball i el cansament poden afectar el desig.<\/li><li>Determinats\u00a0<strong>f\u00e0rmacs<\/strong> i problemes org\u00e0nics.<\/li><li><strong>Dificultats personals i familiars;<\/strong> manca de feina, mort, malaltia, naixement d'una criatura.<\/li><li>Traumes, maltractament,\u00a0<strong>viol\u00e8ncia sexual,<\/strong>\u00a0experi\u00e8ncies anteriors insatisfact\u00f2ries\u2026<\/li><li><strong>Dificultats en les relacions de parella:<\/strong> manca de cura, manca d'intimitat, manca de temps compartit, manca d'atracci\u00f3, pressi\u00f3, discussions, enuig, avorriment\u2026<\/li><\/ul><p>La persona amb <strong>manca de desig sexual<\/strong>\u00a0deixa de respondre als est\u00edmuls sexuals, sol evitar l'acostament de la parella i les mostres d'afecte que puguin portar a algun tipus de contacte sexual o genital. Quan aquesta situaci\u00f3 perdura en el temps, pot afectar la relaci\u00f3 de parella.<\/p>\t\t\t\t\t\t\t\t<\/div>\n\t\t\t\t<\/div>\n\t\t\t\t\t<\/div>\n\t\t<\/div>\n\t\t\t\t\t<\/div>\n\t\t<\/section>\n\t\t\t\t<section class=\"elementor-section elementor-top-section elementor-element elementor-element-f367aa2 elementor-section-boxed elementor-section-height-default elementor-section-height-default\" data-id=\"f367aa2\" data-element_type=\"section\" data-e-type=\"section\">\n\t\t\t\t\t\t<div class=\"elementor-container elementor-column-gap-default\">\n\t\t\t\t\t<div class=\"elementor-column elementor-col-100 elementor-top-column elementor-element elementor-element-abab9b0\" data-id=\"abab9b0\" data-element_type=\"column\" data-e-type=\"column\">\n\t\t\t<div class=\"elementor-widget-wrap elementor-element-populated\">\n\t\t\t\t\t\t<div class=\"elementor-element elementor-element-3ded60c elementor-widget elementor-widget-image\" data-id=\"3ded60c\" data-element_type=\"widget\" data-e-type=\"widget\" data-widget_type=\"image.default\">\n\t\t\t\t<div class=\"elementor-widget-container\">\n\t\t\t\t\t\t\t\t\t\t\t\t\t\t\t<img fetchpriority=\"high\" decoding=\"async\" width=\"709\" height=\"562\" src=\"https:\/\/sexducacion.com\/wp-content\/uploads\/2022\/07\/falta-de-deseo-sexual.jpeg\" class=\"attachment-large size-large wp-image-12871\" alt=\"\" srcset=\"https:\/\/sexducacion.com\/wp-content\/uploads\/2022\/07\/falta-de-deseo-sexual.jpeg 709w, https:\/\/sexducacion.com\/wp-content\/uploads\/2022\/07\/falta-de-deseo-sexual-300x238.jpeg 300w, https:\/\/sexducacion.com\/wp-content\/uploads\/2022\/07\/falta-de-deseo-sexual-15x12.jpeg 15w\" sizes=\"(max-width: 709px) 100vw, 709px\" \/>\t\t\t\t\t\t\t\t\t\t\t\t\t\t\t<\/div>\n\t\t\t\t<\/div>\n\t\t\t\t\t<\/div>\n\t\t<\/div>\n\t\t\t\t\t<\/div>\n\t\t<\/section>\n\t\t\t\t<section class=\"elementor-section elementor-top-section elementor-element elementor-element-c0b7f11 elementor-section-boxed elementor-section-height-default elementor-section-height-default\" data-id=\"c0b7f11\" data-element_type=\"section\" data-e-type=\"section\">\n\t\t\t\t\t\t<div class=\"elementor-container elementor-column-gap-default\">\n\t\t\t\t\t<div class=\"elementor-column elementor-col-100 elementor-top-column elementor-element elementor-element-c4f572e\" data-id=\"c4f572e\" data-element_type=\"column\" data-e-type=\"column\">\n\t\t\t<div class=\"elementor-widget-wrap elementor-element-populated\">\n\t\t\t\t\t\t<div class=\"elementor-element elementor-element-c71afb8 elementor-widget elementor-widget-heading\" data-id=\"c71afb8\" data-element_type=\"widget\" data-e-type=\"widget\" data-widget_type=\"heading.default\">\n\t\t\t\t<div class=\"elementor-widget-container\">\n\t\t\t\t\t<h3 class=\"elementor-heading-title elementor-size-default\">Podem ajudar-te<\/h3>\t\t\t\t<\/div>\n\t\t\t\t<\/div>\n\t\t\t\t<div class=\"elementor-element elementor-element-f1b643e elementor-widget elementor-widget-text-editor\" data-id=\"f1b643e\" data-element_type=\"widget\" data-e-type=\"widget\" data-widget_type=\"text-editor.default\">\n\t\t\t\t<div class=\"elementor-widget-container\">\n\t\t\t\t\t\t\t\t\t<p>Si tens problemes de <strong>manca de desig, manca de libido o inapet\u00e8ncia sexual,<\/strong>\u00a0t'animem a consultar-nos.<\/p><p>Si resideixes <strong>a Madrid o a Barcelona<\/strong> pots concertar una cita per email a <a href=\"mailto:sexducacion@sexducacion.com\">sexducacion@sexducacion.com<\/a>. Si no vius a cap d'aquestes ciutats, <strong>t'atenem en l\u00ednia.<\/strong> Les intervencions en l\u00ednia tenen una metodologia i una efic\u00e0cia similar a les intervencions presencials.<\/p>\t\t\t\t\t\t\t\t<\/div>\n\t\t\t\t<\/div>\n\t\t\t\t<div class=\"elementor-element elementor-element-1bbc985 elementor-widget elementor-widget-heading\" data-id=\"1bbc985\" data-element_type=\"widget\" data-e-type=\"widget\" data-widget_type=\"heading.default\">\n\t\t\t\t<div class=\"elementor-widget-container\">\n\t\t\t\t\t<h3 class=\"elementor-heading-title elementor-size-default\">En qu\u00e8 consisteix l'assessorament sexol\u00f2gic per a la manca de desig sexual?<\/h3>\t\t\t\t<\/div>\n\t\t\t\t<\/div>\n\t\t\t\t<div class=\"elementor-element elementor-element-9f9562e elementor-widget elementor-widget-text-editor\" data-id=\"9f9562e\" data-element_type=\"widget\" data-e-type=\"widget\" data-widget_type=\"text-editor.default\">\n\t\t\t\t<div class=\"elementor-widget-container\">\n\t\t\t\t\t\t\t\t\t<p>A la primera visita, la persona\u00a0<strong>experta en sexologia i educaci\u00f3 estudiar\u00e0 la dificultat de manca de desig\u00a0<\/strong>que la persona planteja per determinar el diagn\u00f2stic. S'explicar\u00e0 a la persona i\/o parella en qu\u00e8 consisteix aquesta dificultat i es far\u00e0 una proposta <strong>d'intervenci\u00f3 consensuada, personalitzada i conjunta<\/strong>\u00a0per abordar-la.<\/p><p>Al llarg de les visites, s'anir\u00e0\u00a0<strong>valorant l'evoluci\u00f3<\/strong>\u00a0i\u00a0<strong>s'adaptar\u00e0<\/strong>\u00a0en tot moment la\u00a0<strong>intervenci\u00f3 a les necessitats de la dona, de l'home i\/o de la parella.<\/strong><\/p><p><strong>La manca de desig sexual es pot tractar tant si es t\u00e9 parella com si no.<\/strong>\u00a0A l'assessorament sexol\u00f2gic de parelles, pot ser necessari l'atenci\u00f3 individual de cada membre de la parella per a un millor abordatge i comprensi\u00f3 de la dificultat o problema que presentin.<\/p><p>Les sessions tenen una durada aproximada d'1h.<\/p>\t\t\t\t\t\t\t\t<\/div>\n\t\t\t\t<\/div>\n\t\t\t\t\t<\/div>\n\t\t<\/div>\n\t\t\t\t\t<\/div>\n\t\t<\/section>\n\t\t\t\t<section class=\"elementor-section elementor-top-section elementor-element elementor-element-38e2867 elementor-section-boxed elementor-section-height-default elementor-section-height-default\" data-id=\"38e2867\" data-element_type=\"section\" data-e-type=\"section\">\n\t\t\t\t\t\t<div class=\"elementor-container elementor-column-gap-default\">\n\t\t\t\t\t<div class=\"elementor-column elementor-col-100 elementor-top-column elementor-element elementor-element-bb8594b\" data-id=\"bb8594b\" data-element_type=\"column\" data-e-type=\"column\">\n\t\t\t<div class=\"elementor-widget-wrap elementor-element-populated\">\n\t\t\t\t\t\t<div class=\"elementor-element elementor-element-f32672e elementor-widget elementor-widget-heading\" data-id=\"f32672e\" data-element_type=\"widget\" data-e-type=\"widget\" data-widget_type=\"heading.default\">\n\t\t\t\t<div class=\"elementor-widget-container\">\n\t\t\t\t\t<h3 class=\"elementor-heading-title elementor-size-default\">Tens alguna pregunta? Vols sol\u00b7licitar una cita?<\/h3>\t\t\t\t<\/div>\n\t\t\t\t<\/div>\n\t\t\t\t<div class=\"elementor-element elementor-element-ddd7c12 elementor-align-center elementor-widget elementor-widget-button\" data-id=\"ddd7c12\" data-element_type=\"widget\" data-e-type=\"widget\" data-widget_type=\"button.default\">\n\t\t\t\t<div class=\"elementor-widget-container\">\n\t\t\t\t\t\t\t\t\t<div class=\"elementor-button-wrapper\">\n\t\t\t\t\t<a class=\"elementor-button elementor-button-link elementor-size-sm\" href=\"https:\/\/sexducacion.com\/cat\/contacto\/\">\n\t\t\t\t\t\t<span class=\"elementor-button-content-wrapper\">\n\t\t\t\t\t\t\t\t\t<span class=\"elementor-button-text\">Contacta aqu\u00ed<\/span>\n\t\t\t\t\t<\/span>\n\t\t\t\t\t<\/a>\n\t\t\t\t<\/div>\n\t\t\t\t\t\t\t\t<\/div>\n\t\t\t\t<\/div>\n\t\t\t\t\t<\/div>\n\t\t<\/div>\n\t\t\t\t\t<\/div>\n\t\t<\/section>\n\t\t\t\t<\/div>","protected":false},"excerpt":{"rendered":"<p>Falta de deseo sexual Las personas que consultan por este tema, presentan un\u00a0bajo nivel de inter\u00e9s sexual, muchas\u00a0no consiguen disfrutar en los encuentros er\u00f3ticos\u00a0y algunas tienden a evitarlos. La falta de deseo sexual, tambi\u00e9n llamada\u00a0inhibici\u00f3n del deseo sexual, deseo sexual hipoactivo, inapetencia sexual o falta de libido, es un problema por el que consultan principalmente [&hellip;]<\/p>\n","protected":false},"author":1,"featured_media":0,"parent":0,"menu_order":0,"comment_status":"closed","ping_status":"closed","template":"","meta":{"_acf_changed":false,"site-sidebar-layout":"no-sidebar","site-content-layout":"page-builder","ast-site-content-layout":"default","site-content-style":"default","site-sidebar-style":"default","ast-global-header-display":"","ast-banner-title-visibility":"","ast-main-header-display":"","ast-hfb-above-header-display":"","ast-hfb-below-header-display":"","ast-hfb-mobile-header-display":"","site-post-title":"disabled","ast-breadcrumbs-content":"","ast-featured-img":"disabled","footer-sml-layout":"","ast-disable-related-posts":"","theme-transparent-header-meta":"","adv-header-id-meta":"","stick-header-meta":"","header-above-stick-meta":"","header-main-stick-meta":"","header-below-stick-meta":"","astra-migrate-meta-layouts":"default","ast-page-background-enabled":"default","ast-page-background-meta":{"desktop":{"background-color":"var(--ast-global-color-4)","background-image":"","background-repeat":"repeat","background-position":"center center","background-size":"auto","background-attachment":"scroll","background-type":"","background-media":"","overlay-type":"","overlay-color":"","overlay-opacity":"","overlay-gradient":""},"tablet":{"background-color":"","background-image":"","background-repeat":"repeat","background-position":"center center","background-size":"auto","background-attachment":"scroll","background-type":"","background-media":"","overlay-type":"","overlay-color":"","overlay-opacity":"","overlay-gradient":""},"mobile":{"background-color":"","background-image":"","background-repeat":"repeat","background-position":"center center","background-size":"auto","background-attachment":"scroll","background-type":"","background-media":"","overlay-type":"","overlay-color":"","overlay-opacity":"","overlay-gradient":""}},"ast-content-background-meta":{"desktop":{"background-color":"var(--ast-global-color-5)","background-image":"","background-repeat":"repeat","background-position":"center center","background-size":"auto","background-attachment":"scroll","background-type":"","background-media":"","overlay-type":"","overlay-color":"","overlay-opacity":"","overlay-gradient":""},"tablet":{"background-color":"var(--ast-global-color-5)","background-image":"","background-repeat":"repeat","background-position":"center center","background-size":"auto","background-attachment":"scroll","background-type":"","background-media":"","overlay-type":"","overlay-color":"","overlay-opacity":"","overlay-gradient":""},"mobile":{"background-color":"var(--ast-global-color-5)","background-image":"","background-repeat":"repeat","background-position":"center center","background-size":"auto","background-attachment":"scroll","background-type":"","background-media":"","overlay-type":"","overlay-color":"","overlay-opacity":"","overlay-gradient":""}},"footnotes":""},"class_list":["post-75","page","type-page","status-publish","hentry"],"acf":[],"yoast_head":"<!-- This site is optimized with the Yoast SEO plugin v27.3 - https:\/\/yoast.com\/product\/yoast-seo-wordpress\/ -->\n<title>Falta de deseo sexual | Sexducacion<\/title>\n<meta name=\"description\" content=\"La falta de deseo sexual, tambi\u00e9n llamada inhibici\u00f3n del deseo sexual, inapetencia sexual o falta de libido, es un problema bastante com\u00fan.\" \/>\n<meta name=\"robots\" content=\"index, follow, max-snippet:-1, max-image-preview:large, max-video-preview:-1\" \/>\n<link rel=\"canonical\" href=\"https:\/\/sexducacion.com\/cat\/falta-de-deseo-sexual\/\" \/>\n<meta property=\"og:locale\" content=\"ca_ES\" \/>\n<meta property=\"og:type\" content=\"article\" \/>\n<meta property=\"og:title\" content=\"Falta de deseo sexual | Sexducacion\" \/>\n<meta property=\"og:description\" content=\"La falta de deseo sexual, tambi\u00e9n llamada inhibici\u00f3n del deseo sexual, inapetencia sexual o falta de libido, es un problema bastante com\u00fan.\" \/>\n<meta property=\"og:url\" content=\"https:\/\/sexducacion.com\/cat\/falta-de-deseo-sexual\/\" \/>\n<meta property=\"og:site_name\" content=\"Sexducacion\" \/>\n<meta property=\"article:modified_time\" content=\"2024-11-26T16:22:39+00:00\" \/>\n<meta property=\"og:image\" content=\"https:\/\/sexducacion.com\/wp-content\/uploads\/2022\/07\/falta-de-deseo-sexual.jpeg\" \/>\n\t<meta property=\"og:image:width\" content=\"709\" \/>\n\t<meta property=\"og:image:height\" content=\"562\" \/>\n\t<meta property=\"og:image:type\" content=\"image\/jpeg\" \/>\n<meta name=\"twitter:card\" content=\"summary_large_image\" \/>\n<meta name=\"twitter:label1\" content=\"Temps estimat de lectura\" \/>\n\t<meta name=\"twitter:data1\" content=\"3 minuts\" \/>\n<script type=\"application\/ld+json\" class=\"yoast-schema-graph\">{\"@context\":\"https:\\\/\\\/schema.org\",\"@graph\":[{\"@type\":\"WebPage\",\"@id\":\"https:\\\/\\\/sexducacion.com\\\/falta-de-deseo-sexual\\\/\",\"url\":\"https:\\\/\\\/sexducacion.com\\\/falta-de-deseo-sexual\\\/\",\"name\":\"Falta de deseo sexual | Sexducacion\",\"isPartOf\":{\"@id\":\"https:\\\/\\\/sexducacion.com\\\/#website\"},\"primaryImageOfPage\":{\"@id\":\"https:\\\/\\\/sexducacion.com\\\/falta-de-deseo-sexual\\\/#primaryimage\"},\"image\":{\"@id\":\"https:\\\/\\\/sexducacion.com\\\/falta-de-deseo-sexual\\\/#primaryimage\"},\"thumbnailUrl\":\"https:\\\/\\\/sexducacion.com\\\/wp-content\\\/uploads\\\/2022\\\/07\\\/falta-de-deseo-sexual.jpeg\",\"datePublished\":\"2022-06-09T17:31:58+00:00\",\"dateModified\":\"2024-11-26T16:22:39+00:00\",\"description\":\"La falta de deseo sexual, tambi\u00e9n llamada inhibici\u00f3n del deseo sexual, inapetencia sexual o falta de libido, es un problema bastante com\u00fan.\",\"breadcrumb\":{\"@id\":\"https:\\\/\\\/sexducacion.com\\\/falta-de-deseo-sexual\\\/#breadcrumb\"},\"inLanguage\":\"ca\",\"potentialAction\":[{\"@type\":\"ReadAction\",\"target\":[\"https:\\\/\\\/sexducacion.com\\\/falta-de-deseo-sexual\\\/\"]}]},{\"@type\":\"ImageObject\",\"inLanguage\":\"ca\",\"@id\":\"https:\\\/\\\/sexducacion.com\\\/falta-de-deseo-sexual\\\/#primaryimage\",\"url\":\"https:\\\/\\\/sexducacion.com\\\/wp-content\\\/uploads\\\/2022\\\/07\\\/falta-de-deseo-sexual.jpeg\",\"contentUrl\":\"https:\\\/\\\/sexducacion.com\\\/wp-content\\\/uploads\\\/2022\\\/07\\\/falta-de-deseo-sexual.jpeg\"},{\"@type\":\"BreadcrumbList\",\"@id\":\"https:\\\/\\\/sexducacion.com\\\/falta-de-deseo-sexual\\\/#breadcrumb\",\"itemListElement\":[{\"@type\":\"ListItem\",\"position\":1,\"name\":\"Portada\",\"item\":\"https:\\\/\\\/sexducacion.com\\\/\"},{\"@type\":\"ListItem\",\"position\":2,\"name\":\"Falta de deseo sexual\"}]},{\"@type\":\"WebSite\",\"@id\":\"https:\\\/\\\/sexducacion.com\\\/#website\",\"url\":\"https:\\\/\\\/sexducacion.com\\\/\",\"name\":\"Sexducacion\",\"description\":\"Espacio online de educaci\u00f3n sexual dirigido a familias, profesionales y toda persona interesada en la educaci\u00f3n sexual.\",\"publisher\":{\"@id\":\"https:\\\/\\\/sexducacion.com\\\/#organization\"},\"potentialAction\":[{\"@type\":\"SearchAction\",\"target\":{\"@type\":\"EntryPoint\",\"urlTemplate\":\"https:\\\/\\\/sexducacion.com\\\/?s={search_term_string}\"},\"query-input\":{\"@type\":\"PropertyValueSpecification\",\"valueRequired\":true,\"valueName\":\"search_term_string\"}}],\"inLanguage\":\"ca\"},{\"@type\":\"Organization\",\"@id\":\"https:\\\/\\\/sexducacion.com\\\/#organization\",\"name\":\"Sexducacion\",\"url\":\"https:\\\/\\\/sexducacion.com\\\/\",\"logo\":{\"@type\":\"ImageObject\",\"inLanguage\":\"ca\",\"@id\":\"https:\\\/\\\/sexducacion.com\\\/#\\\/schema\\\/logo\\\/image\\\/\",\"url\":\"https:\\\/\\\/sexducacion.com\\\/wp-content\\\/uploads\\\/2022\\\/06\\\/Logo-corazo\u0301n-fuerte.png\",\"contentUrl\":\"https:\\\/\\\/sexducacion.com\\\/wp-content\\\/uploads\\\/2022\\\/06\\\/Logo-corazo\u0301n-fuerte.png\",\"width\":1819,\"height\":545,\"caption\":\"Sexducacion\"},\"image\":{\"@id\":\"https:\\\/\\\/sexducacion.com\\\/#\\\/schema\\\/logo\\\/image\\\/\"}}]}<\/script>\n<!-- \/ Yoast SEO plugin. -->","yoast_head_json":{"title":"Falta de deseo sexual | Sexducacion","description":"La falta de deseo sexual, tambi\u00e9n llamada inhibici\u00f3n del deseo sexual, inapetencia sexual o falta de libido, es un problema bastante com\u00fan.","robots":{"index":"index","follow":"follow","max-snippet":"max-snippet:-1","max-image-preview":"max-image-preview:large","max-video-preview":"max-video-preview:-1"},"canonical":"https:\/\/sexducacion.com\/cat\/falta-de-deseo-sexual\/","og_locale":"ca_ES","og_type":"article","og_title":"Falta de deseo sexual | Sexducacion","og_description":"La falta de deseo sexual, tambi\u00e9n llamada inhibici\u00f3n del deseo sexual, inapetencia sexual o falta de libido, es un problema bastante com\u00fan.","og_url":"https:\/\/sexducacion.com\/cat\/falta-de-deseo-sexual\/","og_site_name":"Sexducacion","article_modified_time":"2024-11-26T16:22:39+00:00","og_image":[{"width":709,"height":562,"url":"https:\/\/sexducacion.com\/wp-content\/uploads\/2022\/07\/falta-de-deseo-sexual.jpeg","type":"image\/jpeg"}],"twitter_card":"summary_large_image","twitter_misc":{"Temps estimat de lectura":"3 minuts"},"schema":{"@context":"https:\/\/schema.org","@graph":[{"@type":"WebPage","@id":"https:\/\/sexducacion.com\/falta-de-deseo-sexual\/","url":"https:\/\/sexducacion.com\/falta-de-deseo-sexual\/","name":"Falta de deseo sexual | Sexducacion","isPartOf":{"@id":"https:\/\/sexducacion.com\/#website"},"primaryImageOfPage":{"@id":"https:\/\/sexducacion.com\/falta-de-deseo-sexual\/#primaryimage"},"image":{"@id":"https:\/\/sexducacion.com\/falta-de-deseo-sexual\/#primaryimage"},"thumbnailUrl":"https:\/\/sexducacion.com\/wp-content\/uploads\/2022\/07\/falta-de-deseo-sexual.jpeg","datePublished":"2022-06-09T17:31:58+00:00","dateModified":"2024-11-26T16:22:39+00:00","description":"La falta de deseo sexual, tambi\u00e9n llamada inhibici\u00f3n del deseo sexual, inapetencia sexual o falta de libido, es un problema bastante com\u00fan.","breadcrumb":{"@id":"https:\/\/sexducacion.com\/falta-de-deseo-sexual\/#breadcrumb"},"inLanguage":"ca","potentialAction":[{"@type":"ReadAction","target":["https:\/\/sexducacion.com\/falta-de-deseo-sexual\/"]}]},{"@type":"ImageObject","inLanguage":"ca","@id":"https:\/\/sexducacion.com\/falta-de-deseo-sexual\/#primaryimage","url":"https:\/\/sexducacion.com\/wp-content\/uploads\/2022\/07\/falta-de-deseo-sexual.jpeg","contentUrl":"https:\/\/sexducacion.com\/wp-content\/uploads\/2022\/07\/falta-de-deseo-sexual.jpeg"},{"@type":"BreadcrumbList","@id":"https:\/\/sexducacion.com\/falta-de-deseo-sexual\/#breadcrumb","itemListElement":[{"@type":"ListItem","position":1,"name":"Portada","item":"https:\/\/sexducacion.com\/"},{"@type":"ListItem","position":2,"name":"Falta de deseo sexual"}]},{"@type":"WebSite","@id":"https:\/\/sexducacion.com\/#website","url":"https:\/\/sexducacion.com\/","name":"Sexducacion","description":"Espacio online de educaci\u00f3n sexual dirigido a familias, profesionales y toda persona interesada en la educaci\u00f3n sexual.","publisher":{"@id":"https:\/\/sexducacion.com\/#organization"},"potentialAction":[{"@type":"SearchAction","target":{"@type":"EntryPoint","urlTemplate":"https:\/\/sexducacion.com\/?s={search_term_string}"},"query-input":{"@type":"PropertyValueSpecification","valueRequired":true,"valueName":"search_term_string"}}],"inLanguage":"ca"},{"@type":"Organization","@id":"https:\/\/sexducacion.com\/#organization","name":"Sexducacion","url":"https:\/\/sexducacion.com\/","logo":{"@type":"ImageObject","inLanguage":"ca","@id":"https:\/\/sexducacion.com\/#\/schema\/logo\/image\/","url":"https:\/\/sexducacion.com\/wp-content\/uploads\/2022\/06\/Logo-corazo\u0301n-fuerte.png","contentUrl":"https:\/\/sexducacion.com\/wp-content\/uploads\/2022\/06\/Logo-corazo\u0301n-fuerte.png","width":1819,"height":545,"caption":"Sexducacion"},"image":{"@id":"https:\/\/sexducacion.com\/#\/schema\/logo\/image\/"}}]}},"_links":{"self":[{"href":"https:\/\/sexducacion.com\/cat\/wp-json\/wp\/v2\/pages\/75","targetHints":{"allow":["GET"]}}],"collection":[{"href":"https:\/\/sexducacion.com\/cat\/wp-json\/wp\/v2\/pages"}],"about":[{"href":"https:\/\/sexducacion.com\/cat\/wp-json\/wp\/v2\/types\/page"}],"author":[{"embeddable":true,"href":"https:\/\/sexducacion.com\/cat\/wp-json\/wp\/v2\/users\/1"}],"replies":[{"embeddable":true,"href":"https:\/\/sexducacion.com\/cat\/wp-json\/wp\/v2\/comments?post=75"}],"version-history":[{"count":56,"href":"https:\/\/sexducacion.com\/cat\/wp-json\/wp\/v2\/pages\/75\/revisions"}],"predecessor-version":[{"id":16534,"href":"https:\/\/sexducacion.com\/cat\/wp-json\/wp\/v2\/pages\/75\/revisions\/16534"}],"wp:attachment":[{"href":"https:\/\/sexducacion.com\/cat\/wp-json\/wp\/v2\/media?parent=75"}],"curies":[{"name":"wp","href":"https:\/\/api.w.org\/{rel}","templated":true}]}}