{"id":73,"date":"2022-06-09T17:31:39","date_gmt":"2022-06-09T17:31:39","guid":{"rendered":"http:\/\/sexducacion.com\/?page_id=73"},"modified":"2023-01-20T09:45:05","modified_gmt":"2023-01-20T09:45:05","slug":"eyaculacion-precoz","status":"publish","type":"page","link":"https:\/\/sexducacion.com\/cat\/eyaculacion-precoz\/","title":{"rendered":"Ejaculaci\u00f3 preco\u00e7"},"content":{"rendered":"<div data-elementor-type=\"wp-page\" data-elementor-id=\"73\" class=\"elementor elementor-73\" data-elementor-post-type=\"page\">\n\t\t\t\t\t\t<section class=\"elementor-section elementor-top-section elementor-element elementor-element-7203abd elementor-section-height-min-height elementor-section-boxed elementor-section-height-default elementor-section-items-middle\" data-id=\"7203abd\" data-element_type=\"section\" data-e-type=\"section\" data-settings=\"{&quot;background_background&quot;:&quot;classic&quot;}\">\n\t\t\t\t\t\t<div class=\"elementor-container elementor-column-gap-default\">\n\t\t\t\t\t<div class=\"elementor-column elementor-col-100 elementor-top-column elementor-element elementor-element-2ecb94a\" data-id=\"2ecb94a\" data-element_type=\"column\" data-e-type=\"column\">\n\t\t\t<div class=\"elementor-widget-wrap elementor-element-populated\">\n\t\t\t\t\t\t<div class=\"elementor-element elementor-element-1fcfac8 elementor-widget elementor-widget-heading\" data-id=\"1fcfac8\" data-element_type=\"widget\" data-e-type=\"widget\" data-widget_type=\"heading.default\">\n\t\t\t\t<div class=\"elementor-widget-container\">\n\t\t\t\t\t<h1 class=\"elementor-heading-title elementor-size-default\">Ejaculaci\u00f3 preco\u00e7<\/h1>\t\t\t\t<\/div>\n\t\t\t\t<\/div>\n\t\t\t\t<div class=\"elementor-element elementor-element-ddbf89d elementor-widget elementor-widget-text-editor\" data-id=\"ddbf89d\" data-element_type=\"widget\" data-e-type=\"widget\" data-widget_type=\"text-editor.default\">\n\t\t\t\t<div class=\"elementor-widget-container\">\n\t\t\t\t\t\t\t\t\t<p>L'ejaculaci\u00f3 preco\u00e7 es caracteritza per una <strong>manca de control voluntari<\/strong> sobre l'ejaculaci\u00f3 que pot afectar de manera negativa la vida sexual de l'home i la parella.<\/p>\t\t\t\t\t\t\t\t<\/div>\n\t\t\t\t<\/div>\n\t\t\t\t\t<\/div>\n\t\t<\/div>\n\t\t\t\t\t<\/div>\n\t\t<\/section>\n\t\t\t\t<section class=\"elementor-section elementor-top-section elementor-element elementor-element-962d777 elementor-section-boxed elementor-section-height-default elementor-section-height-default\" data-id=\"962d777\" data-element_type=\"section\" data-e-type=\"section\">\n\t\t\t\t\t\t<div class=\"elementor-container elementor-column-gap-default\">\n\t\t\t\t\t<div class=\"elementor-column elementor-col-100 elementor-top-column elementor-element elementor-element-de663c8\" data-id=\"de663c8\" data-element_type=\"column\" data-e-type=\"column\">\n\t\t\t<div class=\"elementor-widget-wrap elementor-element-populated\">\n\t\t\t\t\t\t<div class=\"elementor-element elementor-element-8a3b818 elementor-widget elementor-widget-text-editor\" data-id=\"8a3b818\" data-element_type=\"widget\" data-e-type=\"widget\" data-widget_type=\"text-editor.default\">\n\t\t\t\t<div class=\"elementor-widget-container\">\n\t\t\t\t\t\t\t\t\t<p><strong>Els homes<\/strong>\u00a0que consulten per aquest tema\u00a0<strong>estan insatisfets amb el temps d'ejaculaci\u00f3 per considerar-lo insuficient<\/strong>. L'ejaculaci\u00f3 preco\u00e7 es caracteritza per una manca de control voluntari sobre l'ejaculaci\u00f3 que pot afectar negativament la vida sexual de l'home i de la parella.<\/p><p>Alguns homes que pateixen ejaculaci\u00f3 preco\u00e7\u00a0<strong>no aconsegueixen gaudir<\/strong>\u00a0de les relacions sexuals, poden sentir-se\u00a0<strong>frustrats, culpables<\/strong>\u00a0i poden arribar a\u00a0<strong>evitar les relacions coitals<\/strong>. Les causes de l'ejaculaci\u00f3 preco\u00e7 es deu a m\u00faltiples factors fins i tot en una mateixa persona; de vegades el\u00a0<strong>cansament, l'estr\u00e8s, les preocupacions i la manca de desig,<\/strong>\u00a0pot produir una ejaculaci\u00f3 no esperada. Tamb\u00e9 la\u00a0<strong>relaci\u00f3 de parella i el model de trobada er\u00f2tica<\/strong>\u00a0que la parella comparteixi, facilitar\u00e0 o dificultar\u00e0 la resoluci\u00f3 del problema.<\/p>\t\t\t\t\t\t\t\t<\/div>\n\t\t\t\t<\/div>\n\t\t\t\t\t<\/div>\n\t\t<\/div>\n\t\t\t\t\t<\/div>\n\t\t<\/section>\n\t\t\t\t<section class=\"elementor-section elementor-top-section elementor-element elementor-element-124a534 elementor-section-boxed elementor-section-height-default elementor-section-height-default\" data-id=\"124a534\" data-element_type=\"section\" data-e-type=\"section\">\n\t\t\t\t\t\t<div class=\"elementor-container elementor-column-gap-default\">\n\t\t\t\t\t<div class=\"elementor-column elementor-col-100 elementor-top-column elementor-element elementor-element-ae424a5\" data-id=\"ae424a5\" data-element_type=\"column\" data-e-type=\"column\">\n\t\t\t<div class=\"elementor-widget-wrap elementor-element-populated\">\n\t\t\t\t\t\t<div class=\"elementor-element elementor-element-578d1bd elementor-widget elementor-widget-image\" data-id=\"578d1bd\" data-element_type=\"widget\" data-e-type=\"widget\" data-widget_type=\"image.default\">\n\t\t\t\t<div class=\"elementor-widget-container\">\n\t\t\t\t\t\t\t\t\t\t\t\t\t\t\t<img fetchpriority=\"high\" decoding=\"async\" width=\"1000\" height=\"622\" src=\"https:\/\/sexducacion.com\/wp-content\/uploads\/2022\/07\/eyaculacio\u0301n-precoz.jpeg\" class=\"attachment-large size-large wp-image-12899\" alt=\"\" srcset=\"https:\/\/sexducacion.com\/wp-content\/uploads\/2022\/07\/eyaculacio\u0301n-precoz.jpeg 1000w, https:\/\/sexducacion.com\/wp-content\/uploads\/2022\/07\/eyaculacio\u0301n-precoz-300x187.jpeg 300w, https:\/\/sexducacion.com\/wp-content\/uploads\/2022\/07\/eyaculacio\u0301n-precoz-768x478.jpeg 768w, https:\/\/sexducacion.com\/wp-content\/uploads\/2022\/07\/eyaculacio\u0301n-precoz-18x12.jpeg 18w\" sizes=\"(max-width: 1000px) 100vw, 1000px\" \/>\t\t\t\t\t\t\t\t\t\t\t\t\t\t\t<\/div>\n\t\t\t\t<\/div>\n\t\t\t\t\t<\/div>\n\t\t<\/div>\n\t\t\t\t\t<\/div>\n\t\t<\/section>\n\t\t\t\t<section class=\"elementor-section elementor-top-section elementor-element elementor-element-ae75ef3 elementor-section-boxed elementor-section-height-default elementor-section-height-default\" data-id=\"ae75ef3\" data-element_type=\"section\" data-e-type=\"section\">\n\t\t\t\t\t\t<div class=\"elementor-container elementor-column-gap-default\">\n\t\t\t\t\t<div class=\"elementor-column elementor-col-100 elementor-top-column elementor-element elementor-element-c8c682e\" data-id=\"c8c682e\" data-element_type=\"column\" data-e-type=\"column\">\n\t\t\t<div class=\"elementor-widget-wrap elementor-element-populated\">\n\t\t\t\t\t\t<div class=\"elementor-element elementor-element-b336eba elementor-widget elementor-widget-heading\" data-id=\"b336eba\" data-element_type=\"widget\" data-e-type=\"widget\" data-widget_type=\"heading.default\">\n\t\t\t\t<div class=\"elementor-widget-container\">\n\t\t\t\t\t<h3 class=\"elementor-heading-title elementor-size-default\">Podem ajudar-te<\/h3>\t\t\t\t<\/div>\n\t\t\t\t<\/div>\n\t\t\t\t<div class=\"elementor-element elementor-element-ed98b12 elementor-widget elementor-widget-text-editor\" data-id=\"ed98b12\" data-element_type=\"widget\" data-e-type=\"widget\" data-widget_type=\"text-editor.default\">\n\t\t\t\t<div class=\"elementor-widget-container\">\n\t\t\t\t\t\t\t\t\t<p>Si tens problemes d'ejaculaci\u00f3 preco\u00e7 o est\u00e0s insatisfet pel temps d'ejaculaci\u00f3, t'animem a consultar-nos.L'assessorament sexol\u00f2gic per a l'ejaculaci\u00f3 preco\u00e7 t\u00e9 un\u00a0<strong>percentatge molt elevat de recuperaci\u00f3, especialment si l'home est\u00e0 motivat i en cas que hi hagi parella, la parella est\u00e0 disposada a col\u00b7laborar. <\/strong><\/p><p>Si resides a <strong>Madrid o Barcelona<\/strong> pots concertar una cita per email a <strong><a href=\"mailto:sexducacion@sexducacion.com\">sexducacion@sexducacion.com<\/a><\/strong>. Si no vius a cap d'aquestes ciutats, <strong>t'atenem de manera online<\/strong>. Les intervencions en l\u00ednia tenen una metodologia i una efic\u00e0cia similar a les intervencions en persona.<\/p>\t\t\t\t\t\t\t\t<\/div>\n\t\t\t\t<\/div>\n\t\t\t\t<div class=\"elementor-element elementor-element-9d3e498 elementor-widget elementor-widget-heading\" data-id=\"9d3e498\" data-element_type=\"widget\" data-e-type=\"widget\" data-widget_type=\"heading.default\">\n\t\t\t\t<div class=\"elementor-widget-container\">\n\t\t\t\t\t<h3 class=\"elementor-heading-title elementor-size-default\">En qu\u00e8 consisteix l'assessorament sexol\u00f2gic per a l'ejaculaci\u00f3 preco\u00e7?<\/h3>\t\t\t\t<\/div>\n\t\t\t\t<\/div>\n\t\t\t\t<div class=\"elementor-element elementor-element-97b1a7c elementor-widget elementor-widget-text-editor\" data-id=\"97b1a7c\" data-element_type=\"widget\" data-e-type=\"widget\" data-widget_type=\"text-editor.default\">\n\t\t\t\t<div class=\"elementor-widget-container\">\n\t\t\t\t\t\t\t\t\t<p>A la primera visita, la persona\u00a0<strong>experta en sexologia i educaci\u00f3 estudiar\u00e0 la dificultat d'ejaculaci\u00f3 preco\u00e7\u00a0<\/strong>que l'home planteja per determinar el\u00a0<strong>diagn\u00f2stic, detectant les causes que estan a l'origen o mantenint el problema. S'explicar\u00e0 a l'home i\/o la parella\u00a0<\/strong>en qu\u00e8 consisteix aquesta dificultat i es far\u00e0 una proposta\u00a0<strong>d'intervenci\u00f3 consensuada, personalitzada i conjunta\u00a0<\/strong>per abordar-la.<\/p><p>Les intervencions inclouran:<\/p><ul><li><strong>Informaci\u00f3 i assessorament sexual.<\/strong><\/li><li>Informaci\u00f3 sobre el\u00a0<strong>funcionament de l'ejaculaci\u00f3 masculina.<\/strong><\/li><li><strong>Enriquiment<\/strong>\u00a0de les\u00a0<strong>trobades er\u00f2tiques.<\/strong><\/li><li><strong>Coneixement<\/strong>\u00a0del cos i de la\u00a0<strong>sexualitat masculina i femenina.<\/strong><\/li><li><strong>Tasques<\/strong>\u00a0per facilitar el<strong>\u00a0plaer\u00a0<\/strong>i<strong>\u00a0l'orgasme<\/strong>\u00a0en solitari i en parella (si n'hi ha) i exercicis per millorar el\u00a0<strong>control de l'ejaculaci\u00f3.<\/strong><\/li><\/ul><p>Al llarg de les visites, s'anir\u00e0\u00a0<strong>valorant l'evoluci\u00f3<\/strong>\u00a0i\u00a0<strong>s'adaptar\u00e0<\/strong>\u00a0en tot moment la\u00a0<strong>intervenci\u00f3 a les necessitats de lhome i\/o de la parella.<\/strong><\/p><p><strong>L'ejaculaci\u00f3 preco\u00e7 es pot tractar tant si es t\u00e9 parella com si no.<\/strong>\u00a0A l'assessorament sexol\u00f2gic de parelles, pot ser necessari l'atenci\u00f3 individual de cada membre de la parella per a un millor abordatge i comprensi\u00f3 de la dificultat o problema que presentin.<\/p><p>Les sessions tenen una durada aproximada d'1h.<\/p>\t\t\t\t\t\t\t\t<\/div>\n\t\t\t\t<\/div>\n\t\t\t\t\t<\/div>\n\t\t<\/div>\n\t\t\t\t\t<\/div>\n\t\t<\/section>\n\t\t\t\t<section class=\"elementor-section elementor-top-section elementor-element elementor-element-b1c1a44 elementor-section-boxed elementor-section-height-default elementor-section-height-default\" data-id=\"b1c1a44\" data-element_type=\"section\" data-e-type=\"section\">\n\t\t\t\t\t\t<div class=\"elementor-container elementor-column-gap-default\">\n\t\t\t\t\t<div class=\"elementor-column elementor-col-100 elementor-top-column elementor-element elementor-element-993833f\" data-id=\"993833f\" data-element_type=\"column\" data-e-type=\"column\">\n\t\t\t<div class=\"elementor-widget-wrap elementor-element-populated\">\n\t\t\t\t\t\t<div class=\"elementor-element elementor-element-f94de9a elementor-widget elementor-widget-heading\" data-id=\"f94de9a\" data-element_type=\"widget\" data-e-type=\"widget\" data-widget_type=\"heading.default\">\n\t\t\t\t<div class=\"elementor-widget-container\">\n\t\t\t\t\t<h3 class=\"elementor-heading-title elementor-size-default\">Tens alguna pregunta? Vols sol\u00b7licitar una cita?<\/h3>\t\t\t\t<\/div>\n\t\t\t\t<\/div>\n\t\t\t\t<div class=\"elementor-element elementor-element-a5f3878 elementor-align-center elementor-widget elementor-widget-button\" data-id=\"a5f3878\" data-element_type=\"widget\" data-e-type=\"widget\" data-widget_type=\"button.default\">\n\t\t\t\t<div class=\"elementor-widget-container\">\n\t\t\t\t\t\t\t\t\t<div class=\"elementor-button-wrapper\">\n\t\t\t\t\t<a class=\"elementor-button elementor-button-link elementor-size-sm\" href=\"https:\/\/sexducacion.com\/cat\/contacto\/\">\n\t\t\t\t\t\t<span class=\"elementor-button-content-wrapper\">\n\t\t\t\t\t\t\t\t\t<span class=\"elementor-button-text\">Contacta aqu\u00ed<\/span>\n\t\t\t\t\t<\/span>\n\t\t\t\t\t<\/a>\n\t\t\t\t<\/div>\n\t\t\t\t\t\t\t\t<\/div>\n\t\t\t\t<\/div>\n\t\t\t\t\t<\/div>\n\t\t<\/div>\n\t\t\t\t\t<\/div>\n\t\t<\/section>\n\t\t\t\t<\/div>","protected":false},"excerpt":{"rendered":"<p>Eyaculaci\u00f3n precoz La eyaculaci\u00f3n precoz se caracteriza por una falta de control voluntario sobre la eyaculaci\u00f3n que puede afectar de manera negativa a la vida sexual del hombre y de la pareja. Los\u00a0hombres\u00a0que consultan por este tema\u00a0est\u00e1n insatisfechos con el tiempo de eyaculaci\u00f3n por considerarlo insuficiente. La eyaculaci\u00f3n precoz se caracteriza por una falta de [&hellip;]<\/p>\n","protected":false},"author":1,"featured_media":0,"parent":0,"menu_order":0,"comment_status":"closed","ping_status":"closed","template":"","meta":{"_acf_changed":false,"site-sidebar-layout":"no-sidebar","site-content-layout":"page-builder","ast-site-content-layout":"default","site-content-style":"default","site-sidebar-style":"default","ast-global-header-display":"","ast-banner-title-visibility":"","ast-main-header-display":"","ast-hfb-above-header-display":"","ast-hfb-below-header-display":"","ast-hfb-mobile-header-display":"","site-post-title":"disabled","ast-breadcrumbs-content":"","ast-featured-img":"disabled","footer-sml-layout":"","ast-disable-related-posts":"","theme-transparent-header-meta":"","adv-header-id-meta":"","stick-header-meta":"","header-above-stick-meta":"","header-main-stick-meta":"","header-below-stick-meta":"","astra-migrate-meta-layouts":"default","ast-page-background-enabled":"default","ast-page-background-meta":{"desktop":{"background-color":"var(--ast-global-color-4)","background-image":"","background-repeat":"repeat","background-position":"center center","background-size":"auto","background-attachment":"scroll","background-type":"","background-media":"","overlay-type":"","overlay-color":"","overlay-opacity":"","overlay-gradient":""},"tablet":{"background-color":"","background-image":"","background-repeat":"repeat","background-position":"center center","background-size":"auto","background-attachment":"scroll","background-type":"","background-media":"","overlay-type":"","overlay-color":"","overlay-opacity":"","overlay-gradient":""},"mobile":{"background-color":"","background-image":"","background-repeat":"repeat","background-position":"center center","background-size":"auto","background-attachment":"scroll","background-type":"","background-media":"","overlay-type":"","overlay-color":"","overlay-opacity":"","overlay-gradient":""}},"ast-content-background-meta":{"desktop":{"background-color":"var(--ast-global-color-5)","background-image":"","background-repeat":"repeat","background-position":"center center","background-size":"auto","background-attachment":"scroll","background-type":"","background-media":"","overlay-type":"","overlay-color":"","overlay-opacity":"","overlay-gradient":""},"tablet":{"background-color":"var(--ast-global-color-5)","background-image":"","background-repeat":"repeat","background-position":"center center","background-size":"auto","background-attachment":"scroll","background-type":"","background-media":"","overlay-type":"","overlay-color":"","overlay-opacity":"","overlay-gradient":""},"mobile":{"background-color":"var(--ast-global-color-5)","background-image":"","background-repeat":"repeat","background-position":"center center","background-size":"auto","background-attachment":"scroll","background-type":"","background-media":"","overlay-type":"","overlay-color":"","overlay-opacity":"","overlay-gradient":""}},"footnotes":""},"class_list":["post-73","page","type-page","status-publish","hentry"],"acf":[],"yoast_head":"<!-- This site is optimized with the Yoast SEO plugin v27.3 - https:\/\/yoast.com\/product\/yoast-seo-wordpress\/ -->\n<title>Eyaculaci\u00f3n precoz | Sexducacion<\/title>\n<meta name=\"description\" content=\"La eyaculaci\u00f3n precoz se caracteriza por una falta de control voluntario sobre la eyaculaci\u00f3n que puede afectar de manera negativa.\" \/>\n<meta name=\"robots\" content=\"index, follow, max-snippet:-1, max-image-preview:large, max-video-preview:-1\" \/>\n<link rel=\"canonical\" href=\"https:\/\/sexducacion.com\/cat\/eyaculacion-precoz\/\" \/>\n<meta property=\"og:locale\" content=\"ca_ES\" \/>\n<meta property=\"og:type\" content=\"article\" \/>\n<meta property=\"og:title\" content=\"Eyaculaci\u00f3n precoz | Sexducacion\" \/>\n<meta property=\"og:description\" content=\"La eyaculaci\u00f3n precoz se caracteriza por una falta de control voluntario sobre la eyaculaci\u00f3n que puede afectar de manera negativa.\" \/>\n<meta property=\"og:url\" content=\"https:\/\/sexducacion.com\/cat\/eyaculacion-precoz\/\" \/>\n<meta property=\"og:site_name\" content=\"Sexducacion\" \/>\n<meta property=\"article:modified_time\" content=\"2023-01-20T09:45:05+00:00\" \/>\n<meta name=\"twitter:card\" content=\"summary_large_image\" \/>\n<meta name=\"twitter:label1\" content=\"Temps estimat de lectura\" \/>\n\t<meta name=\"twitter:data1\" content=\"3 minuts\" \/>\n<script type=\"application\/ld+json\" class=\"yoast-schema-graph\">{\"@context\":\"https:\\\/\\\/schema.org\",\"@graph\":[{\"@type\":\"WebPage\",\"@id\":\"https:\\\/\\\/sexducacion.com\\\/eyaculacion-precoz\\\/\",\"url\":\"https:\\\/\\\/sexducacion.com\\\/eyaculacion-precoz\\\/\",\"name\":\"Eyaculaci\u00f3n precoz | Sexducacion\",\"isPartOf\":{\"@id\":\"https:\\\/\\\/sexducacion.com\\\/#website\"},\"datePublished\":\"2022-06-09T17:31:39+00:00\",\"dateModified\":\"2023-01-20T09:45:05+00:00\",\"description\":\"La eyaculaci\u00f3n precoz se caracteriza por una falta de control voluntario sobre la eyaculaci\u00f3n que puede afectar de manera negativa.\",\"breadcrumb\":{\"@id\":\"https:\\\/\\\/sexducacion.com\\\/eyaculacion-precoz\\\/#breadcrumb\"},\"inLanguage\":\"ca\",\"potentialAction\":[{\"@type\":\"ReadAction\",\"target\":[\"https:\\\/\\\/sexducacion.com\\\/eyaculacion-precoz\\\/\"]}]},{\"@type\":\"BreadcrumbList\",\"@id\":\"https:\\\/\\\/sexducacion.com\\\/eyaculacion-precoz\\\/#breadcrumb\",\"itemListElement\":[{\"@type\":\"ListItem\",\"position\":1,\"name\":\"Portada\",\"item\":\"https:\\\/\\\/sexducacion.com\\\/\"},{\"@type\":\"ListItem\",\"position\":2,\"name\":\"Eyaculaci\u00f3n precoz\"}]},{\"@type\":\"WebSite\",\"@id\":\"https:\\\/\\\/sexducacion.com\\\/#website\",\"url\":\"https:\\\/\\\/sexducacion.com\\\/\",\"name\":\"Sexducacion\",\"description\":\"Espacio online de educaci\u00f3n sexual dirigido a familias, profesionales y toda persona interesada en la educaci\u00f3n sexual.\",\"publisher\":{\"@id\":\"https:\\\/\\\/sexducacion.com\\\/#organization\"},\"potentialAction\":[{\"@type\":\"SearchAction\",\"target\":{\"@type\":\"EntryPoint\",\"urlTemplate\":\"https:\\\/\\\/sexducacion.com\\\/?s={search_term_string}\"},\"query-input\":{\"@type\":\"PropertyValueSpecification\",\"valueRequired\":true,\"valueName\":\"search_term_string\"}}],\"inLanguage\":\"ca\"},{\"@type\":\"Organization\",\"@id\":\"https:\\\/\\\/sexducacion.com\\\/#organization\",\"name\":\"Sexducacion\",\"url\":\"https:\\\/\\\/sexducacion.com\\\/\",\"logo\":{\"@type\":\"ImageObject\",\"inLanguage\":\"ca\",\"@id\":\"https:\\\/\\\/sexducacion.com\\\/#\\\/schema\\\/logo\\\/image\\\/\",\"url\":\"https:\\\/\\\/sexducacion.com\\\/wp-content\\\/uploads\\\/2022\\\/06\\\/Logo-corazo\u0301n-fuerte.png\",\"contentUrl\":\"https:\\\/\\\/sexducacion.com\\\/wp-content\\\/uploads\\\/2022\\\/06\\\/Logo-corazo\u0301n-fuerte.png\",\"width\":1819,\"height\":545,\"caption\":\"Sexducacion\"},\"image\":{\"@id\":\"https:\\\/\\\/sexducacion.com\\\/#\\\/schema\\\/logo\\\/image\\\/\"}}]}<\/script>\n<!-- \/ Yoast SEO plugin. -->","yoast_head_json":{"title":"Eyaculaci\u00f3n precoz | Sexducacion","description":"La eyaculaci\u00f3n precoz se caracteriza por una falta de control voluntario sobre la eyaculaci\u00f3n que puede afectar de manera negativa.","robots":{"index":"index","follow":"follow","max-snippet":"max-snippet:-1","max-image-preview":"max-image-preview:large","max-video-preview":"max-video-preview:-1"},"canonical":"https:\/\/sexducacion.com\/cat\/eyaculacion-precoz\/","og_locale":"ca_ES","og_type":"article","og_title":"Eyaculaci\u00f3n precoz | Sexducacion","og_description":"La eyaculaci\u00f3n precoz se caracteriza por una falta de control voluntario sobre la eyaculaci\u00f3n que puede afectar de manera negativa.","og_url":"https:\/\/sexducacion.com\/cat\/eyaculacion-precoz\/","og_site_name":"Sexducacion","article_modified_time":"2023-01-20T09:45:05+00:00","twitter_card":"summary_large_image","twitter_misc":{"Temps estimat de lectura":"3 minuts"},"schema":{"@context":"https:\/\/schema.org","@graph":[{"@type":"WebPage","@id":"https:\/\/sexducacion.com\/eyaculacion-precoz\/","url":"https:\/\/sexducacion.com\/eyaculacion-precoz\/","name":"Eyaculaci\u00f3n precoz | Sexducacion","isPartOf":{"@id":"https:\/\/sexducacion.com\/#website"},"datePublished":"2022-06-09T17:31:39+00:00","dateModified":"2023-01-20T09:45:05+00:00","description":"La eyaculaci\u00f3n precoz se caracteriza por una falta de control voluntario sobre la eyaculaci\u00f3n que puede afectar de manera negativa.","breadcrumb":{"@id":"https:\/\/sexducacion.com\/eyaculacion-precoz\/#breadcrumb"},"inLanguage":"ca","potentialAction":[{"@type":"ReadAction","target":["https:\/\/sexducacion.com\/eyaculacion-precoz\/"]}]},{"@type":"BreadcrumbList","@id":"https:\/\/sexducacion.com\/eyaculacion-precoz\/#breadcrumb","itemListElement":[{"@type":"ListItem","position":1,"name":"Portada","item":"https:\/\/sexducacion.com\/"},{"@type":"ListItem","position":2,"name":"Eyaculaci\u00f3n precoz"}]},{"@type":"WebSite","@id":"https:\/\/sexducacion.com\/#website","url":"https:\/\/sexducacion.com\/","name":"Sexducacion","description":"Espacio online de educaci\u00f3n sexual dirigido a familias, profesionales y toda persona interesada en la educaci\u00f3n sexual.","publisher":{"@id":"https:\/\/sexducacion.com\/#organization"},"potentialAction":[{"@type":"SearchAction","target":{"@type":"EntryPoint","urlTemplate":"https:\/\/sexducacion.com\/?s={search_term_string}"},"query-input":{"@type":"PropertyValueSpecification","valueRequired":true,"valueName":"search_term_string"}}],"inLanguage":"ca"},{"@type":"Organization","@id":"https:\/\/sexducacion.com\/#organization","name":"Sexducacion","url":"https:\/\/sexducacion.com\/","logo":{"@type":"ImageObject","inLanguage":"ca","@id":"https:\/\/sexducacion.com\/#\/schema\/logo\/image\/","url":"https:\/\/sexducacion.com\/wp-content\/uploads\/2022\/06\/Logo-corazo\u0301n-fuerte.png","contentUrl":"https:\/\/sexducacion.com\/wp-content\/uploads\/2022\/06\/Logo-corazo\u0301n-fuerte.png","width":1819,"height":545,"caption":"Sexducacion"},"image":{"@id":"https:\/\/sexducacion.com\/#\/schema\/logo\/image\/"}}]}},"_links":{"self":[{"href":"https:\/\/sexducacion.com\/cat\/wp-json\/wp\/v2\/pages\/73","targetHints":{"allow":["GET"]}}],"collection":[{"href":"https:\/\/sexducacion.com\/cat\/wp-json\/wp\/v2\/pages"}],"about":[{"href":"https:\/\/sexducacion.com\/cat\/wp-json\/wp\/v2\/types\/page"}],"author":[{"embeddable":true,"href":"https:\/\/sexducacion.com\/cat\/wp-json\/wp\/v2\/users\/1"}],"replies":[{"embeddable":true,"href":"https:\/\/sexducacion.com\/cat\/wp-json\/wp\/v2\/comments?post=73"}],"version-history":[{"count":26,"href":"https:\/\/sexducacion.com\/cat\/wp-json\/wp\/v2\/pages\/73\/revisions"}],"predecessor-version":[{"id":15566,"href":"https:\/\/sexducacion.com\/cat\/wp-json\/wp\/v2\/pages\/73\/revisions\/15566"}],"wp:attachment":[{"href":"https:\/\/sexducacion.com\/cat\/wp-json\/wp\/v2\/media?parent=73"}],"curies":[{"name":"wp","href":"https:\/\/api.w.org\/{rel}","templated":true}]}}