{"id":71,"date":"2022-06-09T17:31:13","date_gmt":"2022-06-09T17:31:13","guid":{"rendered":"http:\/\/sexducacion.com\/?page_id=71"},"modified":"2023-01-20T09:45:48","modified_gmt":"2023-01-20T09:45:48","slug":"dolor","status":"publish","type":"page","link":"https:\/\/sexducacion.com\/cat\/dolor\/","title":{"rendered":"Dolor durant el coit"},"content":{"rendered":"<div data-elementor-type=\"wp-page\" data-elementor-id=\"71\" class=\"elementor elementor-71\" data-elementor-post-type=\"page\">\n\t\t\t\t\t\t<section class=\"elementor-section elementor-top-section elementor-element elementor-element-c61b5a6 elementor-section-height-min-height elementor-section-boxed elementor-section-height-default elementor-section-items-middle\" data-id=\"c61b5a6\" data-element_type=\"section\" data-e-type=\"section\" data-settings=\"{&quot;background_background&quot;:&quot;classic&quot;}\">\n\t\t\t\t\t\t<div class=\"elementor-container elementor-column-gap-default\">\n\t\t\t\t\t<div class=\"elementor-column elementor-col-100 elementor-top-column elementor-element elementor-element-5fac4fb\" data-id=\"5fac4fb\" data-element_type=\"column\" data-e-type=\"column\">\n\t\t\t<div class=\"elementor-widget-wrap elementor-element-populated\">\n\t\t\t\t\t\t<div class=\"elementor-element elementor-element-71aa17d elementor-widget elementor-widget-heading\" data-id=\"71aa17d\" data-element_type=\"widget\" data-e-type=\"widget\" data-widget_type=\"heading.default\">\n\t\t\t\t<div class=\"elementor-widget-container\">\n\t\t\t\t\t<h1 class=\"elementor-heading-title elementor-size-default\">Dolor durant el coit<\/h1>\t\t\t\t<\/div>\n\t\t\t\t<\/div>\n\t\t\t\t<div class=\"elementor-element elementor-element-06b2f45 elementor-widget elementor-widget-text-editor\" data-id=\"06b2f45\" data-element_type=\"widget\" data-e-type=\"widget\" data-widget_type=\"text-editor.default\">\n\t\t\t\t<div class=\"elementor-widget-container\">\n\t\t\t\t\t\t\t\t\t<p>Un nombre important de dones es queixen de\u00a0<strong>dolor vaginal durant les relacions coitals,<\/strong>\u00a0el que es coneix com a\u00a0<strong>\u00abdispar\u00e8unia\u00bb.<\/strong>.<\/p>\t\t\t\t\t\t\t\t<\/div>\n\t\t\t\t<\/div>\n\t\t\t\t\t<\/div>\n\t\t<\/div>\n\t\t\t\t\t<\/div>\n\t\t<\/section>\n\t\t\t\t<section class=\"elementor-section elementor-top-section elementor-element elementor-element-0a4a0e0 elementor-section-boxed elementor-section-height-default elementor-section-height-default\" data-id=\"0a4a0e0\" data-element_type=\"section\" data-e-type=\"section\">\n\t\t\t\t\t\t<div class=\"elementor-container elementor-column-gap-default\">\n\t\t\t\t\t<div class=\"elementor-column elementor-col-100 elementor-top-column elementor-element elementor-element-e49927a\" data-id=\"e49927a\" data-element_type=\"column\" data-e-type=\"column\">\n\t\t\t<div class=\"elementor-widget-wrap elementor-element-populated\">\n\t\t\t\t\t\t<div class=\"elementor-element elementor-element-ff49ca2 elementor-widget elementor-widget-text-editor\" data-id=\"ff49ca2\" data-element_type=\"widget\" data-e-type=\"widget\" data-widget_type=\"text-editor.default\">\n\t\t\t\t<div class=\"elementor-widget-container\">\n\t\t\t\t\t\t\t\t\t<p>Les dones que pateixen dispar\u00e8unia poden fer un quoti per\u00f2<strong>\u00a0la penetraci\u00f3 els resulta dolorosa o molesta.<\/strong>\u00a0Perqu\u00e8 es produeixi una penetraci\u00f3 sense dolor, la vagina de la dona ha d'estar lubricada i preparada per a la recepci\u00f3 del penis.<\/p><p>Si les mol\u00e8sties i\/o el\u00a0<strong>dolor al coit es prolonguen<\/strong>, \u00e9s freq\u00fcent que la dona acabi presentant dificultats per gaudir, o fins i tot <strong><a title=\"Falta de Deseo Sexual\" href=\"https:\/\/sexducacion.com\/cat\/dificultades-sexuales\/falta-de-deseo-sexual\/\">manca de desig<\/a>.<\/strong>\u00a0Tot aix\u00f2\u00a0<strong>pot acabar afectant de manera significativa la vida sexual de la dona i tamb\u00e9 de la parella.<\/strong><\/p>\t\t\t\t\t\t\t\t<\/div>\n\t\t\t\t<\/div>\n\t\t\t\t\t<\/div>\n\t\t<\/div>\n\t\t\t\t\t<\/div>\n\t\t<\/section>\n\t\t\t\t<section class=\"elementor-section elementor-top-section elementor-element elementor-element-8f33ee3 elementor-section-boxed elementor-section-height-default elementor-section-height-default\" data-id=\"8f33ee3\" data-element_type=\"section\" data-e-type=\"section\">\n\t\t\t\t\t\t<div class=\"elementor-container elementor-column-gap-default\">\n\t\t\t\t\t<div class=\"elementor-column elementor-col-100 elementor-top-column elementor-element elementor-element-bafd558\" data-id=\"bafd558\" data-element_type=\"column\" data-e-type=\"column\">\n\t\t\t<div class=\"elementor-widget-wrap elementor-element-populated\">\n\t\t\t\t\t\t<div class=\"elementor-element elementor-element-eab595b elementor-widget elementor-widget-image\" data-id=\"eab595b\" data-element_type=\"widget\" data-e-type=\"widget\" data-widget_type=\"image.default\">\n\t\t\t\t<div class=\"elementor-widget-container\">\n\t\t\t\t\t\t\t\t\t\t\t\t\t\t\t<img fetchpriority=\"high\" decoding=\"async\" width=\"850\" height=\"564\" src=\"https:\/\/sexducacion.com\/wp-content\/uploads\/2022\/07\/dolor-durante-el-coito.jpeg\" class=\"attachment-large size-large wp-image-12910\" alt=\"\" srcset=\"https:\/\/sexducacion.com\/wp-content\/uploads\/2022\/07\/dolor-durante-el-coito.jpeg 850w, https:\/\/sexducacion.com\/wp-content\/uploads\/2022\/07\/dolor-durante-el-coito-300x199.jpeg 300w, https:\/\/sexducacion.com\/wp-content\/uploads\/2022\/07\/dolor-durante-el-coito-768x510.jpeg 768w, https:\/\/sexducacion.com\/wp-content\/uploads\/2022\/07\/dolor-durante-el-coito-18x12.jpeg 18w\" sizes=\"(max-width: 850px) 100vw, 850px\" \/>\t\t\t\t\t\t\t\t\t\t\t\t\t\t\t<\/div>\n\t\t\t\t<\/div>\n\t\t\t\t\t<\/div>\n\t\t<\/div>\n\t\t\t\t\t<\/div>\n\t\t<\/section>\n\t\t\t\t<section class=\"elementor-section elementor-top-section elementor-element elementor-element-8698feb elementor-section-boxed elementor-section-height-default elementor-section-height-default\" data-id=\"8698feb\" data-element_type=\"section\" data-e-type=\"section\">\n\t\t\t\t\t\t<div class=\"elementor-container elementor-column-gap-default\">\n\t\t\t\t\t<div class=\"elementor-column elementor-col-100 elementor-top-column elementor-element elementor-element-9cde2bf\" data-id=\"9cde2bf\" data-element_type=\"column\" data-e-type=\"column\">\n\t\t\t<div class=\"elementor-widget-wrap elementor-element-populated\">\n\t\t\t\t\t\t<div class=\"elementor-element elementor-element-685694e elementor-widget elementor-widget-heading\" data-id=\"685694e\" data-element_type=\"widget\" data-e-type=\"widget\" data-widget_type=\"heading.default\">\n\t\t\t\t<div class=\"elementor-widget-container\">\n\t\t\t\t\t<h3 class=\"elementor-heading-title elementor-size-default\">Podem ajudar-te<\/h3>\t\t\t\t<\/div>\n\t\t\t\t<\/div>\n\t\t\t\t<div class=\"elementor-element elementor-element-be162e9 elementor-widget elementor-widget-text-editor\" data-id=\"be162e9\" data-element_type=\"widget\" data-e-type=\"widget\" data-widget_type=\"text-editor.default\">\n\t\t\t\t<div class=\"elementor-widget-container\">\n\t\t\t\t\t\t\t\t\t<p>Si sents dolor a l'hora de mantenir relacioni coitals, t'animem a consultar-nos.El tractament sexol\u00f2gic per a la dispar\u00e8unia t\u00e9 un\u00a0percentatge molt elevat de recuperaci\u00f3.<\/p><p>Si resides a <strong>Madrid o Barcelona<\/strong> pots concertar una cita per email a <strong><a href=\"mailto:sexducacion@sexducacion.com\">sexducacion@sexducacion.com<\/a><\/strong>. Si no vius a cap d'aquestes ciutats, <strong>t'atenem de manera online<\/strong>. Les intervencions en l\u00ednia tenen una metodologia i una efic\u00e0cia similar a les intervencions en persona.<\/p>\t\t\t\t\t\t\t\t<\/div>\n\t\t\t\t<\/div>\n\t\t\t\t<div class=\"elementor-element elementor-element-e5d62c6 elementor-widget elementor-widget-heading\" data-id=\"e5d62c6\" data-element_type=\"widget\" data-e-type=\"widget\" data-widget_type=\"heading.default\">\n\t\t\t\t<div class=\"elementor-widget-container\">\n\t\t\t\t\t<h3 class=\"elementor-heading-title elementor-size-default\">Qu\u00e8 \u00e9s l'assessorament sexol\u00f2gic per a la insatisfacci\u00f3 sexual?<\/h3>\t\t\t\t<\/div>\n\t\t\t\t<\/div>\n\t\t\t\t<div class=\"elementor-element elementor-element-0192f6b elementor-widget elementor-widget-text-editor\" data-id=\"0192f6b\" data-element_type=\"widget\" data-e-type=\"widget\" data-widget_type=\"text-editor.default\">\n\t\t\t\t<div class=\"elementor-widget-container\">\n\t\t\t\t\t\t\t\t\t<p>A la primera visita, la persona\u00a0<strong>experta en sexologia i educaci\u00f3 estudiar\u00e0 la dificultat de dolor durant el coit,\u00a0<\/strong>per determinar el\u00a0<strong>diagn\u00f2stic, detectant les causes tant f\u00edsiques com psicol\u00f2giques que poden estar provocant el problema. S'explicar\u00e0 a la dona i\/o parella\u00a0<\/strong>en qu\u00e8 consisteix aquesta dificultat i es far\u00e0 una proposta\u00a0<strong>d'intervenci\u00f3 consensuada, personalitzada i conjunta\u00a0<\/strong>per abordar-la.<\/p><p>A les seg\u00fcents visites, s'anir\u00e0 avaluant la\u00a0<strong>evoluci\u00f3<\/strong>\u00a0i\u00a0<strong>s'adaptar\u00e0 a tota hora la intervenci\u00f3 a les necessitats de la dona.<\/strong><\/p><p><strong>La dispar\u00e8unia es pot tractar tant si es t\u00e9 parella com si no.<\/strong>\u00a0A l'assessorament sexol\u00f2gic de parelles, pot ser necessari l'atenci\u00f3 individual de cada membre de la parella per a un millor abordatge i comprensi\u00f3 de la dificultat o problema que presentin.<\/p><p>Les sessions tenen una durada aproximada d'1h.<\/p>\t\t\t\t\t\t\t\t<\/div>\n\t\t\t\t<\/div>\n\t\t\t\t\t<\/div>\n\t\t<\/div>\n\t\t\t\t\t<\/div>\n\t\t<\/section>\n\t\t\t\t<section class=\"elementor-section elementor-top-section elementor-element elementor-element-3cbb5ea elementor-section-boxed elementor-section-height-default elementor-section-height-default\" data-id=\"3cbb5ea\" data-element_type=\"section\" data-e-type=\"section\">\n\t\t\t\t\t\t<div class=\"elementor-container elementor-column-gap-default\">\n\t\t\t\t\t<div class=\"elementor-column elementor-col-100 elementor-top-column elementor-element elementor-element-a95379b\" data-id=\"a95379b\" data-element_type=\"column\" data-e-type=\"column\">\n\t\t\t<div class=\"elementor-widget-wrap elementor-element-populated\">\n\t\t\t\t\t\t<div class=\"elementor-element elementor-element-9351220 elementor-widget elementor-widget-heading\" data-id=\"9351220\" data-element_type=\"widget\" data-e-type=\"widget\" data-widget_type=\"heading.default\">\n\t\t\t\t<div class=\"elementor-widget-container\">\n\t\t\t\t\t<h3 class=\"elementor-heading-title elementor-size-default\">Tens alguna pregunta? Vols sol\u00b7licitar una cita?<\/h3>\t\t\t\t<\/div>\n\t\t\t\t<\/div>\n\t\t\t\t<div class=\"elementor-element elementor-element-86444f7 elementor-align-center elementor-widget elementor-widget-button\" data-id=\"86444f7\" data-element_type=\"widget\" data-e-type=\"widget\" data-widget_type=\"button.default\">\n\t\t\t\t<div class=\"elementor-widget-container\">\n\t\t\t\t\t\t\t\t\t<div class=\"elementor-button-wrapper\">\n\t\t\t\t\t<a class=\"elementor-button elementor-button-link elementor-size-sm\" href=\"https:\/\/sexducacion.com\/cat\/contacto\/\">\n\t\t\t\t\t\t<span class=\"elementor-button-content-wrapper\">\n\t\t\t\t\t\t\t\t\t<span class=\"elementor-button-text\">Contacta aqu\u00ed<\/span>\n\t\t\t\t\t<\/span>\n\t\t\t\t\t<\/a>\n\t\t\t\t<\/div>\n\t\t\t\t\t\t\t\t<\/div>\n\t\t\t\t<\/div>\n\t\t\t\t\t<\/div>\n\t\t<\/div>\n\t\t\t\t\t<\/div>\n\t\t<\/section>\n\t\t\t\t<\/div>","protected":false},"excerpt":{"rendered":"<p>Dolor durante el coito Un n\u00famero importante de mujeres se quejan de\u00a0dolor vaginal durante las relaciones coitales,\u00a0lo que se conoce como\u00a0\u00abdispareunia\u00bb. Las mujeres que padecen dispareunia pueden realizar un cotio pero\u00a0la penetraci\u00f3n les resulta dolorosa o molesta.\u00a0Para que se produzca una penetraci\u00f3n sin dolor, la vagina de la mujer debe estar lubricada y preparada para [&hellip;]<\/p>\n","protected":false},"author":1,"featured_media":0,"parent":0,"menu_order":0,"comment_status":"closed","ping_status":"closed","template":"","meta":{"_acf_changed":false,"site-sidebar-layout":"no-sidebar","site-content-layout":"page-builder","ast-site-content-layout":"default","site-content-style":"default","site-sidebar-style":"default","ast-global-header-display":"","ast-banner-title-visibility":"","ast-main-header-display":"","ast-hfb-above-header-display":"","ast-hfb-below-header-display":"","ast-hfb-mobile-header-display":"","site-post-title":"disabled","ast-breadcrumbs-content":"","ast-featured-img":"disabled","footer-sml-layout":"","ast-disable-related-posts":"","theme-transparent-header-meta":"","adv-header-id-meta":"","stick-header-meta":"","header-above-stick-meta":"","header-main-stick-meta":"","header-below-stick-meta":"","astra-migrate-meta-layouts":"default","ast-page-background-enabled":"default","ast-page-background-meta":{"desktop":{"background-color":"var(--ast-global-color-4)","background-image":"","background-repeat":"repeat","background-position":"center center","background-size":"auto","background-attachment":"scroll","background-type":"","background-media":"","overlay-type":"","overlay-color":"","overlay-opacity":"","overlay-gradient":""},"tablet":{"background-color":"","background-image":"","background-repeat":"repeat","background-position":"center center","background-size":"auto","background-attachment":"scroll","background-type":"","background-media":"","overlay-type":"","overlay-color":"","overlay-opacity":"","overlay-gradient":""},"mobile":{"background-color":"","background-image":"","background-repeat":"repeat","background-position":"center center","background-size":"auto","background-attachment":"scroll","background-type":"","background-media":"","overlay-type":"","overlay-color":"","overlay-opacity":"","overlay-gradient":""}},"ast-content-background-meta":{"desktop":{"background-color":"var(--ast-global-color-5)","background-image":"","background-repeat":"repeat","background-position":"center center","background-size":"auto","background-attachment":"scroll","background-type":"","background-media":"","overlay-type":"","overlay-color":"","overlay-opacity":"","overlay-gradient":""},"tablet":{"background-color":"var(--ast-global-color-5)","background-image":"","background-repeat":"repeat","background-position":"center center","background-size":"auto","background-attachment":"scroll","background-type":"","background-media":"","overlay-type":"","overlay-color":"","overlay-opacity":"","overlay-gradient":""},"mobile":{"background-color":"var(--ast-global-color-5)","background-image":"","background-repeat":"repeat","background-position":"center center","background-size":"auto","background-attachment":"scroll","background-type":"","background-media":"","overlay-type":"","overlay-color":"","overlay-opacity":"","overlay-gradient":""}},"footnotes":""},"class_list":["post-71","page","type-page","status-publish","hentry"],"acf":[],"yoast_head":"<!-- This site is optimized with the Yoast SEO plugin v27.3 - https:\/\/yoast.com\/product\/yoast-seo-wordpress\/ -->\n<title>Dolor durante el coito | Sexducacion<\/title>\n<meta name=\"description\" content=\"Las mujeres que padecen dispareunia pueden realizar un cotio pero la penetraci\u00f3n les resulta dolorosa o molesta.\" \/>\n<meta name=\"robots\" content=\"index, follow, max-snippet:-1, max-image-preview:large, max-video-preview:-1\" \/>\n<link rel=\"canonical\" href=\"https:\/\/sexducacion.com\/cat\/dolor\/\" \/>\n<meta property=\"og:locale\" content=\"ca_ES\" \/>\n<meta property=\"og:type\" content=\"article\" \/>\n<meta property=\"og:title\" content=\"Dolor durante el coito | Sexducacion\" \/>\n<meta property=\"og:description\" content=\"Las mujeres que padecen dispareunia pueden realizar un cotio pero la penetraci\u00f3n les resulta dolorosa o molesta.\" \/>\n<meta property=\"og:url\" content=\"https:\/\/sexducacion.com\/cat\/dolor\/\" \/>\n<meta property=\"og:site_name\" content=\"Sexducacion\" \/>\n<meta property=\"article:modified_time\" content=\"2023-01-20T09:45:48+00:00\" \/>\n<meta property=\"og:image\" content=\"https:\/\/sexducacion.com\/wp-content\/uploads\/2022\/07\/dolor-durante-el-coito.jpeg\" \/>\n<meta name=\"twitter:card\" content=\"summary_large_image\" \/>\n<meta name=\"twitter:label1\" content=\"Temps estimat de lectura\" \/>\n\t<meta name=\"twitter:data1\" content=\"2 minuts\" \/>\n<script type=\"application\/ld+json\" class=\"yoast-schema-graph\">{\"@context\":\"https:\\\/\\\/schema.org\",\"@graph\":[{\"@type\":\"WebPage\",\"@id\":\"https:\\\/\\\/sexducacion.com\\\/dolor\\\/\",\"url\":\"https:\\\/\\\/sexducacion.com\\\/dolor\\\/\",\"name\":\"Dolor durante el coito | Sexducacion\",\"isPartOf\":{\"@id\":\"https:\\\/\\\/sexducacion.com\\\/#website\"},\"primaryImageOfPage\":{\"@id\":\"https:\\\/\\\/sexducacion.com\\\/dolor\\\/#primaryimage\"},\"image\":{\"@id\":\"https:\\\/\\\/sexducacion.com\\\/dolor\\\/#primaryimage\"},\"thumbnailUrl\":\"https:\\\/\\\/sexducacion.com\\\/wp-content\\\/uploads\\\/2022\\\/07\\\/dolor-durante-el-coito.jpeg\",\"datePublished\":\"2022-06-09T17:31:13+00:00\",\"dateModified\":\"2023-01-20T09:45:48+00:00\",\"description\":\"Las mujeres que padecen dispareunia pueden realizar un cotio pero la penetraci\u00f3n les resulta dolorosa o molesta.\",\"breadcrumb\":{\"@id\":\"https:\\\/\\\/sexducacion.com\\\/dolor\\\/#breadcrumb\"},\"inLanguage\":\"ca\",\"potentialAction\":[{\"@type\":\"ReadAction\",\"target\":[\"https:\\\/\\\/sexducacion.com\\\/dolor\\\/\"]}]},{\"@type\":\"ImageObject\",\"inLanguage\":\"ca\",\"@id\":\"https:\\\/\\\/sexducacion.com\\\/dolor\\\/#primaryimage\",\"url\":\"https:\\\/\\\/sexducacion.com\\\/wp-content\\\/uploads\\\/2022\\\/07\\\/dolor-durante-el-coito.jpeg\",\"contentUrl\":\"https:\\\/\\\/sexducacion.com\\\/wp-content\\\/uploads\\\/2022\\\/07\\\/dolor-durante-el-coito.jpeg\"},{\"@type\":\"BreadcrumbList\",\"@id\":\"https:\\\/\\\/sexducacion.com\\\/dolor\\\/#breadcrumb\",\"itemListElement\":[{\"@type\":\"ListItem\",\"position\":1,\"name\":\"Portada\",\"item\":\"https:\\\/\\\/sexducacion.com\\\/\"},{\"@type\":\"ListItem\",\"position\":2,\"name\":\"Dolor durante el coito\"}]},{\"@type\":\"WebSite\",\"@id\":\"https:\\\/\\\/sexducacion.com\\\/#website\",\"url\":\"https:\\\/\\\/sexducacion.com\\\/\",\"name\":\"Sexducacion\",\"description\":\"Espacio online de educaci\u00f3n sexual dirigido a familias, profesionales y toda persona interesada en la educaci\u00f3n sexual.\",\"publisher\":{\"@id\":\"https:\\\/\\\/sexducacion.com\\\/#organization\"},\"potentialAction\":[{\"@type\":\"SearchAction\",\"target\":{\"@type\":\"EntryPoint\",\"urlTemplate\":\"https:\\\/\\\/sexducacion.com\\\/?s={search_term_string}\"},\"query-input\":{\"@type\":\"PropertyValueSpecification\",\"valueRequired\":true,\"valueName\":\"search_term_string\"}}],\"inLanguage\":\"ca\"},{\"@type\":\"Organization\",\"@id\":\"https:\\\/\\\/sexducacion.com\\\/#organization\",\"name\":\"Sexducacion\",\"url\":\"https:\\\/\\\/sexducacion.com\\\/\",\"logo\":{\"@type\":\"ImageObject\",\"inLanguage\":\"ca\",\"@id\":\"https:\\\/\\\/sexducacion.com\\\/#\\\/schema\\\/logo\\\/image\\\/\",\"url\":\"https:\\\/\\\/sexducacion.com\\\/wp-content\\\/uploads\\\/2022\\\/06\\\/Logo-corazo\u0301n-fuerte.png\",\"contentUrl\":\"https:\\\/\\\/sexducacion.com\\\/wp-content\\\/uploads\\\/2022\\\/06\\\/Logo-corazo\u0301n-fuerte.png\",\"width\":1819,\"height\":545,\"caption\":\"Sexducacion\"},\"image\":{\"@id\":\"https:\\\/\\\/sexducacion.com\\\/#\\\/schema\\\/logo\\\/image\\\/\"}}]}<\/script>\n<!-- \/ Yoast SEO plugin. -->","yoast_head_json":{"title":"Dolor durante el coito | Sexducacion","description":"Las mujeres que padecen dispareunia pueden realizar un cotio pero la penetraci\u00f3n les resulta dolorosa o molesta.","robots":{"index":"index","follow":"follow","max-snippet":"max-snippet:-1","max-image-preview":"max-image-preview:large","max-video-preview":"max-video-preview:-1"},"canonical":"https:\/\/sexducacion.com\/cat\/dolor\/","og_locale":"ca_ES","og_type":"article","og_title":"Dolor durante el coito | Sexducacion","og_description":"Las mujeres que padecen dispareunia pueden realizar un cotio pero la penetraci\u00f3n les resulta dolorosa o molesta.","og_url":"https:\/\/sexducacion.com\/cat\/dolor\/","og_site_name":"Sexducacion","article_modified_time":"2023-01-20T09:45:48+00:00","og_image":[{"url":"https:\/\/sexducacion.com\/wp-content\/uploads\/2022\/07\/dolor-durante-el-coito.jpeg","type":"","width":"","height":""}],"twitter_card":"summary_large_image","twitter_misc":{"Temps estimat de lectura":"2 minuts"},"schema":{"@context":"https:\/\/schema.org","@graph":[{"@type":"WebPage","@id":"https:\/\/sexducacion.com\/dolor\/","url":"https:\/\/sexducacion.com\/dolor\/","name":"Dolor durante el coito | Sexducacion","isPartOf":{"@id":"https:\/\/sexducacion.com\/#website"},"primaryImageOfPage":{"@id":"https:\/\/sexducacion.com\/dolor\/#primaryimage"},"image":{"@id":"https:\/\/sexducacion.com\/dolor\/#primaryimage"},"thumbnailUrl":"https:\/\/sexducacion.com\/wp-content\/uploads\/2022\/07\/dolor-durante-el-coito.jpeg","datePublished":"2022-06-09T17:31:13+00:00","dateModified":"2023-01-20T09:45:48+00:00","description":"Las mujeres que padecen dispareunia pueden realizar un cotio pero la penetraci\u00f3n les resulta dolorosa o molesta.","breadcrumb":{"@id":"https:\/\/sexducacion.com\/dolor\/#breadcrumb"},"inLanguage":"ca","potentialAction":[{"@type":"ReadAction","target":["https:\/\/sexducacion.com\/dolor\/"]}]},{"@type":"ImageObject","inLanguage":"ca","@id":"https:\/\/sexducacion.com\/dolor\/#primaryimage","url":"https:\/\/sexducacion.com\/wp-content\/uploads\/2022\/07\/dolor-durante-el-coito.jpeg","contentUrl":"https:\/\/sexducacion.com\/wp-content\/uploads\/2022\/07\/dolor-durante-el-coito.jpeg"},{"@type":"BreadcrumbList","@id":"https:\/\/sexducacion.com\/dolor\/#breadcrumb","itemListElement":[{"@type":"ListItem","position":1,"name":"Portada","item":"https:\/\/sexducacion.com\/"},{"@type":"ListItem","position":2,"name":"Dolor durante el coito"}]},{"@type":"WebSite","@id":"https:\/\/sexducacion.com\/#website","url":"https:\/\/sexducacion.com\/","name":"Sexducacion","description":"Espacio online de educaci\u00f3n sexual dirigido a familias, profesionales y toda persona interesada en la educaci\u00f3n sexual.","publisher":{"@id":"https:\/\/sexducacion.com\/#organization"},"potentialAction":[{"@type":"SearchAction","target":{"@type":"EntryPoint","urlTemplate":"https:\/\/sexducacion.com\/?s={search_term_string}"},"query-input":{"@type":"PropertyValueSpecification","valueRequired":true,"valueName":"search_term_string"}}],"inLanguage":"ca"},{"@type":"Organization","@id":"https:\/\/sexducacion.com\/#organization","name":"Sexducacion","url":"https:\/\/sexducacion.com\/","logo":{"@type":"ImageObject","inLanguage":"ca","@id":"https:\/\/sexducacion.com\/#\/schema\/logo\/image\/","url":"https:\/\/sexducacion.com\/wp-content\/uploads\/2022\/06\/Logo-corazo\u0301n-fuerte.png","contentUrl":"https:\/\/sexducacion.com\/wp-content\/uploads\/2022\/06\/Logo-corazo\u0301n-fuerte.png","width":1819,"height":545,"caption":"Sexducacion"},"image":{"@id":"https:\/\/sexducacion.com\/#\/schema\/logo\/image\/"}}]}},"_links":{"self":[{"href":"https:\/\/sexducacion.com\/cat\/wp-json\/wp\/v2\/pages\/71","targetHints":{"allow":["GET"]}}],"collection":[{"href":"https:\/\/sexducacion.com\/cat\/wp-json\/wp\/v2\/pages"}],"about":[{"href":"https:\/\/sexducacion.com\/cat\/wp-json\/wp\/v2\/types\/page"}],"author":[{"embeddable":true,"href":"https:\/\/sexducacion.com\/cat\/wp-json\/wp\/v2\/users\/1"}],"replies":[{"embeddable":true,"href":"https:\/\/sexducacion.com\/cat\/wp-json\/wp\/v2\/comments?post=71"}],"version-history":[{"count":24,"href":"https:\/\/sexducacion.com\/cat\/wp-json\/wp\/v2\/pages\/71\/revisions"}],"predecessor-version":[{"id":15569,"href":"https:\/\/sexducacion.com\/cat\/wp-json\/wp\/v2\/pages\/71\/revisions\/15569"}],"wp:attachment":[{"href":"https:\/\/sexducacion.com\/cat\/wp-json\/wp\/v2\/media?parent=71"}],"curies":[{"name":"wp","href":"https:\/\/api.w.org\/{rel}","templated":true}]}}