{"id":32,"date":"2022-06-09T16:43:23","date_gmt":"2022-06-09T16:43:23","guid":{"rendered":"http:\/\/sexducacion.com\/?page_id=32"},"modified":"2024-11-18T12:41:21","modified_gmt":"2024-11-18T12:41:21","slug":"recursos","status":"publish","type":"page","link":"https:\/\/sexducacion.com\/cat\/recursos\/","title":{"rendered":"Recursos"},"content":{"rendered":"<div data-elementor-type=\"wp-page\" data-elementor-id=\"32\" class=\"elementor elementor-32\" data-elementor-post-type=\"page\">\n\t\t\t\t\t\t<section class=\"elementor-section elementor-top-section elementor-element elementor-element-87b0937 elementor-section-height-min-height elementor-section-boxed elementor-section-height-default elementor-section-items-middle\" data-id=\"87b0937\" data-element_type=\"section\" data-e-type=\"section\" data-settings=\"{&quot;background_background&quot;:&quot;classic&quot;}\">\n\t\t\t\t\t\t<div class=\"elementor-container elementor-column-gap-default\">\n\t\t\t\t\t<div class=\"elementor-column elementor-col-100 elementor-top-column elementor-element elementor-element-37a2e5d\" data-id=\"37a2e5d\" data-element_type=\"column\" data-e-type=\"column\">\n\t\t\t<div class=\"elementor-widget-wrap elementor-element-populated\">\n\t\t\t\t\t\t<div class=\"elementor-element elementor-element-f6aad0d elementor-widget elementor-widget-heading\" data-id=\"f6aad0d\" data-element_type=\"widget\" data-e-type=\"widget\" data-widget_type=\"heading.default\">\n\t\t\t\t<div class=\"elementor-widget-container\">\n\t\t\t\t\t<h1 class=\"elementor-heading-title elementor-size-default\">Recursos<\/h1>\t\t\t\t<\/div>\n\t\t\t\t<\/div>\n\t\t\t\t<div class=\"elementor-element elementor-element-a95074c elementor-widget elementor-widget-text-editor\" data-id=\"a95074c\" data-element_type=\"widget\" data-e-type=\"widget\" data-widget_type=\"text-editor.default\">\n\t\t\t\t<div class=\"elementor-widget-container\">\n\t\t\t\t\t\t\t\t\t<p>Aqu\u00ed trobar\u00e0s\u00a0<b>recursos<\/b>\u00a0i informaci\u00f3 sobre sexualitat i educaci\u00f3 sexual.\u00a0<\/p>\t\t\t\t\t\t\t\t<\/div>\n\t\t\t\t<\/div>\n\t\t\t\t\t<\/div>\n\t\t<\/div>\n\t\t\t\t\t<\/div>\n\t\t<\/section>\n\t\t\t\t<section class=\"elementor-section elementor-top-section elementor-element elementor-element-ff7d316 elementor-section-boxed elementor-section-height-default elementor-section-height-default\" data-id=\"ff7d316\" data-element_type=\"section\" data-e-type=\"section\">\n\t\t\t\t\t\t<div class=\"elementor-container elementor-column-gap-default\">\n\t\t\t\t\t<div class=\"elementor-column elementor-col-100 elementor-top-column elementor-element elementor-element-905d7d8\" data-id=\"905d7d8\" data-element_type=\"column\" data-e-type=\"column\">\n\t\t\t<div class=\"elementor-widget-wrap elementor-element-populated\">\n\t\t\t\t\t\t<div class=\"elementor-element elementor-element-327adc0 elementor-widget elementor-widget-text-editor\" data-id=\"327adc0\" data-element_type=\"widget\" data-e-type=\"widget\" data-widget_type=\"text-editor.default\">\n\t\t\t\t<div class=\"elementor-widget-container\">\n\t\t\t\t\t\t\t\t\t<p>En aquest enlla\u00e7 podr\u00e0s\u00a0<a href=\"https:\/\/sexducacion.com\/cat\/guias_descargables\/\"><strong>descarregar-te guies i bilbiografia<\/strong><\/a>\u00a0sobre educaci\u00f3 sexual adre\u00e7ada a totes les edats.<\/p><p>A l'enlla\u00e7 al\u00a0<a href=\"https:\/\/sexducacion.com\/cat\/blog\/\"><strong>bloc<\/strong><\/a>, trobareu articles d'inter\u00e8s, bibliografia, recomanacions i reflexions sobre l'amor i la sexualitat.\u00a0<\/p><p>Queremos se\u00f1alar que no existe el &#8220;libro perfecto&#8221; pero en cada libro pod\u00e9is encontrar cosas que os gusten y otras que no tanto por eso, cuando se trata de recomendar libros para peques o adolescentes, recomendamos una lectura guiada y acompa\u00f1ada.\u00a0<\/p>\t\t\t\t\t\t\t\t<\/div>\n\t\t\t\t<\/div>\n\t\t\t\t\t<\/div>\n\t\t<\/div>\n\t\t\t\t\t<\/div>\n\t\t<\/section>\n\t\t\t\t<\/div>","protected":false},"excerpt":{"rendered":"<p>Recursos Aqu\u00ed encontrar\u00e1s\u00a0recursos\u00a0e informaci\u00f3n sobre sexualidad y educaci\u00f3n sexual.\u00a0 En este enlace podr\u00e1s\u00a0descargarte gu\u00edas y bilbiograf\u00eda\u00a0sobre educaci\u00f3n sexual dirigida a todas las edades. En el enlace al\u00a0blog, encontrar\u00e1s art\u00edculos de inter\u00e9s, bibliograf\u00eda,\u00a0 recomendaciones y reflexiones sobre el amor y la sexualidad.\u00a0 Queremos se\u00f1alar que no existe el &#8220;libro perfecto&#8221; pero en cada libro pod\u00e9is encontrar [&hellip;]<\/p>\n","protected":false},"author":1,"featured_media":0,"parent":0,"menu_order":0,"comment_status":"closed","ping_status":"closed","template":"","meta":{"_acf_changed":false,"site-sidebar-layout":"no-sidebar","site-content-layout":"page-builder","ast-site-content-layout":"full-width-container","site-content-style":"unboxed","site-sidebar-style":"unboxed","ast-global-header-display":"","ast-banner-title-visibility":"","ast-main-header-display":"","ast-hfb-above-header-display":"","ast-hfb-below-header-display":"","ast-hfb-mobile-header-display":"","site-post-title":"disabled","ast-breadcrumbs-content":"","ast-featured-img":"disabled","footer-sml-layout":"","ast-disable-related-posts":"","theme-transparent-header-meta":"","adv-header-id-meta":"","stick-header-meta":"","header-above-stick-meta":"","header-main-stick-meta":"","header-below-stick-meta":"","astra-migrate-meta-layouts":"set","ast-page-background-enabled":"default","ast-page-background-meta":{"desktop":{"background-color":"var(--ast-global-color-4)","background-image":"","background-repeat":"repeat","background-position":"center center","background-size":"auto","background-attachment":"scroll","background-type":"","background-media":"","overlay-type":"","overlay-color":"","overlay-opacity":"","overlay-gradient":""},"tablet":{"background-color":"","background-image":"","background-repeat":"repeat","background-position":"center center","background-size":"auto","background-attachment":"scroll","background-type":"","background-media":"","overlay-type":"","overlay-color":"","overlay-opacity":"","overlay-gradient":""},"mobile":{"background-color":"","background-image":"","background-repeat":"repeat","background-position":"center center","background-size":"auto","background-attachment":"scroll","background-type":"","background-media":"","overlay-type":"","overlay-color":"","overlay-opacity":"","overlay-gradient":""}},"ast-content-background-meta":{"desktop":{"background-color":"var(--ast-global-color-5)","background-image":"","background-repeat":"repeat","background-position":"center center","background-size":"auto","background-attachment":"scroll","background-type":"","background-media":"","overlay-type":"","overlay-color":"","overlay-opacity":"","overlay-gradient":""},"tablet":{"background-color":"var(--ast-global-color-5)","background-image":"","background-repeat":"repeat","background-position":"center center","background-size":"auto","background-attachment":"scroll","background-type":"","background-media":"","overlay-type":"","overlay-color":"","overlay-opacity":"","overlay-gradient":""},"mobile":{"background-color":"var(--ast-global-color-5)","background-image":"","background-repeat":"repeat","background-position":"center center","background-size":"auto","background-attachment":"scroll","background-type":"","background-media":"","overlay-type":"","overlay-color":"","overlay-opacity":"","overlay-gradient":""}},"footnotes":""},"class_list":["post-32","page","type-page","status-publish","hentry"],"acf":[],"yoast_head":"<!-- This site is optimized with the Yoast SEO plugin v27.3 - https:\/\/yoast.com\/product\/yoast-seo-wordpress\/ -->\n<title>Recursos | Sexducacion<\/title>\n<meta name=\"description\" content=\"Aqu\u00ed encontrar\u00e1s recursos e informaci\u00f3n sobre sexualidad y educaci\u00f3n sexual. Descarga gu\u00edas y bibliograf\u00eda sobre educaci\u00f3n sexual para todas las edades.\" \/>\n<meta name=\"robots\" content=\"index, follow, max-snippet:-1, max-image-preview:large, max-video-preview:-1\" \/>\n<link rel=\"canonical\" href=\"https:\/\/sexducacion.com\/cat\/recursos\/\" \/>\n<meta property=\"og:locale\" content=\"ca_ES\" \/>\n<meta property=\"og:type\" content=\"article\" \/>\n<meta property=\"og:title\" content=\"Recursos | Sexducacion\" \/>\n<meta property=\"og:description\" content=\"Aqu\u00ed encontrar\u00e1s recursos e informaci\u00f3n sobre sexualidad y educaci\u00f3n sexual. Descarga gu\u00edas y bibliograf\u00eda sobre educaci\u00f3n sexual para todas las edades.\" \/>\n<meta property=\"og:url\" content=\"https:\/\/sexducacion.com\/cat\/recursos\/\" \/>\n<meta property=\"og:site_name\" content=\"Sexducacion\" \/>\n<meta property=\"article:modified_time\" content=\"2024-11-18T12:41:21+00:00\" \/>\n<meta name=\"twitter:card\" content=\"summary_large_image\" \/>\n<meta name=\"twitter:label1\" content=\"Temps estimat de lectura\" \/>\n\t<meta name=\"twitter:data1\" content=\"1 minut\" \/>\n<script type=\"application\/ld+json\" class=\"yoast-schema-graph\">{\"@context\":\"https:\\\/\\\/schema.org\",\"@graph\":[{\"@type\":\"WebPage\",\"@id\":\"https:\\\/\\\/sexducacion.com\\\/recursos\\\/\",\"url\":\"https:\\\/\\\/sexducacion.com\\\/recursos\\\/\",\"name\":\"Recursos | Sexducacion\",\"isPartOf\":{\"@id\":\"https:\\\/\\\/sexducacion.com\\\/#website\"},\"datePublished\":\"2022-06-09T16:43:23+00:00\",\"dateModified\":\"2024-11-18T12:41:21+00:00\",\"description\":\"Aqu\u00ed encontrar\u00e1s recursos e informaci\u00f3n sobre sexualidad y educaci\u00f3n sexual. Descarga gu\u00edas y bibliograf\u00eda sobre educaci\u00f3n sexual para todas las edades.\",\"breadcrumb\":{\"@id\":\"https:\\\/\\\/sexducacion.com\\\/recursos\\\/#breadcrumb\"},\"inLanguage\":\"ca\",\"potentialAction\":[{\"@type\":\"ReadAction\",\"target\":[\"https:\\\/\\\/sexducacion.com\\\/recursos\\\/\"]}]},{\"@type\":\"BreadcrumbList\",\"@id\":\"https:\\\/\\\/sexducacion.com\\\/recursos\\\/#breadcrumb\",\"itemListElement\":[{\"@type\":\"ListItem\",\"position\":1,\"name\":\"Portada\",\"item\":\"https:\\\/\\\/sexducacion.com\\\/\"},{\"@type\":\"ListItem\",\"position\":2,\"name\":\"Recursos\"}]},{\"@type\":\"WebSite\",\"@id\":\"https:\\\/\\\/sexducacion.com\\\/#website\",\"url\":\"https:\\\/\\\/sexducacion.com\\\/\",\"name\":\"Sexducacion\",\"description\":\"Espacio online de educaci\u00f3n sexual dirigido a familias, profesionales y toda persona interesada en la educaci\u00f3n sexual.\",\"publisher\":{\"@id\":\"https:\\\/\\\/sexducacion.com\\\/#organization\"},\"potentialAction\":[{\"@type\":\"SearchAction\",\"target\":{\"@type\":\"EntryPoint\",\"urlTemplate\":\"https:\\\/\\\/sexducacion.com\\\/?s={search_term_string}\"},\"query-input\":{\"@type\":\"PropertyValueSpecification\",\"valueRequired\":true,\"valueName\":\"search_term_string\"}}],\"inLanguage\":\"ca\"},{\"@type\":\"Organization\",\"@id\":\"https:\\\/\\\/sexducacion.com\\\/#organization\",\"name\":\"Sexducacion\",\"url\":\"https:\\\/\\\/sexducacion.com\\\/\",\"logo\":{\"@type\":\"ImageObject\",\"inLanguage\":\"ca\",\"@id\":\"https:\\\/\\\/sexducacion.com\\\/#\\\/schema\\\/logo\\\/image\\\/\",\"url\":\"https:\\\/\\\/sexducacion.com\\\/wp-content\\\/uploads\\\/2022\\\/06\\\/Logo-corazo\u0301n-fuerte.png\",\"contentUrl\":\"https:\\\/\\\/sexducacion.com\\\/wp-content\\\/uploads\\\/2022\\\/06\\\/Logo-corazo\u0301n-fuerte.png\",\"width\":1819,\"height\":545,\"caption\":\"Sexducacion\"},\"image\":{\"@id\":\"https:\\\/\\\/sexducacion.com\\\/#\\\/schema\\\/logo\\\/image\\\/\"}}]}<\/script>\n<!-- \/ Yoast SEO plugin. -->","yoast_head_json":{"title":"Recursos | Sexducacion","description":"Aqu\u00ed encontrar\u00e1s recursos e informaci\u00f3n sobre sexualidad y educaci\u00f3n sexual. Descarga gu\u00edas y bibliograf\u00eda sobre educaci\u00f3n sexual para todas las edades.","robots":{"index":"index","follow":"follow","max-snippet":"max-snippet:-1","max-image-preview":"max-image-preview:large","max-video-preview":"max-video-preview:-1"},"canonical":"https:\/\/sexducacion.com\/cat\/recursos\/","og_locale":"ca_ES","og_type":"article","og_title":"Recursos | Sexducacion","og_description":"Aqu\u00ed encontrar\u00e1s recursos e informaci\u00f3n sobre sexualidad y educaci\u00f3n sexual. Descarga gu\u00edas y bibliograf\u00eda sobre educaci\u00f3n sexual para todas las edades.","og_url":"https:\/\/sexducacion.com\/cat\/recursos\/","og_site_name":"Sexducacion","article_modified_time":"2024-11-18T12:41:21+00:00","twitter_card":"summary_large_image","twitter_misc":{"Temps estimat de lectura":"1 minut"},"schema":{"@context":"https:\/\/schema.org","@graph":[{"@type":"WebPage","@id":"https:\/\/sexducacion.com\/recursos\/","url":"https:\/\/sexducacion.com\/recursos\/","name":"Recursos | Sexducacion","isPartOf":{"@id":"https:\/\/sexducacion.com\/#website"},"datePublished":"2022-06-09T16:43:23+00:00","dateModified":"2024-11-18T12:41:21+00:00","description":"Aqu\u00ed encontrar\u00e1s recursos e informaci\u00f3n sobre sexualidad y educaci\u00f3n sexual. Descarga gu\u00edas y bibliograf\u00eda sobre educaci\u00f3n sexual para todas las edades.","breadcrumb":{"@id":"https:\/\/sexducacion.com\/recursos\/#breadcrumb"},"inLanguage":"ca","potentialAction":[{"@type":"ReadAction","target":["https:\/\/sexducacion.com\/recursos\/"]}]},{"@type":"BreadcrumbList","@id":"https:\/\/sexducacion.com\/recursos\/#breadcrumb","itemListElement":[{"@type":"ListItem","position":1,"name":"Portada","item":"https:\/\/sexducacion.com\/"},{"@type":"ListItem","position":2,"name":"Recursos"}]},{"@type":"WebSite","@id":"https:\/\/sexducacion.com\/#website","url":"https:\/\/sexducacion.com\/","name":"Sexducacion","description":"Espacio online de educaci\u00f3n sexual dirigido a familias, profesionales y toda persona interesada en la educaci\u00f3n sexual.","publisher":{"@id":"https:\/\/sexducacion.com\/#organization"},"potentialAction":[{"@type":"SearchAction","target":{"@type":"EntryPoint","urlTemplate":"https:\/\/sexducacion.com\/?s={search_term_string}"},"query-input":{"@type":"PropertyValueSpecification","valueRequired":true,"valueName":"search_term_string"}}],"inLanguage":"ca"},{"@type":"Organization","@id":"https:\/\/sexducacion.com\/#organization","name":"Sexducacion","url":"https:\/\/sexducacion.com\/","logo":{"@type":"ImageObject","inLanguage":"ca","@id":"https:\/\/sexducacion.com\/#\/schema\/logo\/image\/","url":"https:\/\/sexducacion.com\/wp-content\/uploads\/2022\/06\/Logo-corazo\u0301n-fuerte.png","contentUrl":"https:\/\/sexducacion.com\/wp-content\/uploads\/2022\/06\/Logo-corazo\u0301n-fuerte.png","width":1819,"height":545,"caption":"Sexducacion"},"image":{"@id":"https:\/\/sexducacion.com\/#\/schema\/logo\/image\/"}}]}},"_links":{"self":[{"href":"https:\/\/sexducacion.com\/cat\/wp-json\/wp\/v2\/pages\/32","targetHints":{"allow":["GET"]}}],"collection":[{"href":"https:\/\/sexducacion.com\/cat\/wp-json\/wp\/v2\/pages"}],"about":[{"href":"https:\/\/sexducacion.com\/cat\/wp-json\/wp\/v2\/types\/page"}],"author":[{"embeddable":true,"href":"https:\/\/sexducacion.com\/cat\/wp-json\/wp\/v2\/users\/1"}],"replies":[{"embeddable":true,"href":"https:\/\/sexducacion.com\/cat\/wp-json\/wp\/v2\/comments?post=32"}],"version-history":[{"count":14,"href":"https:\/\/sexducacion.com\/cat\/wp-json\/wp\/v2\/pages\/32\/revisions"}],"predecessor-version":[{"id":16518,"href":"https:\/\/sexducacion.com\/cat\/wp-json\/wp\/v2\/pages\/32\/revisions\/16518"}],"wp:attachment":[{"href":"https:\/\/sexducacion.com\/cat\/wp-json\/wp\/v2\/media?parent=32"}],"curies":[{"name":"wp","href":"https:\/\/api.w.org\/{rel}","templated":true}]}}