{"id":12679,"date":"2022-06-14T14:46:50","date_gmt":"2022-06-14T14:46:50","guid":{"rendered":"http:\/\/sexducacion.com\/?page_id=12679"},"modified":"2023-10-17T11:04:45","modified_gmt":"2023-10-17T11:04:45","slug":"lupe-garcia","status":"publish","type":"page","link":"https:\/\/sexducacion.com\/cat\/lupe-garcia\/","title":{"rendered":"Lupe Garc\u00eda"},"content":{"rendered":"<div data-elementor-type=\"wp-page\" data-elementor-id=\"12679\" class=\"elementor elementor-12679\" data-elementor-post-type=\"page\">\n\t\t\t\t\t\t<section class=\"elementor-section elementor-top-section elementor-element elementor-element-8b54c52 elementor-section-full_width elementor-section-height-default elementor-section-height-default\" data-id=\"8b54c52\" data-element_type=\"section\" data-e-type=\"section\">\n\t\t\t\t\t\t<div class=\"elementor-container elementor-column-gap-no\">\n\t\t\t\t\t<div class=\"elementor-column elementor-col-50 elementor-top-column elementor-element elementor-element-ba63047\" data-id=\"ba63047\" data-element_type=\"column\" data-e-type=\"column\">\n\t\t\t<div class=\"elementor-widget-wrap elementor-element-populated\">\n\t\t\t\t\t\t<div class=\"elementor-element elementor-element-ed4d859 elementor-widget elementor-widget-image\" data-id=\"ed4d859\" data-element_type=\"widget\" data-e-type=\"widget\" data-widget_type=\"image.default\">\n\t\t\t\t<div class=\"elementor-widget-container\">\n\t\t\t\t\t\t\t\t\t\t\t\t\t\t\t<img fetchpriority=\"high\" decoding=\"async\" width=\"1200\" height=\"1800\" src=\"https:\/\/sexducacion.com\/wp-content\/uploads\/2022\/06\/Lupe-web.jpeg\" class=\"attachment-full size-full wp-image-12682\" alt=\"\" srcset=\"https:\/\/sexducacion.com\/wp-content\/uploads\/2022\/06\/Lupe-web.jpeg 1200w, https:\/\/sexducacion.com\/wp-content\/uploads\/2022\/06\/Lupe-web-200x300.jpeg 200w, https:\/\/sexducacion.com\/wp-content\/uploads\/2022\/06\/Lupe-web-683x1024.jpeg 683w, https:\/\/sexducacion.com\/wp-content\/uploads\/2022\/06\/Lupe-web-768x1152.jpeg 768w, https:\/\/sexducacion.com\/wp-content\/uploads\/2022\/06\/Lupe-web-1024x1536.jpeg 1024w, https:\/\/sexducacion.com\/wp-content\/uploads\/2022\/06\/Lupe-web-8x12.jpeg 8w\" sizes=\"(max-width: 1200px) 100vw, 1200px\" \/>\t\t\t\t\t\t\t\t\t\t\t\t\t\t\t<\/div>\n\t\t\t\t<\/div>\n\t\t\t\t\t<\/div>\n\t\t<\/div>\n\t\t\t\t<div class=\"elementor-column elementor-col-50 elementor-top-column elementor-element elementor-element-02b3da6\" data-id=\"02b3da6\" data-element_type=\"column\" data-e-type=\"column\">\n\t\t\t<div class=\"elementor-widget-wrap elementor-element-populated\">\n\t\t\t\t\t\t<div class=\"elementor-element elementor-element-69d64e5 elementor-widget elementor-widget-heading\" data-id=\"69d64e5\" data-element_type=\"widget\" data-e-type=\"widget\" data-widget_type=\"heading.default\">\n\t\t\t\t<div class=\"elementor-widget-container\">\n\t\t\t\t\t<h1 class=\"elementor-heading-title elementor-size-default\">Lupe Garc\u00eda<\/h1>\t\t\t\t<\/div>\n\t\t\t\t<\/div>\n\t\t\t\t<div class=\"elementor-element elementor-element-5cabb2f elementor-widget elementor-widget-text-editor\" data-id=\"5cabb2f\" data-element_type=\"widget\" data-e-type=\"widget\" data-widget_type=\"text-editor.default\">\n\t\t\t\t<div class=\"elementor-widget-container\">\n\t\t\t\t\t\t\t\t\t<p>Hola, s\u00f3c Lupe, fundadora i directora de Sexducacio.<\/p><p><strong>S\u00f3c Diplomada en Treball Social i Educaci\u00f3 per la Universitat de Salamanca, M\u00e0ster en Sexologia per la Universitat Camilo Jos\u00e9 Cela de Madrid (IUNIVES) i Monitora d'Educaci\u00f3 Sexual per la Fundaci\u00f3 SEXPOL.<\/strong><\/p><p>Treballo\u00a0<strong>assessorant centres educatius<\/strong>\u00a0que desitgen implementar la\u00a0<strong>COEDUCACI\u00d3<\/strong>\u00a0a l'escola i facilito formacions diverses en mat\u00e8ria de\u00a0<strong>EDUCACI\u00d3 SEXUAL.\u00a0<\/strong><\/p><p>La meva traject\u00f2ria professional va comen\u00e7ar al\u00a0<strong>Institut de la Dona<\/strong>, a Madrid, l'any 1997. Aquest inici em va marcar meravellosament, obrint-me al feminisme, que em va permetre canviar la meva mirada al m\u00f3n.<\/p><p>Vaig treballar com a\u00a0<strong>Educadora Social<\/strong>\u00a0durant 8 anys als\u00a0<strong>Serveis Socials d'atenci\u00f3 prim\u00e0ria<\/strong>\u00a0del Barri de la Mina, a l'Ajuntament de Sant Adri\u00e0 de Bes\u00f2s (Barcelona)<\/p><p>El 2008 vaig decidir donar un canvi a la meva vida i vaig apostar 100% per crear un\u00a0<strong>treball aut\u00f2nom<\/strong>\u00a0que centr\u00e9s les meves energies en el m\u00f3n de la\u00a0<strong>educaci\u00f3 i la sexologia.<\/strong><\/p><p>Actualment treballo com\u00a0<strong>a formadora<\/strong>\u00a0impartint tallers deducaci\u00f3 sexual per a fam\u00edlies, professorat i professionals de l\u00e0mbit socioeducatiu i de la salut.<\/p><p>Tamb\u00e9 imparteixo\u00a0<strong>tallers de sexualitat per a dones<\/strong>\u00a0que desitgen con\u00e8ixer-se millor, estimar-se i aprofundir en la seva sexualitat.<\/p><p>He impartit classes al Grau d'Educaci\u00f3 Social, on vaig treballar com\u00a0<strong>a professora associada<\/strong>\u00a0de la\u00a0<strong>Universitat de Barcelona durant el curs acad\u00e8mic 2016-2017.<\/strong><\/p>\t\t\t\t\t\t\t\t<\/div>\n\t\t\t\t<\/div>\n\t\t\t\t\t<\/div>\n\t\t<\/div>\n\t\t\t\t\t<\/div>\n\t\t<\/section>\n\t\t\t\t<section class=\"elementor-section elementor-top-section elementor-element elementor-element-99e17b6 elementor-section-boxed elementor-section-height-default elementor-section-height-default\" data-id=\"99e17b6\" data-element_type=\"section\" data-e-type=\"section\">\n\t\t\t\t\t\t<div class=\"elementor-container elementor-column-gap-default\">\n\t\t\t\t\t<div class=\"elementor-column elementor-col-100 elementor-top-column elementor-element elementor-element-bf94d4f\" data-id=\"bf94d4f\" data-element_type=\"column\" data-e-type=\"column\">\n\t\t\t<div class=\"elementor-widget-wrap elementor-element-populated\">\n\t\t\t\t\t\t<div class=\"elementor-element elementor-element-5152df8 elementor-widget elementor-widget-text-editor\" data-id=\"5152df8\" data-element_type=\"widget\" data-e-type=\"widget\" data-widget_type=\"text-editor.default\">\n\t\t\t\t<div class=\"elementor-widget-container\">\n\t\t\t\t\t\t\t\t\t<p>S\u00f3c\u00a0<strong>autora<\/strong>\u00a0de diversos articles sobre Educaci\u00f3 Social i\u00a0<strong>coautora<\/strong>\u00a0de\u00a0<a href=\"http:\/\/www.inmujer.gob.es\/areasTematicas\/educacion\/programas\/docs\/CeapaCuentosCoeducar.pdf\"><strong>\u201cContes per coeducar\u201d,<\/strong>\u00a0<\/a>publicat per CEAPA el 2012.<\/p><p>Col\u00b7laboro amb la Fundaci\u00f3 NouXamfr\u00e0, a l'Escola Taller Sant Miquel, especialitzada en\u00a0<strong>persones amb Diversitat Funcional<\/strong>, assessorant i impartint formaci\u00f3 sobre educaci\u00f3 sexual a fam\u00edlies, professorat i alumnat.<\/p><p><b>El curs 2017-2018 vaig comen\u00e7ar a col\u00b7laborar amb l'Escola Municipal d'Educaci\u00f3 Especial, Virolai de Cornell\u00e0 de Llobregat amb el projecte d'educaci\u00f3 sexual \"Jo tamb\u00e9 desitjo\".\u00a0<\/b><\/p><p><span style=\"font-style: inherit; font-weight: inherit; background-color: var(--ast-global-color-5);\">D'unir les meves dues passions: l'amor a l'educaci\u00f3 i al m\u00f3n\u00a0<\/span><b style=\"font-style: inherit; background-color: var(--ast-global-color-5);\">de la sexologia,\u00a0<\/b><span style=\"font-style: inherit; font-weight: inherit; background-color: var(--ast-global-color-5);\">sorgeix\u00a0<\/span><strong style=\"font-style: inherit; background-color: var(--ast-global-color-5);\"><a href=\"https:\/\/sexducacion.com\/cat\/\" target=\"_blank\" rel=\"noopener noreferrer\" data-saferedirecturl=\"https:\/\/www.google.com\/url?q=http:\/\/SEXDUCACION.COM&amp;source=gmail&amp;ust=1557782335179000&amp;usg=AFQjCNEFMcsTJ4qBHXFzouXDi25Wm6P6kw\">SEXDUCACION.COM<\/a><\/strong><span style=\"font-style: inherit; font-weight: inherit; background-color: var(--ast-global-color-5);\">\u00a0una associaci\u00f3 dedicada a la\u00a0<\/span><strong style=\"font-style: inherit; background-color: var(--ast-global-color-5);\">formaci\u00f3 i prevenci\u00f3 de la viol\u00e8ncia de g\u00e8nere<\/strong><span style=\"font-style: inherit; font-weight: inherit; background-color: var(--ast-global-color-5);\">, el foment de la<\/span><strong style=\"font-style: inherit; background-color: var(--ast-global-color-5);\">\u00a0coeducaci\u00f3 a les escoles<\/strong><span style=\"font-style: inherit; font-weight: inherit; background-color: var(--ast-global-color-5);\">\u00a0i la\u00a0<\/span><strong style=\"font-style: inherit; background-color: var(--ast-global-color-5);\">educaci\u00f3 sexual<\/strong><span style=\"font-style: inherit; font-weight: inherit; background-color: var(--ast-global-color-5);\">\u00a0en totes les ambicions de la vida.<\/span><\/p><p>Tengo\u00a0<strong>consultes privades a Barcelona i Madrid<\/strong>\u00a0Tens coneixements de sexologia individual, de parella i familiaritat amb persones que volen millorar la teva vida sexual o que tenen dificultats amb la teva vida sexual.<\/p><p>Si voleu sol\u00b7licitar una consulta, podeu posar-vos en contacte amb un correu a:\u00a0<a href=\"mailto:sexducacion@sexducacion.com\">sexducacion@sexducacion.com<\/a><\/p>\t\t\t\t\t\t\t\t<\/div>\n\t\t\t\t<\/div>\n\t\t\t\t\t<\/div>\n\t\t<\/div>\n\t\t\t\t\t<\/div>\n\t\t<\/section>\n\t\t\t\t<\/div>","protected":false},"excerpt":{"rendered":"<p>Lupe Garc\u00eda Hola, soy Lupe, fundadora y directora de Sexducacion. Coordinadora del \u00e1rea de asesoramiento sexol\u00f3gico. Soy Diplomada en Trabajo Social y Educaci\u00f3n por la Universidad de Salamanca, M\u00e1ster en Sexolog\u00eda por la Universidad Camilo Jos\u00e9 Cela de Madrid (IUNIVES)\u00a0 y Monitora de Educaci\u00f3n Sexual por la Fundaci\u00f3n SEXPOL. Trabajo\u00a0asesorando a centros educativos\u00a0que desean implementar [&hellip;]<\/p>\n","protected":false},"author":1,"featured_media":0,"parent":0,"menu_order":0,"comment_status":"closed","ping_status":"closed","template":"","meta":{"_acf_changed":false,"site-sidebar-layout":"no-sidebar","site-content-layout":"page-builder","ast-site-content-layout":"default","site-content-style":"default","site-sidebar-style":"default","ast-global-header-display":"","ast-banner-title-visibility":"","ast-main-header-display":"","ast-hfb-above-header-display":"","ast-hfb-below-header-display":"","ast-hfb-mobile-header-display":"","site-post-title":"disabled","ast-breadcrumbs-content":"","ast-featured-img":"disabled","footer-sml-layout":"","ast-disable-related-posts":"","theme-transparent-header-meta":"","adv-header-id-meta":"","stick-header-meta":"","header-above-stick-meta":"","header-main-stick-meta":"","header-below-stick-meta":"","astra-migrate-meta-layouts":"default","ast-page-background-enabled":"default","ast-page-background-meta":{"desktop":{"background-color":"var(--ast-global-color-4)","background-image":"","background-repeat":"repeat","background-position":"center center","background-size":"auto","background-attachment":"scroll","background-type":"","background-media":"","overlay-type":"","overlay-color":"","overlay-opacity":"","overlay-gradient":""},"tablet":{"background-color":"","background-image":"","background-repeat":"repeat","background-position":"center center","background-size":"auto","background-attachment":"scroll","background-type":"","background-media":"","overlay-type":"","overlay-color":"","overlay-opacity":"","overlay-gradient":""},"mobile":{"background-color":"","background-image":"","background-repeat":"repeat","background-position":"center center","background-size":"auto","background-attachment":"scroll","background-type":"","background-media":"","overlay-type":"","overlay-color":"","overlay-opacity":"","overlay-gradient":""}},"ast-content-background-meta":{"desktop":{"background-color":"var(--ast-global-color-5)","background-image":"","background-repeat":"repeat","background-position":"center center","background-size":"auto","background-attachment":"scroll","background-type":"","background-media":"","overlay-type":"","overlay-color":"","overlay-opacity":"","overlay-gradient":""},"tablet":{"background-color":"var(--ast-global-color-5)","background-image":"","background-repeat":"repeat","background-position":"center center","background-size":"auto","background-attachment":"scroll","background-type":"","background-media":"","overlay-type":"","overlay-color":"","overlay-opacity":"","overlay-gradient":""},"mobile":{"background-color":"var(--ast-global-color-5)","background-image":"","background-repeat":"repeat","background-position":"center center","background-size":"auto","background-attachment":"scroll","background-type":"","background-media":"","overlay-type":"","overlay-color":"","overlay-opacity":"","overlay-gradient":""}},"footnotes":""},"class_list":["post-12679","page","type-page","status-publish","hentry"],"acf":[],"yoast_head":"<!-- This site is optimized with the Yoast SEO plugin v27.3 - https:\/\/yoast.com\/product\/yoast-seo-wordpress\/ -->\n<title>Lupe Garc\u00eda | Sexducacion<\/title>\n<meta name=\"robots\" content=\"index, follow, max-snippet:-1, max-image-preview:large, max-video-preview:-1\" \/>\n<link rel=\"canonical\" href=\"https:\/\/sexducacion.com\/cat\/lupe-garcia\/\" \/>\n<meta property=\"og:locale\" content=\"ca_ES\" \/>\n<meta property=\"og:type\" content=\"article\" \/>\n<meta property=\"og:title\" content=\"Lupe Garc\u00eda | Sexducacion\" \/>\n<meta property=\"og:description\" content=\"Lupe Garc\u00eda Hola, soy Lupe, fundadora y directora de Sexducacion. Coordinadora del \u00e1rea de asesoramiento sexol\u00f3gico. Soy Diplomada en Trabajo Social y Educaci\u00f3n por la Universidad de Salamanca, M\u00e1ster en Sexolog\u00eda por la Universidad Camilo Jos\u00e9 Cela de Madrid (IUNIVES)\u00a0 y Monitora de Educaci\u00f3n Sexual por la Fundaci\u00f3n SEXPOL. Trabajo\u00a0asesorando a centros educativos\u00a0que desean implementar [&hellip;]\" \/>\n<meta property=\"og:url\" content=\"https:\/\/sexducacion.com\/cat\/lupe-garcia\/\" \/>\n<meta property=\"og:site_name\" content=\"Sexducacion\" \/>\n<meta property=\"article:modified_time\" content=\"2023-10-17T11:04:45+00:00\" \/>\n<meta property=\"og:image\" content=\"https:\/\/sexducacion.com\/wp-content\/uploads\/2022\/06\/Lupe-web.jpeg\" \/>\n<meta name=\"twitter:card\" content=\"summary_large_image\" \/>\n<meta name=\"twitter:label1\" content=\"Temps estimat de lectura\" \/>\n\t<meta name=\"twitter:data1\" content=\"3 minuts\" \/>\n<script type=\"application\/ld+json\" class=\"yoast-schema-graph\">{\"@context\":\"https:\\\/\\\/schema.org\",\"@graph\":[{\"@type\":\"WebPage\",\"@id\":\"https:\\\/\\\/sexducacion.com\\\/lupe-garcia\\\/\",\"url\":\"https:\\\/\\\/sexducacion.com\\\/lupe-garcia\\\/\",\"name\":\"Lupe Garc\u00eda | Sexducacion\",\"isPartOf\":{\"@id\":\"https:\\\/\\\/sexducacion.com\\\/#website\"},\"primaryImageOfPage\":{\"@id\":\"https:\\\/\\\/sexducacion.com\\\/lupe-garcia\\\/#primaryimage\"},\"image\":{\"@id\":\"https:\\\/\\\/sexducacion.com\\\/lupe-garcia\\\/#primaryimage\"},\"thumbnailUrl\":\"https:\\\/\\\/sexducacion.com\\\/wp-content\\\/uploads\\\/2022\\\/06\\\/Lupe-web.jpeg\",\"datePublished\":\"2022-06-14T14:46:50+00:00\",\"dateModified\":\"2023-10-17T11:04:45+00:00\",\"breadcrumb\":{\"@id\":\"https:\\\/\\\/sexducacion.com\\\/lupe-garcia\\\/#breadcrumb\"},\"inLanguage\":\"ca\",\"potentialAction\":[{\"@type\":\"ReadAction\",\"target\":[\"https:\\\/\\\/sexducacion.com\\\/lupe-garcia\\\/\"]}]},{\"@type\":\"ImageObject\",\"inLanguage\":\"ca\",\"@id\":\"https:\\\/\\\/sexducacion.com\\\/lupe-garcia\\\/#primaryimage\",\"url\":\"https:\\\/\\\/sexducacion.com\\\/wp-content\\\/uploads\\\/2022\\\/06\\\/Lupe-web.jpeg\",\"contentUrl\":\"https:\\\/\\\/sexducacion.com\\\/wp-content\\\/uploads\\\/2022\\\/06\\\/Lupe-web.jpeg\"},{\"@type\":\"BreadcrumbList\",\"@id\":\"https:\\\/\\\/sexducacion.com\\\/lupe-garcia\\\/#breadcrumb\",\"itemListElement\":[{\"@type\":\"ListItem\",\"position\":1,\"name\":\"Portada\",\"item\":\"https:\\\/\\\/sexducacion.com\\\/\"},{\"@type\":\"ListItem\",\"position\":2,\"name\":\"Lupe Garc\u00eda\"}]},{\"@type\":\"WebSite\",\"@id\":\"https:\\\/\\\/sexducacion.com\\\/#website\",\"url\":\"https:\\\/\\\/sexducacion.com\\\/\",\"name\":\"Sexducacion\",\"description\":\"Espacio online de educaci\u00f3n sexual dirigido a familias, profesionales y toda persona interesada en la educaci\u00f3n sexual.\",\"publisher\":{\"@id\":\"https:\\\/\\\/sexducacion.com\\\/#organization\"},\"potentialAction\":[{\"@type\":\"SearchAction\",\"target\":{\"@type\":\"EntryPoint\",\"urlTemplate\":\"https:\\\/\\\/sexducacion.com\\\/?s={search_term_string}\"},\"query-input\":{\"@type\":\"PropertyValueSpecification\",\"valueRequired\":true,\"valueName\":\"search_term_string\"}}],\"inLanguage\":\"ca\"},{\"@type\":\"Organization\",\"@id\":\"https:\\\/\\\/sexducacion.com\\\/#organization\",\"name\":\"Sexducacion\",\"url\":\"https:\\\/\\\/sexducacion.com\\\/\",\"logo\":{\"@type\":\"ImageObject\",\"inLanguage\":\"ca\",\"@id\":\"https:\\\/\\\/sexducacion.com\\\/#\\\/schema\\\/logo\\\/image\\\/\",\"url\":\"https:\\\/\\\/sexducacion.com\\\/wp-content\\\/uploads\\\/2022\\\/06\\\/Logo-corazo\u0301n-fuerte.png\",\"contentUrl\":\"https:\\\/\\\/sexducacion.com\\\/wp-content\\\/uploads\\\/2022\\\/06\\\/Logo-corazo\u0301n-fuerte.png\",\"width\":1819,\"height\":545,\"caption\":\"Sexducacion\"},\"image\":{\"@id\":\"https:\\\/\\\/sexducacion.com\\\/#\\\/schema\\\/logo\\\/image\\\/\"}}]}<\/script>\n<!-- \/ Yoast SEO plugin. -->","yoast_head_json":{"title":"Lupe Garc\u00eda | Sexducacion","robots":{"index":"index","follow":"follow","max-snippet":"max-snippet:-1","max-image-preview":"max-image-preview:large","max-video-preview":"max-video-preview:-1"},"canonical":"https:\/\/sexducacion.com\/cat\/lupe-garcia\/","og_locale":"ca_ES","og_type":"article","og_title":"Lupe Garc\u00eda | Sexducacion","og_description":"Lupe Garc\u00eda Hola, soy Lupe, fundadora y directora de Sexducacion. Coordinadora del \u00e1rea de asesoramiento sexol\u00f3gico. Soy Diplomada en Trabajo Social y Educaci\u00f3n por la Universidad de Salamanca, M\u00e1ster en Sexolog\u00eda por la Universidad Camilo Jos\u00e9 Cela de Madrid (IUNIVES)\u00a0 y Monitora de Educaci\u00f3n Sexual por la Fundaci\u00f3n SEXPOL. Trabajo\u00a0asesorando a centros educativos\u00a0que desean implementar [&hellip;]","og_url":"https:\/\/sexducacion.com\/cat\/lupe-garcia\/","og_site_name":"Sexducacion","article_modified_time":"2023-10-17T11:04:45+00:00","og_image":[{"url":"https:\/\/sexducacion.com\/wp-content\/uploads\/2022\/06\/Lupe-web.jpeg","type":"","width":"","height":""}],"twitter_card":"summary_large_image","twitter_misc":{"Temps estimat de lectura":"3 minuts"},"schema":{"@context":"https:\/\/schema.org","@graph":[{"@type":"WebPage","@id":"https:\/\/sexducacion.com\/lupe-garcia\/","url":"https:\/\/sexducacion.com\/lupe-garcia\/","name":"Lupe Garc\u00eda | Sexducacion","isPartOf":{"@id":"https:\/\/sexducacion.com\/#website"},"primaryImageOfPage":{"@id":"https:\/\/sexducacion.com\/lupe-garcia\/#primaryimage"},"image":{"@id":"https:\/\/sexducacion.com\/lupe-garcia\/#primaryimage"},"thumbnailUrl":"https:\/\/sexducacion.com\/wp-content\/uploads\/2022\/06\/Lupe-web.jpeg","datePublished":"2022-06-14T14:46:50+00:00","dateModified":"2023-10-17T11:04:45+00:00","breadcrumb":{"@id":"https:\/\/sexducacion.com\/lupe-garcia\/#breadcrumb"},"inLanguage":"ca","potentialAction":[{"@type":"ReadAction","target":["https:\/\/sexducacion.com\/lupe-garcia\/"]}]},{"@type":"ImageObject","inLanguage":"ca","@id":"https:\/\/sexducacion.com\/lupe-garcia\/#primaryimage","url":"https:\/\/sexducacion.com\/wp-content\/uploads\/2022\/06\/Lupe-web.jpeg","contentUrl":"https:\/\/sexducacion.com\/wp-content\/uploads\/2022\/06\/Lupe-web.jpeg"},{"@type":"BreadcrumbList","@id":"https:\/\/sexducacion.com\/lupe-garcia\/#breadcrumb","itemListElement":[{"@type":"ListItem","position":1,"name":"Portada","item":"https:\/\/sexducacion.com\/"},{"@type":"ListItem","position":2,"name":"Lupe Garc\u00eda"}]},{"@type":"WebSite","@id":"https:\/\/sexducacion.com\/#website","url":"https:\/\/sexducacion.com\/","name":"Sexducacion","description":"Espacio online de educaci\u00f3n sexual dirigido a familias, profesionales y toda persona interesada en la educaci\u00f3n sexual.","publisher":{"@id":"https:\/\/sexducacion.com\/#organization"},"potentialAction":[{"@type":"SearchAction","target":{"@type":"EntryPoint","urlTemplate":"https:\/\/sexducacion.com\/?s={search_term_string}"},"query-input":{"@type":"PropertyValueSpecification","valueRequired":true,"valueName":"search_term_string"}}],"inLanguage":"ca"},{"@type":"Organization","@id":"https:\/\/sexducacion.com\/#organization","name":"Sexducacion","url":"https:\/\/sexducacion.com\/","logo":{"@type":"ImageObject","inLanguage":"ca","@id":"https:\/\/sexducacion.com\/#\/schema\/logo\/image\/","url":"https:\/\/sexducacion.com\/wp-content\/uploads\/2022\/06\/Logo-corazo\u0301n-fuerte.png","contentUrl":"https:\/\/sexducacion.com\/wp-content\/uploads\/2022\/06\/Logo-corazo\u0301n-fuerte.png","width":1819,"height":545,"caption":"Sexducacion"},"image":{"@id":"https:\/\/sexducacion.com\/#\/schema\/logo\/image\/"}}]}},"_links":{"self":[{"href":"https:\/\/sexducacion.com\/cat\/wp-json\/wp\/v2\/pages\/12679","targetHints":{"allow":["GET"]}}],"collection":[{"href":"https:\/\/sexducacion.com\/cat\/wp-json\/wp\/v2\/pages"}],"about":[{"href":"https:\/\/sexducacion.com\/cat\/wp-json\/wp\/v2\/types\/page"}],"author":[{"embeddable":true,"href":"https:\/\/sexducacion.com\/cat\/wp-json\/wp\/v2\/users\/1"}],"replies":[{"embeddable":true,"href":"https:\/\/sexducacion.com\/cat\/wp-json\/wp\/v2\/comments?post=12679"}],"version-history":[{"count":28,"href":"https:\/\/sexducacion.com\/cat\/wp-json\/wp\/v2\/pages\/12679\/revisions"}],"predecessor-version":[{"id":16207,"href":"https:\/\/sexducacion.com\/cat\/wp-json\/wp\/v2\/pages\/12679\/revisions\/16207"}],"wp:attachment":[{"href":"https:\/\/sexducacion.com\/cat\/wp-json\/wp\/v2\/media?parent=12679"}],"curies":[{"name":"wp","href":"https:\/\/api.w.org\/{rel}","templated":true}]}}